{"id":3194,"date":"2023-08-30T13:19:11","date_gmt":"2023-08-30T10:19:11","guid":{"rendered":"https:\/\/www.wooddoor.lv\/?page_id=3194"},"modified":"2024-09-30T17:44:41","modified_gmt":"2024-09-30T14:44:41","slug":"contact","status":"publish","type":"page","link":"https:\/\/wooddoor.lv\/ru\/contact\/","title":{"rendered":"\u041a\u043e\u043d\u0442\u0430\u043a\u0442\u044b"},"content":{"rendered":"<div data-elementor-type=\"wp-page\" data-elementor-id=\"3194\" class=\"elementor elementor-3194\" data-elementor-post-type=\"page\">\n\t\t\t\t<div class=\"wd-negative-gap elementor-element elementor-element-858d51c e-flex e-con-boxed e-con e-parent\" data-id=\"858d51c\" data-element_type=\"container\">\n\t\t\t\t\t<div class=\"e-con-inner\">\n\t\t<div class=\"wd-negative-gap elementor-element elementor-element-23efe31 e-flex e-con-boxed e-con e-child\" data-id=\"23efe31\" data-element_type=\"container\">\n\t\t\t\t\t<div class=\"e-con-inner\">\n\t\t\t\t<div class=\"elementor-element elementor-element-2a00689 wd-width-100 elementor-widget elementor-widget-wd_title\" data-id=\"2a00689\" data-element_type=\"widget\" data-widget_type=\"wd_title.default\">\n\t\t\t\t<div class=\"elementor-widget-container\">\n\t\t\t\t\t<div class=\"title-wrapper set-mb-s reset-last-child wd-title-color-default wd-title-style-default wd-title-size-default text-left\">\n\n\t\t\t\n\t\t\t<div class=\"liner-continer\">\n\t\t\t\t<h2 class=\"woodmart-title-container title wd-fontsize-l\">\u0421\u0432\u044f\u0436\u0438\u0442\u0435\u0441\u044c \u0441 \u043d\u0430\u043c\u0438<\/h2> \n\t\t\t\t\t\t\t<\/div>\n\n\t\t\t\t\t<\/div>\n\t\t\t\t<\/div>\n\t\t\t\t<\/div>\n\t\t\t\t<div class=\"elementor-element elementor-element-5efcae8 elementor-view-stacked elementor-shape-square elementor-position-left elementor-vertical-align-middle elementor-mobile-position-left elementor-widget elementor-widget-icon-box\" data-id=\"5efcae8\" data-element_type=\"widget\" data-widget_type=\"icon-box.default\">\n\t\t\t\t<div class=\"elementor-widget-container\">\n\t\t\t\t\t<div class=\"elementor-icon-box-wrapper\">\n\n\t\t\t\t\t\t<div class=\"elementor-icon-box-icon\">\n\t\t\t\t<span  class=\"elementor-icon elementor-animation-\">\n\t\t\t\t<svg xmlns=\"http:\/\/www.w3.org\/2000\/svg\" xmlns:xlink=\"http:\/\/www.w3.org\/1999\/xlink\" id=\"Layer_1\" x=\"0px\" y=\"0px\" viewbox=\"0 0 100.353 100.352\" style=\"enable-background:new 0 0 100.353 100.352;\" xml:space=\"preserve\"> <g> <path d=\"M58.23,69.992l14.993-24.108c0.049-0.078,0.09-0.16,0.122-0.245c2.589-4.222,3.956-9.045,3.956-13.969 c0-14.772-12.018-26.79-26.79-26.79S23.72,16.898,23.72,31.67c0,4.925,1.369,9.75,3.96,13.975c0.03,0.074,0.065,0.146,0.107,0.216 l14.455,24.191c-11.221,1.586-18.6,6.2-18.6,11.797c0,6.935,11.785,12.366,26.829,12.366S77.3,88.783,77.3,81.849 C77.301,76.226,69.578,71.509,58.23,69.992z M30.373,44.294c-2.39-3.804-3.653-8.169-3.653-12.624 c0-13.118,10.672-23.79,23.791-23.79c13.118,0,23.79,10.672,23.79,23.79c0,4.457-1.263,8.822-3.652,12.624 c-0.05,0.08-0.091,0.163-0.124,0.249L54.685,70.01c-0.238,0.365-0.285,0.448-0.576,0.926l-4,6.432L30.507,44.564 C30.472,44.471,30.427,44.38,30.373,44.294z M50.472,91.215c-14.043,0-23.829-4.937-23.829-9.366c0-4.02,7.37-7.808,17.283-8.981 l4.87,8.151c0.269,0.449,0.751,0.726,1.274,0.73c0.004,0,0.009,0,0.013,0c0.518,0,1-0.268,1.274-0.708l5.12-8.232 C66.548,73.9,74.3,77.784,74.3,81.849C74.301,86.279,64.515,91.215,50.472,91.215z\"><\/path> <path d=\"M60.213,31.67c0-5.371-4.37-9.741-9.741-9.741s-9.741,4.37-9.741,9.741s4.37,9.741,9.741,9.741 C55.843,41.411,60.213,37.041,60.213,31.67z M43.731,31.67c0-3.717,3.024-6.741,6.741-6.741s6.741,3.024,6.741,6.741 s-3.023,6.741-6.741,6.741S43.731,35.387,43.731,31.67z\"><\/path> <\/g> <\/svg>\t\t\t\t<\/span>\n\t\t\t<\/div>\n\t\t\t\n\t\t\t\t\t\t<div class=\"elementor-icon-box-content\">\n\n\t\t\t\t\t\t\t\t\t<span class=\"elementor-icon-box-title\">\n\t\t\t\t\t\t<span  >\n\t\t\t\t\t\t\tKrustpils iela 69a, Latgales priek\u0161pils\u0113ta, R\u012bga, Latvia, LV-1057\t\t\t\t\t\t<\/span>\n\t\t\t\t\t<\/span>\n\t\t\t\t\n\t\t\t\t\n\t\t\t<\/div>\n\t\t\t\n\t\t<\/div>\n\t\t\t\t<\/div>\n\t\t\t\t<\/div>\n\t\t\t\t<div class=\"elementor-element elementor-element-d596e54 elementor-view-stacked elementor-shape-square elementor-position-left elementor-vertical-align-middle elementor-mobile-position-left elementor-widget elementor-widget-icon-box\" data-id=\"d596e54\" data-element_type=\"widget\" data-widget_type=\"icon-box.default\">\n\t\t\t\t<div class=\"elementor-widget-container\">\n\t\t\t\t\t<div class=\"elementor-icon-box-wrapper\">\n\n\t\t\t\t\t\t<div class=\"elementor-icon-box-icon\">\n\t\t\t\t<a href=\"tel:+37120033547\" class=\"elementor-icon elementor-animation-\" tabindex=\"-1\">\n\t\t\t\t<svg xmlns=\"http:\/\/www.w3.org\/2000\/svg\" xmlns:xlink=\"http:\/\/www.w3.org\/1999\/xlink\" id=\"Layer_1\" x=\"0px\" y=\"0px\" viewbox=\"0 0 100.353 100.352\" style=\"enable-background:new 0 0 100.353 100.352;\" xml:space=\"preserve\"> <path d=\"M39.514,85.637c3.975,2.226,7.89,3.344,11.537,3.344c3.053-0.001,5.918-0.785,8.468-2.359l9.399-5.798 c0.339-0.209,0.581-0.543,0.673-0.931c0.092-0.387,0.025-0.795-0.184-1.134L61.26,65.555c-0.209-0.338-0.544-0.58-0.931-0.672 c-0.39-0.091-0.796-0.025-1.134,0.184l-9.47,5.845c-1.456,0.898-3.324,1.185-5.121,0.79c-1.797-0.396-3.331-1.438-4.209-2.862 L27.524,47.981c-1.861-3.016-0.923-6.984,2.091-8.845c0,0,0.001,0,0.001-0.001l9.829-6.068c0.705-0.435,0.923-1.359,0.488-2.064 l-8.148-13.201c-0.435-0.705-1.36-0.926-2.064-0.489L19.9,23.375C8.954,30.131,9.338,47.866,20.836,66.504 C26.107,75.05,32.741,81.845,39.514,85.637z M21.477,25.927l8.544-5.273l6.573,10.648l-8.553,5.28 c-0.002,0.001-0.003,0.002-0.004,0.003c-4.418,2.731-5.794,8.548-3.065,12.97l12.871,20.858c1.301,2.111,3.531,3.648,6.117,4.218 c2.551,0.559,5.228,0.136,7.341-1.168l8.193-5.057l6.572,10.65l-8.123,5.011c-5.932,3.66-12.499,1.45-16.963-1.049 c-6.335-3.548-12.583-9.972-17.591-18.09C12.819,47.794,12.033,31.756,21.477,25.927z\"><\/path> <path d=\"M49.58,33.552c4.854,0.287,9.15,2.781,11.788,6.844c2.522,3.872,3.129,8.617,1.664,13.019 c-0.262,0.786,0.163,1.636,0.949,1.896c0.157,0.053,0.316,0.077,0.474,0.077c0.629,0,1.214-0.397,1.423-1.026 c1.756-5.274,1.028-10.962-1.995-15.602c-3.114-4.798-8.396-7.865-14.126-8.204c-0.835-0.035-1.537,0.582-1.586,1.409 C48.122,32.793,48.753,33.503,49.58,33.552z\"><\/path> <path d=\"M51.68,22.418c7.86,0.903,14.837,5.216,19.142,11.831c4.171,6.413,5.353,14.309,3.242,21.664 c-0.229,0.797,0.231,1.627,1.027,1.855c0.139,0.04,0.277,0.059,0.415,0.059c0.651,0,1.252-0.429,1.44-1.086 c2.351-8.191,1.035-16.986-3.61-24.128c-4.794-7.367-12.562-12.169-21.314-13.175c-0.807-0.095-1.566,0.496-1.661,1.319 S50.856,22.323,51.68,22.418z\"><\/path> <path d=\"M53.731,12.612C64.17,14.063,73.452,19.963,79.198,28.8c5.629,8.647,7.317,19.327,4.633,29.301 c-0.216,0.8,0.259,1.623,1.059,1.838c0.13,0.035,0.262,0.052,0.391,0.052c0.661,0,1.268-0.44,1.447-1.11 c2.906-10.796,1.078-22.357-5.015-31.717c-6.22-9.565-16.268-15.952-27.567-17.523c-0.817-0.109-1.579,0.458-1.692,1.279 C52.339,11.74,52.911,12.498,53.731,12.612z\"><\/path> <\/svg>\t\t\t\t<\/a>\n\t\t\t<\/div>\n\t\t\t\n\t\t\t\t\t\t<div class=\"elementor-icon-box-content\">\n\n\t\t\t\t\t\t\t\t\t<span class=\"elementor-icon-box-title\">\n\t\t\t\t\t\t<a href=\"tel:+37120033547\" >\n\t\t\t\t\t\t\t+ 371 20 033 547\t\t\t\t\t\t<\/a>\n\t\t\t\t\t<\/span>\n\t\t\t\t\n\t\t\t\t\n\t\t\t<\/div>\n\t\t\t\n\t\t<\/div>\n\t\t\t\t<\/div>\n\t\t\t\t<\/div>\n\t\t\t\t<div class=\"elementor-element elementor-element-4ed3c25 elementor-view-stacked elementor-shape-square elementor-position-left elementor-vertical-align-middle elementor-mobile-position-left elementor-widget elementor-widget-icon-box\" data-id=\"4ed3c25\" data-element_type=\"widget\" data-widget_type=\"icon-box.default\">\n\t\t\t\t<div class=\"elementor-widget-container\">\n\t\t\t\t\t<div class=\"elementor-icon-box-wrapper\">\n\n\t\t\t\t\t\t<div class=\"elementor-icon-box-icon\">\n\t\t\t\t<a href=\"mailto:info@wooddoor.lv\" class=\"elementor-icon elementor-animation-\" tabindex=\"-1\">\n\t\t\t\t<svg xmlns=\"http:\/\/www.w3.org\/2000\/svg\" xmlns:xlink=\"http:\/\/www.w3.org\/1999\/xlink\" id=\"Layer_1\" x=\"0px\" y=\"0px\" viewbox=\"0 0 100.354 100.352\" style=\"enable-background:new 0 0 100.354 100.352;\" xml:space=\"preserve\"> <path d=\"M93.09,76.224c0.047-0.145,0.079-0.298,0.079-0.459V22.638c0-0.162-0.032-0.316-0.08-0.462 c-0.007-0.02-0.011-0.04-0.019-0.06c-0.064-0.171-0.158-0.325-0.276-0.46c-0.008-0.009-0.009-0.02-0.017-0.029 c-0.005-0.005-0.011-0.007-0.016-0.012c-0.126-0.134-0.275-0.242-0.442-0.323c-0.013-0.006-0.023-0.014-0.036-0.02 c-0.158-0.071-0.33-0.111-0.511-0.123c-0.018-0.001-0.035-0.005-0.053-0.005c-0.017-0.001-0.032-0.005-0.049-0.005H8.465 c-0.017,0-0.033,0.004-0.05,0.005c-0.016,0.001-0.032,0.004-0.048,0.005c-0.183,0.012-0.358,0.053-0.518,0.125 c-0.01,0.004-0.018,0.011-0.028,0.015c-0.17,0.081-0.321,0.191-0.448,0.327c-0.005,0.005-0.011,0.006-0.016,0.011 c-0.008,0.008-0.009,0.019-0.017,0.028c-0.118,0.135-0.213,0.29-0.277,0.461c-0.008,0.02-0.012,0.04-0.019,0.061 c-0.048,0.146-0.08,0.3-0.08,0.462v53.128c0,0.164,0.033,0.32,0.082,0.468c0.007,0.02,0.011,0.039,0.018,0.059 c0.065,0.172,0.161,0.327,0.28,0.462c0.007,0.008,0.009,0.018,0.016,0.026c0.006,0.007,0.014,0.011,0.021,0.018 c0.049,0.051,0.103,0.096,0.159,0.14c0.025,0.019,0.047,0.042,0.073,0.06c0.066,0.046,0.137,0.083,0.21,0.117 c0.018,0.008,0.034,0.021,0.052,0.028c0.181,0.077,0.38,0.121,0.589,0.121h83.204c0.209,0,0.408-0.043,0.589-0.121 c0.028-0.012,0.054-0.03,0.081-0.044c0.062-0.031,0.124-0.063,0.181-0.102c0.03-0.021,0.057-0.048,0.086-0.071 c0.051-0.041,0.101-0.082,0.145-0.129c0.008-0.008,0.017-0.014,0.025-0.022c0.008-0.009,0.01-0.021,0.018-0.03 c0.117-0.134,0.211-0.288,0.275-0.458C93.078,76.267,93.083,76.246,93.09,76.224z M9.965,26.04l25.247,23.061L9.965,72.346V26.04z M61.711,47.971c-0.104,0.068-0.214,0.125-0.301,0.221c-0.033,0.036-0.044,0.083-0.073,0.121l-11.27,10.294L12.331,24.138h75.472 L61.711,47.971z M37.436,51.132l11.619,10.613c0.287,0.262,0.649,0.393,1.012,0.393s0.725-0.131,1.011-0.393l11.475-10.481 l25.243,23.002H12.309L37.436,51.132z M64.778,49.232L90.169,26.04v46.33L64.778,49.232z\"><\/path> <\/svg>\t\t\t\t<\/a>\n\t\t\t<\/div>\n\t\t\t\n\t\t\t\t\t\t<div class=\"elementor-icon-box-content\">\n\n\t\t\t\t\t\t\t\t\t<span class=\"elementor-icon-box-title\">\n\t\t\t\t\t\t<a href=\"mailto:info@wooddoor.lv\" >\n\t\t\t\t\t\t\tinfo@wooddoor.lv\t\t\t\t\t\t<\/a>\n\t\t\t\t\t<\/span>\n\t\t\t\t\n\t\t\t\t\n\t\t\t<\/div>\n\t\t\t\n\t\t<\/div>\n\t\t\t\t<\/div>\n\t\t\t\t<\/div>\n\t\t\t\t<div class=\"elementor-element elementor-element-90c08cb elementor-view-stacked elementor-shape-square elementor-position-left elementor-vertical-align-middle elementor-mobile-position-left elementor-widget elementor-widget-icon-box\" data-id=\"90c08cb\" data-element_type=\"widget\" data-widget_type=\"icon-box.default\">\n\t\t\t\t<div class=\"elementor-widget-container\">\n\t\t\t\t\t<div class=\"elementor-icon-box-wrapper\">\n\n\t\t\t\t\t\t<div class=\"elementor-icon-box-icon\">\n\t\t\t\t<span  class=\"elementor-icon elementor-animation-\">\n\t\t\t\t<svg xmlns=\"http:\/\/www.w3.org\/2000\/svg\" xmlns:xlink=\"http:\/\/www.w3.org\/1999\/xlink\" id=\"Layer_1\" x=\"0px\" y=\"0px\" viewbox=\"0 0 99.313 99.313\" style=\"enable-background:new 0 0 99.313 99.313;\" xml:space=\"preserve\"> <g> <path style=\"fill:#231F20;\" d=\"M81.384,86.748h-5.755c-0.477-3.809-2.12-14.695-5.934-21.204 c-3.835-6.551-9.995-12.525-12.64-14.939c2.627-2.491,8.8-8.679,12.64-15.239c3.851-6.573,5.49-17.614,5.949-21.318h5.741 c0.828,0,1.5-0.672,1.5-1.5c0-0.829-0.672-1.5-1.5-1.5H17.579c-0.828,0-1.5,0.671-1.5,1.5c0,0.828,0.672,1.5,1.5,1.5h5.745 c0.459,3.705,2.094,14.746,5.944,21.318c3.847,6.57,9.772,12.769,12.259,15.24c-2.504,2.395-8.417,8.379-12.258,14.938 c-3.814,6.509-5.453,17.396-5.93,21.205H17.58c-0.828,0-1.5,0.672-1.5,1.5c0,0.829,0.672,1.5,1.5,1.5h7.096 c0.001,0,0.002,0,0.002,0s0,0,0.001,0h56.706c0.828,0,1.5-0.671,1.5-1.5C82.884,87.42,82.212,86.748,81.384,86.748z M31.856,67.06 c4.634-7.911,12.765-15.242,12.847-15.315c0.313-0.281,0.494-0.68,0.499-1.101s-0.168-0.824-0.475-1.111 c-0.082-0.077-8.222-7.743-12.871-15.684c-3.411-5.823-5.002-15.964-5.504-19.802h46.264c-0.502,3.836-2.094,13.973-5.51,19.802 c-4.631,7.913-13.195,15.581-13.281,15.657c-0.324,0.289-0.508,0.704-0.503,1.137c0.005,0.434,0.197,0.845,0.528,1.126 c0.085,0.073,8.634,7.396,13.257,15.29c3.378,5.767,4.974,15.767,5.493,19.688H26.366C26.883,82.829,28.474,72.833,31.856,67.06z\"><\/path> <path style=\"fill:#231F20;\" d=\"M50.982,68.531V45.499l13.727-15.393c0.394-0.441,0.491-1.072,0.25-1.612 c-0.242-0.54-0.778-0.887-1.369-0.887H35.375c-0.591,0-1.127,0.347-1.369,0.887c-0.241,0.54-0.144,1.17,0.25,1.612l13.727,15.393 v23.032l-13.81,10.767c-0.506,0.394-0.705,1.064-0.497,1.67c0.209,0.605,0.778,1.012,1.419,1.012H63.87 c0.641,0,1.21-0.407,1.419-1.012c0.208-0.606,0.009-1.277-0.497-1.67L50.982,68.531z M60.241,30.608l-10.76,12.066l-10.76-12.066 H60.241z M39.457,78.981l10.024-7.815l10.024,7.815H39.457z\"><\/path> <\/g> <\/svg>\t\t\t\t<\/span>\n\t\t\t<\/div>\n\t\t\t\n\t\t\t\t\t\t<div class=\"elementor-icon-box-content\">\n\n\t\t\t\t\t\t\t\t\t<span class=\"elementor-icon-box-title\">\n\t\t\t\t\t\t<span  >\n\t\t\t\t\t\t\tI-V: 9:00 - 18:00 <\/br> VI: 11:00 - 16:00\t\t\t\t\t\t<\/span>\n\t\t\t\t\t<\/span>\n\t\t\t\t\n\t\t\t\t\n\t\t\t<\/div>\n\t\t\t\n\t\t<\/div>\n\t\t\t\t<\/div>\n\t\t\t\t<\/div>\n\t\t\t\t<div class=\"elementor-element elementor-element-801f385 wd-width-100 elementor-widget elementor-widget-wd_title\" data-id=\"801f385\" data-element_type=\"widget\" data-widget_type=\"wd_title.default\">\n\t\t\t\t<div class=\"elementor-widget-container\">\n\t\t\t\t\t<div class=\"title-wrapper set-mb-s reset-last-child wd-title-color-default wd-title-style-default wd-title-size-default text-left\">\n\n\t\t\t\n\t\t\t<div class=\"liner-continer\">\n\t\t\t\t<h5 class=\"woodmart-title-container title wd-fontsize-l\">M\u0113s soci\u0101lajos t\u012bklos<\/h5> \n\t\t\t\t\t\t\t<\/div>\n\n\t\t\t\t\t<\/div>\n\t\t\t\t<\/div>\n\t\t\t\t<\/div>\n\t\t\t\t<div class=\"elementor-element elementor-element-bd33a22 e-grid-align-left elementor-shape-rounded elementor-grid-0 elementor-widget elementor-widget-social-icons\" data-id=\"bd33a22\" data-element_type=\"widget\" data-widget_type=\"social-icons.default\">\n\t\t\t\t<div class=\"elementor-widget-container\">\n\t\t\t\t\t<div class=\"elementor-social-icons-wrapper elementor-grid\">\n\t\t\t\t\t\t\t<span class=\"elementor-grid-item\">\n\t\t\t\t\t<a class=\"elementor-icon elementor-social-icon elementor-social-icon-instagram elementor-repeater-item-c8ff04d\" target=\"_blank\">\n\t\t\t\t\t\t<span class=\"elementor-screen-only\">Instagram<\/span>\n\t\t\t\t\t\t<i class=\"fab fa-instagram\"><\/i>\t\t\t\t\t<\/a>\n\t\t\t\t<\/span>\n\t\t\t\t\t\t\t<span class=\"elementor-grid-item\">\n\t\t\t\t\t<a class=\"elementor-icon elementor-social-icon elementor-social-icon-facebook elementor-repeater-item-458fd7a\" href=\"https:\/\/www.facebook.com\/wooddoors.lv\/\" target=\"_blank\" rel=\"nofollow\">\n\t\t\t\t\t\t<span class=\"elementor-screen-only\">Facebook<\/span>\n\t\t\t\t\t\t<i class=\"fab fa-facebook\"><\/i>\t\t\t\t\t<\/a>\n\t\t\t\t<\/span>\n\t\t\t\t\t<\/div>\n\t\t\t\t<\/div>\n\t\t\t\t<\/div>\n\t\t\t\t\t<\/div>\n\t\t\t\t<\/div>\n\t\t<div class=\"elementor-element elementor-element-b3d6c46 e-con-full e-flex e-con e-child\" data-id=\"b3d6c46\" data-element_type=\"container\">\n\t\t\t\t<div class=\"elementor-element elementor-element-18bc1fd elementor-widget elementor-widget-google_maps\" data-id=\"18bc1fd\" data-element_type=\"widget\" data-widget_type=\"google_maps.default\">\n\t\t\t\t<div class=\"elementor-widget-container\">\n\t\t\t\t\t<div class=\"elementor-custom-embed\">\n\t\t\t<iframe loading=\"lazy\"\n\t\t\t\t\tsrc=\"https:\/\/maps.google.com\/maps?q=Krustpils%20iela%2069a%2C%20Latgales%20priek%C5%A1pils%C4%93ta%2C%20R%C4%ABga%2C%20Latvia%2C%20LV-1057&#038;t=m&#038;z=14&#038;output=embed&#038;iwloc=near\"\n\t\t\t\t\ttitle=\"Krustpils iela 69a, Latgales priek\u0161pils\u0113ta, R\u012bga, Latvia, LV-1057\"\n\t\t\t\t\taria-label=\"Krustpils iela 69a, Latgales priek\u0161pils\u0113ta, R\u012bga, Latvia, LV-1057\"\n\t\t\t><\/iframe>\n\t\t<\/div>\n\t\t\t\t<\/div>\n\t\t\t\t<\/div>\n\t\t\t\t<\/div>\n\t\t\t\t\t<\/div>\n\t\t\t\t<\/div>\n\t\t\t\t<\/div>","protected":false},"excerpt":{"rendered":"<p>Sazinieties ar mums Krustpils iela 69a, Latgales priek\u0161pils\u0113ta, R\u012bga, Latvia, LV-1057 + 371 20 033 547 info@wooddoor.lv I-V: 9:00 &#8211;<\/p>","protected":false},"author":1,"featured_media":0,"parent":0,"menu_order":0,"comment_status":"closed","ping_status":"closed","template":"","meta":{"footnotes":""},"class_list":["post-3194","page","type-page","status-publish","hentry"],"yoast_head":"<!-- This site is optimized with the Yoast SEO plugin v25.5 - https:\/\/yoast.com\/wordpress\/plugins\/seo\/ -->\n<title>Kontakti - Wooddoor - Ieejas un iek\u0161durvju veikals R\u012bg\u0101<\/title>\n<meta name=\"robots\" content=\"index, follow, max-snippet:-1, max-image-preview:large, max-video-preview:-1\" \/>\n<link rel=\"canonical\" href=\"https:\/\/wooddoor.lv\/ru\/contact\/\" \/>\n<meta property=\"og:locale\" content=\"ru_RU\" \/>\n<meta property=\"og:type\" content=\"article\" \/>\n<meta property=\"og:title\" content=\"Kontakti - Wooddoor - Ieejas un iek\u0161durvju veikals R\u012bg\u0101\" \/>\n<meta property=\"og:description\" content=\"Sazinieties ar mums Krustpils iela 69a, Latgales priek\u0161pils\u0113ta, R\u012bga, Latvia, LV-1057 + 371 20 033 547 info@wooddoor.lv I-V: 9:00 &#8211;\" \/>\n<meta property=\"og:url\" content=\"https:\/\/wooddoor.lv\/ru\/contact\/\" \/>\n<meta property=\"og:site_name\" content=\"Wooddoor - Ieejas un iek\u0161durvju veikals R\u012bg\u0101\" \/>\n<meta property=\"article:publisher\" content=\"https:\/\/www.facebook.com\/wooddoors.lv\/\" \/>\n<meta property=\"article:modified_time\" content=\"2024-09-30T14:44:41+00:00\" \/>\n<meta name=\"twitter:card\" content=\"summary_large_image\" \/>\n<meta name=\"twitter:label1\" content=\"\u041f\u0440\u0438\u043c\u0435\u0440\u043d\u043e\u0435 \u0432\u0440\u0435\u043c\u044f \u0434\u043b\u044f \u0447\u0442\u0435\u043d\u0438\u044f\" \/>\n\t<meta name=\"twitter:data1\" content=\"1 \u043c\u0438\u043d\u0443\u0442\u0430\" \/>\n<script type=\"application\/ld+json\" class=\"yoast-schema-graph\">{\"@context\":\"https:\/\/schema.org\",\"@graph\":[{\"@type\":\"WebPage\",\"@id\":\"https:\/\/wooddoor.lv\/contact\/\",\"url\":\"https:\/\/wooddoor.lv\/contact\/\",\"name\":\"Kontakti - Wooddoor - Ieejas un iek\u0161durvju veikals R\u012bg\u0101\",\"isPartOf\":{\"@id\":\"https:\/\/wooddoor.lv\/#website\"},\"datePublished\":\"2023-08-30T10:19:11+00:00\",\"dateModified\":\"2024-09-30T14:44:41+00:00\",\"breadcrumb\":{\"@id\":\"https:\/\/wooddoor.lv\/contact\/#breadcrumb\"},\"inLanguage\":\"ru-RU\",\"potentialAction\":[{\"@type\":\"ReadAction\",\"target\":[\"https:\/\/wooddoor.lv\/contact\/\"]}]},{\"@type\":\"BreadcrumbList\",\"@id\":\"https:\/\/wooddoor.lv\/contact\/#breadcrumb\",\"itemListElement\":[{\"@type\":\"ListItem\",\"position\":1,\"name\":\"Galven\u0101\",\"item\":\"https:\/\/wooddoor.lv\/\"},{\"@type\":\"ListItem\",\"position\":2,\"name\":\"Kontakti\"}]},{\"@type\":\"WebSite\",\"@id\":\"https:\/\/wooddoor.lv\/#website\",\"url\":\"https:\/\/wooddoor.lv\/\",\"name\":\"Wooddoor - Ieejas un iek\u0161durvju veikals R\u012bg\u0101\",\"description\":\"Jebkura izm\u0113ra durvis, daudz kr\u0101su un mode\u013cu. Bezmaksas pieg\u0101de R\u012bgas robe\u017e\u0101s.\",\"publisher\":{\"@id\":\"https:\/\/wooddoor.lv\/#organization\"},\"potentialAction\":[{\"@type\":\"SearchAction\",\"target\":{\"@type\":\"EntryPoint\",\"urlTemplate\":\"https:\/\/wooddoor.lv\/?s={search_term_string}\"},\"query-input\":{\"@type\":\"PropertyValueSpecification\",\"valueRequired\":true,\"valueName\":\"search_term_string\"}}],\"inLanguage\":\"ru-RU\"},{\"@type\":\"Organization\",\"@id\":\"https:\/\/wooddoor.lv\/#organization\",\"name\":\"Wooddoor\",\"url\":\"https:\/\/wooddoor.lv\/\",\"logo\":{\"@type\":\"ImageObject\",\"inLanguage\":\"ru-RU\",\"@id\":\"https:\/\/wooddoor.lv\/#\/schema\/logo\/image\/\",\"url\":\"https:\/\/wooddoor.lv\/wp-content\/uploads\/2023\/08\/favicon.svg\",\"contentUrl\":\"https:\/\/wooddoor.lv\/wp-content\/uploads\/2023\/08\/favicon.svg\",\"width\":46,\"height\":46,\"caption\":\"Wooddoor\"},\"image\":{\"@id\":\"https:\/\/wooddoor.lv\/#\/schema\/logo\/image\/\"},\"sameAs\":[\"https:\/\/www.facebook.com\/wooddoors.lv\/\"]}]}<\/script>\n<!-- \/ Yoast SEO plugin. -->","yoast_head_json":{"title":"Kontakti - Wooddoor - Ieejas un iek\u0161durvju veikals R\u012bg\u0101","robots":{"index":"index","follow":"follow","max-snippet":"max-snippet:-1","max-image-preview":"max-image-preview:large","max-video-preview":"max-video-preview:-1"},"canonical":"https:\/\/wooddoor.lv\/ru\/contact\/","og_locale":"ru_RU","og_type":"article","og_title":"Kontakti - Wooddoor - Ieejas un iek\u0161durvju veikals R\u012bg\u0101","og_description":"Sazinieties ar mums Krustpils iela 69a, Latgales priek\u0161pils\u0113ta, R\u012bga, Latvia, LV-1057 + 371 20 033 547 info@wooddoor.lv I-V: 9:00 &#8211;","og_url":"https:\/\/wooddoor.lv\/ru\/contact\/","og_site_name":"Wooddoor - Ieejas un iek\u0161durvju veikals R\u012bg\u0101","article_publisher":"https:\/\/www.facebook.com\/wooddoors.lv\/","article_modified_time":"2024-09-30T14:44:41+00:00","twitter_card":"summary_large_image","twitter_misc":{"\u041f\u0440\u0438\u043c\u0435\u0440\u043d\u043e\u0435 \u0432\u0440\u0435\u043c\u044f \u0434\u043b\u044f \u0447\u0442\u0435\u043d\u0438\u044f":"1 \u043c\u0438\u043d\u0443\u0442\u0430"},"schema":{"@context":"https:\/\/schema.org","@graph":[{"@type":"WebPage","@id":"https:\/\/wooddoor.lv\/contact\/","url":"https:\/\/wooddoor.lv\/contact\/","name":"Kontakti - Wooddoor - Ieejas un iek\u0161durvju veikals R\u012bg\u0101","isPartOf":{"@id":"https:\/\/wooddoor.lv\/#website"},"datePublished":"2023-08-30T10:19:11+00:00","dateModified":"2024-09-30T14:44:41+00:00","breadcrumb":{"@id":"https:\/\/wooddoor.lv\/contact\/#breadcrumb"},"inLanguage":"ru-RU","potentialAction":[{"@type":"ReadAction","target":["https:\/\/wooddoor.lv\/contact\/"]}]},{"@type":"BreadcrumbList","@id":"https:\/\/wooddoor.lv\/contact\/#breadcrumb","itemListElement":[{"@type":"ListItem","position":1,"name":"Galven\u0101","item":"https:\/\/wooddoor.lv\/"},{"@type":"ListItem","position":2,"name":"Kontakti"}]},{"@type":"WebSite","@id":"https:\/\/wooddoor.lv\/#website","url":"https:\/\/wooddoor.lv\/","name":"Wooddoor - Ieejas un iek\u0161durvju veikals R\u012bg\u0101","description":"Jebkura izm\u0113ra durvis, daudz kr\u0101su un mode\u013cu. Bezmaksas pieg\u0101de R\u012bgas robe\u017e\u0101s.","publisher":{"@id":"https:\/\/wooddoor.lv\/#organization"},"potentialAction":[{"@type":"SearchAction","target":{"@type":"EntryPoint","urlTemplate":"https:\/\/wooddoor.lv\/?s={search_term_string}"},"query-input":{"@type":"PropertyValueSpecification","valueRequired":true,"valueName":"search_term_string"}}],"inLanguage":"ru-RU"},{"@type":"Organization","@id":"https:\/\/wooddoor.lv\/#organization","name":"Wooddoor","url":"https:\/\/wooddoor.lv\/","logo":{"@type":"ImageObject","inLanguage":"ru-RU","@id":"https:\/\/wooddoor.lv\/#\/schema\/logo\/image\/","url":"https:\/\/wooddoor.lv\/wp-content\/uploads\/2023\/08\/favicon.svg","contentUrl":"https:\/\/wooddoor.lv\/wp-content\/uploads\/2023\/08\/favicon.svg","width":46,"height":46,"caption":"Wooddoor"},"image":{"@id":"https:\/\/wooddoor.lv\/#\/schema\/logo\/image\/"},"sameAs":["https:\/\/www.facebook.com\/wooddoors.lv\/"]}]}},"_links":{"self":[{"href":"https:\/\/wooddoor.lv\/ru\/wp-json\/wp\/v2\/pages\/3194","targetHints":{"allow":["GET"]}}],"collection":[{"href":"https:\/\/wooddoor.lv\/ru\/wp-json\/wp\/v2\/pages"}],"about":[{"href":"https:\/\/wooddoor.lv\/ru\/wp-json\/wp\/v2\/types\/page"}],"author":[{"embeddable":true,"href":"https:\/\/wooddoor.lv\/ru\/wp-json\/wp\/v2\/users\/1"}],"replies":[{"embeddable":true,"href":"https:\/\/wooddoor.lv\/ru\/wp-json\/wp\/v2\/comments?post=3194"}],"version-history":[{"count":0,"href":"https:\/\/wooddoor.lv\/ru\/wp-json\/wp\/v2\/pages\/3194\/revisions"}],"wp:attachment":[{"href":"https:\/\/wooddoor.lv\/ru\/wp-json\/wp\/v2\/media?parent=3194"}],"curies":[{"name":"wp","href":"https:\/\/api.w.org\/{rel}","templated":true}]}}