{"id":1604,"date":"2023-08-30T11:09:56","date_gmt":"2023-08-30T08:09:56","guid":{"rendered":"https:\/\/www.wooddoor.lv\/?post_type=product&#038;p=1604"},"modified":"2024-10-04T00:01:52","modified_gmt":"2024-10-03T21:01:52","slug":"alta-osteklennoe","status":"publish","type":"product","link":"https:\/\/wooddoor.lv\/ru\/product\/alta-osteklennoe\/","title":{"rendered":"ALTA Ar stiklu"},"content":{"rendered":"<div data-elementor-type=\"product-post\" data-elementor-id=\"1604\" class=\"elementor elementor-1604\" data-elementor-post-type=\"product\">\n\t\t\t\t<div class=\"wd-negative-gap elementor-element elementor-element-38b09103 e-flex e-con-boxed e-con e-parent\" data-id=\"38b09103\" data-element_type=\"container\">\n\t\t\t\t\t<div class=\"e-con-inner\">\n\t\t\t\t<div class=\"elementor-element elementor-element-31e63bdc color-scheme-inherit text-left elementor-widget elementor-widget-text-editor\" data-id=\"31e63bdc\" data-element_type=\"widget\" data-widget_type=\"text-editor.default\">\n\t\t\t\t<div class=\"elementor-widget-container\">\n\t\t\t\t\t\t\t<p>ALTA stiklot\u0101s durvis klasiskaj\u0101 stil\u0101 ir papildin\u0101tas ar viegl\u0101k\u0101m form\u0101m un jauniem to\u0146iem. Simetriskas un l\u012bdzsvarotas, graciozas un vienm\u0113r aktu\u0101las, ALTA modelis lieliski ieder\u0113sies pat m\u016bsdien\u012bgos interjeros.<\/p><p>Poliuret\u0101na emaljas izmanto\u0161ana k\u0101 gala apdare nodro\u0161ina maksim\u0101li augstu iztur\u012bbu un ilgm\u016b\u017e\u012bbu.<\/p><p>Elit\u0101ras profil\u0113tas aplodas un karn\u012bzes pie\u0161\u0137ir v\u0113l liel\u0101ku izsmalcin\u0101t\u012bbu un eleganci. Papildus vitr\u0101\u017eas stiklam modelis ir pieejams ar\u012b ar r\u016bd\u012bto stiklu &#8220;Crystallize&#8221;.<\/p><p>Kvalit\u0101te necie\u0161 kompromisus, ta\u010du t\u0101 k\u013c\u016bst pieejama un univers\u0101la.<\/p><p>Pas\u016bt\u012bjuma kr\u0101sas, iz\u0146emot &#8220;baltu&#8221;, &#8220;graf\u012btu&#8221; un &#8220;zilo\u0146kaulu&#8221;, tiek izpild\u012btas r\u016bpn\u012bc\u0101, ja pas\u016bt\u012bjums p\u0101rsniedz 5 v\u0113rtnes.<\/p>\t\t\t\t\t\t<\/div>\n\t\t\t\t<\/div>\n\t\t\t\t\t<\/div>\n\t\t\t\t<\/div>\n\t\t\t\t<\/div>","protected":false},"excerpt":{"rendered":"<p>ALTA stiklot\u0101s durvis klasiskaj\u0101 stil\u0101 ir papildin\u0101tas ar viegl\u0101k\u0101m form\u0101m un jauniem to\u0146iem. Simetriskas un l\u012bdzsvarotas, graciozas un vienm\u0113r aktu\u0101las,<\/p>","protected":false},"featured_media":1634,"template":"","meta":[],"product_brand":[],"product_cat":[15],"product_tag":[],"class_list":{"0":"post-1604","1":"product","2":"type-product","3":"status-publish","4":"has-post-thumbnail","6":"product_cat-interior-doors","7":"tm-no-options","9":"first","10":"instock","11":"shipping-taxable","12":"purchasable","13":"product-type-variable","14":"has-default-attributes"},"yoast_head":"<!-- This site is optimized with the Yoast SEO plugin v25.5 - https:\/\/yoast.com\/wordpress\/plugins\/seo\/ -->\n<title>ALTA Ar stiklu - \u041c\u0430\u0433\u0430\u0437\u0438\u043d \u043c\u0435\u0436\u043a\u043e\u043c\u043d\u0430\u0442\u043d\u044b\u0445 \u0434\u0432\u0435\u0440\u0435\u0439<\/title>\n<meta name=\"description\" content=\"ALTA \u041e\u0441\u0442\u0435\u043a\u043b\u0435\u043d\u043d\u043e\u0435 \u043f\u0440\u0435\u043a\u0440\u0430\u0441\u043d\u043e \u0432\u043f\u0438\u0448\u0435\u0442\u0441\u044f \u0432 \u0434\u0438\u0437\u0430\u0439\u043d \u0434\u0430\u0436\u0435 \u0441\u043e\u0432\u0440\u0435\u043c\u0435\u043d\u043d\u044b\u0445 \u0438\u043d\u0442\u0435\u0440\u044c\u0435\u0440\u043e\u0432. \u041a\u0430\u0447\u0435\u0441\u0442\u0432\u043e \u043d\u0435 \u043f\u0440\u0438\u043d\u0438\u043c\u0430\u0435\u0442 \u043a\u043e\u043c\u043f\u0440\u043e\u043c\u0438\u0441\u0441\u043e\u0432, \u043d\u043e \u0441\u0442\u0430\u043d\u043e\u0432\u0438\u0442\u0441\u044f \u0434\u043e\u0441\u0442\u0443\u043f\u043d\u044b\u043c \u0438 \u0443\u043d\u0438\u0432\u0435\u0440\u0441\u0430\u043b\u044c\u043d\u044b\u043c.\" \/>\n<meta name=\"robots\" content=\"index, follow, max-snippet:-1, max-image-preview:large, max-video-preview:-1\" \/>\n<link rel=\"canonical\" href=\"https:\/\/wooddoor.lv\/ru\/product\/alta-osteklennoe\/\" \/>\n<meta property=\"og:locale\" content=\"ru_RU\" \/>\n<meta property=\"og:type\" content=\"article\" \/>\n<meta property=\"og:title\" content=\"ALTA Ar stiklu - \u041c\u0430\u0433\u0430\u0437\u0438\u043d \u043c\u0435\u0436\u043a\u043e\u043c\u043d\u0430\u0442\u043d\u044b\u0445 \u0434\u0432\u0435\u0440\u0435\u0439\" \/>\n<meta property=\"og:description\" content=\"ALTA \u041e\u0441\u0442\u0435\u043a\u043b\u0435\u043d\u043d\u043e\u0435 \u043f\u0440\u0435\u043a\u0440\u0430\u0441\u043d\u043e \u0432\u043f\u0438\u0448\u0435\u0442\u0441\u044f \u0432 \u0434\u0438\u0437\u0430\u0439\u043d \u0434\u0430\u0436\u0435 \u0441\u043e\u0432\u0440\u0435\u043c\u0435\u043d\u043d\u044b\u0445 \u0438\u043d\u0442\u0435\u0440\u044c\u0435\u0440\u043e\u0432. \u041a\u0430\u0447\u0435\u0441\u0442\u0432\u043e \u043d\u0435 \u043f\u0440\u0438\u043d\u0438\u043c\u0430\u0435\u0442 \u043a\u043e\u043c\u043f\u0440\u043e\u043c\u0438\u0441\u0441\u043e\u0432, \u043d\u043e \u0441\u0442\u0430\u043d\u043e\u0432\u0438\u0442\u0441\u044f \u0434\u043e\u0441\u0442\u0443\u043f\u043d\u044b\u043c \u0438 \u0443\u043d\u0438\u0432\u0435\u0440\u0441\u0430\u043b\u044c\u043d\u044b\u043c.\" \/>\n<meta property=\"og:url\" content=\"https:\/\/wooddoor.lv\/ru\/product\/alta-osteklennoe\/\" \/>\n<meta property=\"og:site_name\" content=\"Wooddoor - Ieejas un iek\u0161durvju veikals R\u012bg\u0101\" \/>\n<meta property=\"article:publisher\" content=\"https:\/\/www.facebook.com\/wooddoors.lv\/\" \/>\n<meta property=\"article:modified_time\" content=\"2024-10-03T21:01:52+00:00\" \/>\n<meta property=\"og:image\" content=\"https:\/\/wooddoor.lv\/wp-content\/uploads\/2023\/08\/alta-osteklennoe-belyj-min.png\" \/>\n\t<meta property=\"og:image:width\" content=\"379\" \/>\n\t<meta property=\"og:image:height\" content=\"800\" \/>\n\t<meta property=\"og:image:type\" content=\"image\/png\" \/>\n<meta name=\"twitter:card\" content=\"summary_large_image\" \/>\n<script type=\"application\/ld+json\" class=\"yoast-schema-graph\">{\"@context\":\"https:\/\/schema.org\",\"@graph\":[{\"@type\":\"WebPage\",\"@id\":\"https:\/\/wooddoor.lv\/product\/alta-osteklennoe\/\",\"url\":\"https:\/\/wooddoor.lv\/product\/alta-osteklennoe\/\",\"name\":\"ALTA Ar stiklu - \u041c\u0430\u0433\u0430\u0437\u0438\u043d \u043c\u0435\u0436\u043a\u043e\u043c\u043d\u0430\u0442\u043d\u044b\u0445 \u0434\u0432\u0435\u0440\u0435\u0439\",\"isPartOf\":{\"@id\":\"https:\/\/wooddoor.lv\/#website\"},\"primaryImageOfPage\":{\"@id\":\"https:\/\/wooddoor.lv\/product\/alta-osteklennoe\/#primaryimage\"},\"image\":{\"@id\":\"https:\/\/wooddoor.lv\/product\/alta-osteklennoe\/#primaryimage\"},\"thumbnailUrl\":\"https:\/\/wooddoor.lv\/wp-content\/uploads\/2023\/08\/alta-osteklennoe-belyj-min.png\",\"datePublished\":\"2023-08-30T08:09:56+00:00\",\"dateModified\":\"2024-10-03T21:01:52+00:00\",\"description\":\"ALTA \u041e\u0441\u0442\u0435\u043a\u043b\u0435\u043d\u043d\u043e\u0435 \u043f\u0440\u0435\u043a\u0440\u0430\u0441\u043d\u043e \u0432\u043f\u0438\u0448\u0435\u0442\u0441\u044f \u0432 \u0434\u0438\u0437\u0430\u0439\u043d \u0434\u0430\u0436\u0435 \u0441\u043e\u0432\u0440\u0435\u043c\u0435\u043d\u043d\u044b\u0445 \u0438\u043d\u0442\u0435\u0440\u044c\u0435\u0440\u043e\u0432. \u041a\u0430\u0447\u0435\u0441\u0442\u0432\u043e \u043d\u0435 \u043f\u0440\u0438\u043d\u0438\u043c\u0430\u0435\u0442 \u043a\u043e\u043c\u043f\u0440\u043e\u043c\u0438\u0441\u0441\u043e\u0432, \u043d\u043e \u0441\u0442\u0430\u043d\u043e\u0432\u0438\u0442\u0441\u044f \u0434\u043e\u0441\u0442\u0443\u043f\u043d\u044b\u043c \u0438 \u0443\u043d\u0438\u0432\u0435\u0440\u0441\u0430\u043b\u044c\u043d\u044b\u043c.\",\"breadcrumb\":{\"@id\":\"https:\/\/wooddoor.lv\/product\/alta-osteklennoe\/#breadcrumb\"},\"inLanguage\":\"ru-RU\",\"potentialAction\":[{\"@type\":\"ReadAction\",\"target\":[\"https:\/\/wooddoor.lv\/product\/alta-osteklennoe\/\"]}]},{\"@type\":\"ImageObject\",\"inLanguage\":\"ru-RU\",\"@id\":\"https:\/\/wooddoor.lv\/product\/alta-osteklennoe\/#primaryimage\",\"url\":\"https:\/\/wooddoor.lv\/wp-content\/uploads\/2023\/08\/alta-osteklennoe-belyj-min.png\",\"contentUrl\":\"https:\/\/wooddoor.lv\/wp-content\/uploads\/2023\/08\/alta-osteklennoe-belyj-min.png\",\"width\":379,\"height\":800},{\"@type\":\"BreadcrumbList\",\"@id\":\"https:\/\/wooddoor.lv\/product\/alta-osteklennoe\/#breadcrumb\",\"itemListElement\":[{\"@type\":\"ListItem\",\"position\":1,\"name\":\"Galven\u0101\",\"item\":\"https:\/\/wooddoor.lv\/\"},{\"@type\":\"ListItem\",\"position\":2,\"name\":\"Pre\u010du katalogs\",\"item\":\"https:\/\/wooddoor.lv\/shop\/\"},{\"@type\":\"ListItem\",\"position\":3,\"name\":\"Iek\u0161durvis\",\"item\":\"https:\/\/wooddoor.lv\/product-category\/interior-doors\/\"},{\"@type\":\"ListItem\",\"position\":4,\"name\":\"ALTA Ar stiklu\"}]},{\"@type\":\"WebSite\",\"@id\":\"https:\/\/wooddoor.lv\/#website\",\"url\":\"https:\/\/wooddoor.lv\/\",\"name\":\"Wooddoor - Ieejas un iek\u0161durvju veikals R\u012bg\u0101\",\"description\":\"Jebkura izm\u0113ra durvis, daudz kr\u0101su un mode\u013cu. Bezmaksas pieg\u0101de R\u012bgas robe\u017e\u0101s.\",\"publisher\":{\"@id\":\"https:\/\/wooddoor.lv\/#organization\"},\"potentialAction\":[{\"@type\":\"SearchAction\",\"target\":{\"@type\":\"EntryPoint\",\"urlTemplate\":\"https:\/\/wooddoor.lv\/?s={search_term_string}\"},\"query-input\":{\"@type\":\"PropertyValueSpecification\",\"valueRequired\":true,\"valueName\":\"search_term_string\"}}],\"inLanguage\":\"ru-RU\"},{\"@type\":\"Organization\",\"@id\":\"https:\/\/wooddoor.lv\/#organization\",\"name\":\"Wooddoor\",\"url\":\"https:\/\/wooddoor.lv\/\",\"logo\":{\"@type\":\"ImageObject\",\"inLanguage\":\"ru-RU\",\"@id\":\"https:\/\/wooddoor.lv\/#\/schema\/logo\/image\/\",\"url\":\"https:\/\/wooddoor.lv\/wp-content\/uploads\/2023\/08\/favicon.svg\",\"contentUrl\":\"https:\/\/wooddoor.lv\/wp-content\/uploads\/2023\/08\/favicon.svg\",\"width\":46,\"height\":46,\"caption\":\"Wooddoor\"},\"image\":{\"@id\":\"https:\/\/wooddoor.lv\/#\/schema\/logo\/image\/\"},\"sameAs\":[\"https:\/\/www.facebook.com\/wooddoors.lv\/\"]}]}<\/script>\n<!-- \/ Yoast SEO plugin. -->","yoast_head_json":{"title":"ALTA Ar stiklu - \u041c\u0430\u0433\u0430\u0437\u0438\u043d \u043c\u0435\u0436\u043a\u043e\u043c\u043d\u0430\u0442\u043d\u044b\u0445 \u0434\u0432\u0435\u0440\u0435\u0439","description":"ALTA \u041e\u0441\u0442\u0435\u043a\u043b\u0435\u043d\u043d\u043e\u0435 \u043f\u0440\u0435\u043a\u0440\u0430\u0441\u043d\u043e \u0432\u043f\u0438\u0448\u0435\u0442\u0441\u044f \u0432 \u0434\u0438\u0437\u0430\u0439\u043d \u0434\u0430\u0436\u0435 \u0441\u043e\u0432\u0440\u0435\u043c\u0435\u043d\u043d\u044b\u0445 \u0438\u043d\u0442\u0435\u0440\u044c\u0435\u0440\u043e\u0432. \u041a\u0430\u0447\u0435\u0441\u0442\u0432\u043e \u043d\u0435 \u043f\u0440\u0438\u043d\u0438\u043c\u0430\u0435\u0442 \u043a\u043e\u043c\u043f\u0440\u043e\u043c\u0438\u0441\u0441\u043e\u0432, \u043d\u043e \u0441\u0442\u0430\u043d\u043e\u0432\u0438\u0442\u0441\u044f \u0434\u043e\u0441\u0442\u0443\u043f\u043d\u044b\u043c \u0438 \u0443\u043d\u0438\u0432\u0435\u0440\u0441\u0430\u043b\u044c\u043d\u044b\u043c.","robots":{"index":"index","follow":"follow","max-snippet":"max-snippet:-1","max-image-preview":"max-image-preview:large","max-video-preview":"max-video-preview:-1"},"canonical":"https:\/\/wooddoor.lv\/ru\/product\/alta-osteklennoe\/","og_locale":"ru_RU","og_type":"article","og_title":"ALTA Ar stiklu - \u041c\u0430\u0433\u0430\u0437\u0438\u043d \u043c\u0435\u0436\u043a\u043e\u043c\u043d\u0430\u0442\u043d\u044b\u0445 \u0434\u0432\u0435\u0440\u0435\u0439","og_description":"ALTA \u041e\u0441\u0442\u0435\u043a\u043b\u0435\u043d\u043d\u043e\u0435 \u043f\u0440\u0435\u043a\u0440\u0430\u0441\u043d\u043e \u0432\u043f\u0438\u0448\u0435\u0442\u0441\u044f \u0432 \u0434\u0438\u0437\u0430\u0439\u043d \u0434\u0430\u0436\u0435 \u0441\u043e\u0432\u0440\u0435\u043c\u0435\u043d\u043d\u044b\u0445 \u0438\u043d\u0442\u0435\u0440\u044c\u0435\u0440\u043e\u0432. \u041a\u0430\u0447\u0435\u0441\u0442\u0432\u043e \u043d\u0435 \u043f\u0440\u0438\u043d\u0438\u043c\u0430\u0435\u0442 \u043a\u043e\u043c\u043f\u0440\u043e\u043c\u0438\u0441\u0441\u043e\u0432, \u043d\u043e \u0441\u0442\u0430\u043d\u043e\u0432\u0438\u0442\u0441\u044f \u0434\u043e\u0441\u0442\u0443\u043f\u043d\u044b\u043c \u0438 \u0443\u043d\u0438\u0432\u0435\u0440\u0441\u0430\u043b\u044c\u043d\u044b\u043c.","og_url":"https:\/\/wooddoor.lv\/ru\/product\/alta-osteklennoe\/","og_site_name":"Wooddoor - Ieejas un iek\u0161durvju veikals R\u012bg\u0101","article_publisher":"https:\/\/www.facebook.com\/wooddoors.lv\/","article_modified_time":"2024-10-03T21:01:52+00:00","og_image":[{"width":379,"height":800,"url":"https:\/\/wooddoor.lv\/wp-content\/uploads\/2023\/08\/alta-osteklennoe-belyj-min.png","type":"image\/png"}],"twitter_card":"summary_large_image","schema":{"@context":"https:\/\/schema.org","@graph":[{"@type":"WebPage","@id":"https:\/\/wooddoor.lv\/product\/alta-osteklennoe\/","url":"https:\/\/wooddoor.lv\/product\/alta-osteklennoe\/","name":"ALTA Ar stiklu - \u041c\u0430\u0433\u0430\u0437\u0438\u043d \u043c\u0435\u0436\u043a\u043e\u043c\u043d\u0430\u0442\u043d\u044b\u0445 \u0434\u0432\u0435\u0440\u0435\u0439","isPartOf":{"@id":"https:\/\/wooddoor.lv\/#website"},"primaryImageOfPage":{"@id":"https:\/\/wooddoor.lv\/product\/alta-osteklennoe\/#primaryimage"},"image":{"@id":"https:\/\/wooddoor.lv\/product\/alta-osteklennoe\/#primaryimage"},"thumbnailUrl":"https:\/\/wooddoor.lv\/wp-content\/uploads\/2023\/08\/alta-osteklennoe-belyj-min.png","datePublished":"2023-08-30T08:09:56+00:00","dateModified":"2024-10-03T21:01:52+00:00","description":"ALTA \u041e\u0441\u0442\u0435\u043a\u043b\u0435\u043d\u043d\u043e\u0435 \u043f\u0440\u0435\u043a\u0440\u0430\u0441\u043d\u043e \u0432\u043f\u0438\u0448\u0435\u0442\u0441\u044f \u0432 \u0434\u0438\u0437\u0430\u0439\u043d \u0434\u0430\u0436\u0435 \u0441\u043e\u0432\u0440\u0435\u043c\u0435\u043d\u043d\u044b\u0445 \u0438\u043d\u0442\u0435\u0440\u044c\u0435\u0440\u043e\u0432. \u041a\u0430\u0447\u0435\u0441\u0442\u0432\u043e \u043d\u0435 \u043f\u0440\u0438\u043d\u0438\u043c\u0430\u0435\u0442 \u043a\u043e\u043c\u043f\u0440\u043e\u043c\u0438\u0441\u0441\u043e\u0432, \u043d\u043e \u0441\u0442\u0430\u043d\u043e\u0432\u0438\u0442\u0441\u044f \u0434\u043e\u0441\u0442\u0443\u043f\u043d\u044b\u043c \u0438 \u0443\u043d\u0438\u0432\u0435\u0440\u0441\u0430\u043b\u044c\u043d\u044b\u043c.","breadcrumb":{"@id":"https:\/\/wooddoor.lv\/product\/alta-osteklennoe\/#breadcrumb"},"inLanguage":"ru-RU","potentialAction":[{"@type":"ReadAction","target":["https:\/\/wooddoor.lv\/product\/alta-osteklennoe\/"]}]},{"@type":"ImageObject","inLanguage":"ru-RU","@id":"https:\/\/wooddoor.lv\/product\/alta-osteklennoe\/#primaryimage","url":"https:\/\/wooddoor.lv\/wp-content\/uploads\/2023\/08\/alta-osteklennoe-belyj-min.png","contentUrl":"https:\/\/wooddoor.lv\/wp-content\/uploads\/2023\/08\/alta-osteklennoe-belyj-min.png","width":379,"height":800},{"@type":"BreadcrumbList","@id":"https:\/\/wooddoor.lv\/product\/alta-osteklennoe\/#breadcrumb","itemListElement":[{"@type":"ListItem","position":1,"name":"Galven\u0101","item":"https:\/\/wooddoor.lv\/"},{"@type":"ListItem","position":2,"name":"Pre\u010du katalogs","item":"https:\/\/wooddoor.lv\/shop\/"},{"@type":"ListItem","position":3,"name":"Iek\u0161durvis","item":"https:\/\/wooddoor.lv\/product-category\/interior-doors\/"},{"@type":"ListItem","position":4,"name":"ALTA Ar stiklu"}]},{"@type":"WebSite","@id":"https:\/\/wooddoor.lv\/#website","url":"https:\/\/wooddoor.lv\/","name":"Wooddoor - Ieejas un iek\u0161durvju veikals R\u012bg\u0101","description":"Jebkura izm\u0113ra durvis, daudz kr\u0101su un mode\u013cu. Bezmaksas pieg\u0101de R\u012bgas robe\u017e\u0101s.","publisher":{"@id":"https:\/\/wooddoor.lv\/#organization"},"potentialAction":[{"@type":"SearchAction","target":{"@type":"EntryPoint","urlTemplate":"https:\/\/wooddoor.lv\/?s={search_term_string}"},"query-input":{"@type":"PropertyValueSpecification","valueRequired":true,"valueName":"search_term_string"}}],"inLanguage":"ru-RU"},{"@type":"Organization","@id":"https:\/\/wooddoor.lv\/#organization","name":"Wooddoor","url":"https:\/\/wooddoor.lv\/","logo":{"@type":"ImageObject","inLanguage":"ru-RU","@id":"https:\/\/wooddoor.lv\/#\/schema\/logo\/image\/","url":"https:\/\/wooddoor.lv\/wp-content\/uploads\/2023\/08\/favicon.svg","contentUrl":"https:\/\/wooddoor.lv\/wp-content\/uploads\/2023\/08\/favicon.svg","width":46,"height":46,"caption":"Wooddoor"},"image":{"@id":"https:\/\/wooddoor.lv\/#\/schema\/logo\/image\/"},"sameAs":["https:\/\/www.facebook.com\/wooddoors.lv\/"]}]}},"_links":{"self":[{"href":"https:\/\/wooddoor.lv\/ru\/wp-json\/wp\/v2\/product\/1604","targetHints":{"allow":["GET"]}}],"collection":[{"href":"https:\/\/wooddoor.lv\/ru\/wp-json\/wp\/v2\/product"}],"about":[{"href":"https:\/\/wooddoor.lv\/ru\/wp-json\/wp\/v2\/types\/product"}],"version-history":[{"count":0,"href":"https:\/\/wooddoor.lv\/ru\/wp-json\/wp\/v2\/product\/1604\/revisions"}],"wp:featuredmedia":[{"embeddable":true,"href":"https:\/\/wooddoor.lv\/ru\/wp-json\/wp\/v2\/media\/1634"}],"wp:attachment":[{"href":"https:\/\/wooddoor.lv\/ru\/wp-json\/wp\/v2\/media?parent=1604"}],"wp:term":[{"taxonomy":"product_brand","embeddable":true,"href":"https:\/\/wooddoor.lv\/ru\/wp-json\/wp\/v2\/product_brand?post=1604"},{"taxonomy":"product_cat","embeddable":true,"href":"https:\/\/wooddoor.lv\/ru\/wp-json\/wp\/v2\/product_cat?post=1604"},{"taxonomy":"product_tag","embeddable":true,"href":"https:\/\/wooddoor.lv\/ru\/wp-json\/wp\/v2\/product_tag?post=1604"}],"curies":[{"name":"wp","href":"https:\/\/api.w.org\/{rel}","templated":true}]}}