{"id":1611,"date":"2023-08-30T11:09:57","date_gmt":"2023-08-30T08:09:57","guid":{"rendered":"https:\/\/www.wooddoor.lv\/?post_type=product&#038;p=1611"},"modified":"2024-10-03T23:49:41","modified_gmt":"2024-10-03T20:49:41","slug":"kapriceza-polotno-gluhoe","status":"publish","type":"product","link":"https:\/\/wooddoor.lv\/ru\/product\/kapriceza-polotno-gluhoe\/","title":{"rendered":"KAPRICEZA Pilna"},"content":{"rendered":"<p>KAPRICEZA ir izgatavotas no augstas kvalit\u0101tes priedes mas\u012bvkoka kombin\u0101cij\u0101 ar MDF stabiliz\u0113jo\u0161\u0101m pamatn\u0113m. Iek\u0161\u0113j\u0101 telpa ir piepild\u012bta ar \u012bpa\u0161\u0101m \u0161\u016bn\u0101m, kas b\u016btiski uzlabo durvju ska\u0146as izol\u0101cijas \u012bpa\u0161\u012bbas.<\/p>\n<p>Durvju apdarei m\u0113s izmantojam ekofinieri no Jap\u0101nas vai V\u0101cijas, kas izce\u013cas ar unik\u0101lu &#8220;3D Wood Look&#8221; efektu, kas lieliski imit\u0113 dabisko koksni, pateicoties augstas kvalit\u0101tes drukas tehnolo\u0123ij\u0101m.<\/p>\n<p>Ekskluz\u012bvu un stil\u012bgu dizainu durv\u012bm pie\u0161\u0137ir ori\u0123in\u0101las formas caursp\u012bd\u012bgs ielaidums, kas izgatavots no Mate LUX vitr\u0101\u017eas stikla.<\/p>\n<p>Tr\u012bssl\u0101\u0146u laka, kas izgatavota Eirop\u0101, palielina iztur\u012bbu pret ilgsto\u0161u agres\u012bvas vides faktoru ietekmi. T\u0101pat t\u0101 pie\u0161\u0137ir virsmai pat\u012bkamu dabiskuma saj\u016btu, pieskaroties reljefam.<\/p>","protected":false},"excerpt":{"rendered":"<p>KAPRICEZA ir izgatavotas no augstas kvalit\u0101tes priedes mas\u012bvkoka kombin\u0101cij\u0101 ar MDF stabiliz\u0113jo\u0161\u0101m pamatn\u0113m. Iek\u0161\u0113j\u0101 telpa ir piepild\u012bta ar \u012bpa\u0161\u0101m \u0161\u016bn\u0101m,<\/p>","protected":false},"featured_media":1649,"template":"","meta":[],"product_brand":[],"product_cat":[15],"product_tag":[],"class_list":{"0":"post-1611","1":"product","2":"type-product","3":"status-publish","4":"has-post-thumbnail","6":"product_cat-interior-doors","7":"tm-no-options","9":"first","10":"onbackorder","11":"shipping-taxable","12":"purchasable","13":"product-type-variable"},"yoast_head":"<!-- This site is optimized with the Yoast SEO plugin v25.5 - https:\/\/yoast.com\/wordpress\/plugins\/seo\/ -->\n<title>KAPRICEZA Pilna - \u041c\u0430\u0433\u0430\u0437\u0438\u043d \u0432\u0445\u043e\u0434\u043d\u044b\u0445 \u0434\u0432\u0435\u0440\u0435\u0439<\/title>\n<meta name=\"description\" content=\"KAPRICEZA \u041f\u043e\u043b\u043e\u0442\u043d\u043e \u0413\u043b\u0443\u0445\u043e\u0435 \u0434\u043b\u044f \u0438\u0437\u0433\u043e\u0442\u043e\u0432\u043b\u0435\u043d\u0438\u044f \u043e\u0441\u043d\u043e\u0432\u044b \u044d\u0442\u043e\u0439 \u043c\u043e\u0434\u0435\u043b\u0438 \u0438\u0441\u043f\u043e\u043b\u044c\u0437\u043e\u0432\u0430\u043d \u0432\u044b\u0441\u043e\u043a\u043e\u043a\u0430\u0447\u0435\u0441\u0442\u0432\u0435\u043d\u043d\u044b\u0439 \u043c\u0430\u0441\u0441\u0438\u0432 \u0441\u043e\u0441\u043d\u044b \u0432 \u043a\u043e\u043c\u0431\u0438\u043d\u0430\u0446\u0438\u0438 \u0441\u043e \u0441\u0442\u0430\u0431\u0438\u043b\u0438\u0437\u0438\u0440\u0443\u044e\u0449\u0438\u043c\u0438 \u043f\u043e\u0434\u043b\u043e\u0436\u043a\u0430\u043c\u0438 \u0438\u0437 \u041c\u0414\u0424.\" \/>\n<meta name=\"robots\" content=\"index, follow, max-snippet:-1, max-image-preview:large, max-video-preview:-1\" \/>\n<link rel=\"canonical\" href=\"https:\/\/wooddoor.lv\/ru\/product\/kapriceza-polotno-gluhoe\/\" \/>\n<meta property=\"og:locale\" content=\"ru_RU\" \/>\n<meta property=\"og:type\" content=\"article\" \/>\n<meta property=\"og:title\" content=\"KAPRICEZA Pilna - \u041c\u0430\u0433\u0430\u0437\u0438\u043d \u0432\u0445\u043e\u0434\u043d\u044b\u0445 \u0434\u0432\u0435\u0440\u0435\u0439\" \/>\n<meta property=\"og:description\" content=\"KAPRICEZA \u041f\u043e\u043b\u043e\u0442\u043d\u043e \u0413\u043b\u0443\u0445\u043e\u0435 \u0434\u043b\u044f \u0438\u0437\u0433\u043e\u0442\u043e\u0432\u043b\u0435\u043d\u0438\u044f \u043e\u0441\u043d\u043e\u0432\u044b \u044d\u0442\u043e\u0439 \u043c\u043e\u0434\u0435\u043b\u0438 \u0438\u0441\u043f\u043e\u043b\u044c\u0437\u043e\u0432\u0430\u043d \u0432\u044b\u0441\u043e\u043a\u043e\u043a\u0430\u0447\u0435\u0441\u0442\u0432\u0435\u043d\u043d\u044b\u0439 \u043c\u0430\u0441\u0441\u0438\u0432 \u0441\u043e\u0441\u043d\u044b \u0432 \u043a\u043e\u043c\u0431\u0438\u043d\u0430\u0446\u0438\u0438 \u0441\u043e \u0441\u0442\u0430\u0431\u0438\u043b\u0438\u0437\u0438\u0440\u0443\u044e\u0449\u0438\u043c\u0438 \u043f\u043e\u0434\u043b\u043e\u0436\u043a\u0430\u043c\u0438 \u0438\u0437 \u041c\u0414\u0424.\" \/>\n<meta property=\"og:url\" content=\"https:\/\/wooddoor.lv\/ru\/product\/kapriceza-polotno-gluhoe\/\" \/>\n<meta property=\"og:site_name\" content=\"Wooddoor - Ieejas un iek\u0161durvju veikals R\u012bg\u0101\" \/>\n<meta property=\"article:publisher\" content=\"https:\/\/www.facebook.com\/wooddoors.lv\/\" \/>\n<meta property=\"article:modified_time\" content=\"2024-10-03T20:49:41+00:00\" \/>\n<meta property=\"og:image\" content=\"https:\/\/wooddoor.lv\/wp-content\/uploads\/2023\/08\/kapriceza-gluhoe-polotno-milanskij-oreh-min.png\" \/>\n\t<meta property=\"og:image:width\" content=\"379\" \/>\n\t<meta property=\"og:image:height\" content=\"800\" \/>\n\t<meta property=\"og:image:type\" content=\"image\/png\" \/>\n<meta name=\"twitter:card\" content=\"summary_large_image\" \/>\n<meta name=\"twitter:label1\" content=\"\u041f\u0440\u0438\u043c\u0435\u0440\u043d\u043e\u0435 \u0432\u0440\u0435\u043c\u044f \u0434\u043b\u044f \u0447\u0442\u0435\u043d\u0438\u044f\" \/>\n\t<meta name=\"twitter:data1\" content=\"1 \u043c\u0438\u043d\u0443\u0442\u0430\" \/>\n<script type=\"application\/ld+json\" class=\"yoast-schema-graph\">{\"@context\":\"https:\/\/schema.org\",\"@graph\":[{\"@type\":\"WebPage\",\"@id\":\"https:\/\/wooddoor.lv\/product\/kapriceza-polotno-gluhoe\/\",\"url\":\"https:\/\/wooddoor.lv\/product\/kapriceza-polotno-gluhoe\/\",\"name\":\"KAPRICEZA Pilna - \u041c\u0430\u0433\u0430\u0437\u0438\u043d \u0432\u0445\u043e\u0434\u043d\u044b\u0445 \u0434\u0432\u0435\u0440\u0435\u0439\",\"isPartOf\":{\"@id\":\"https:\/\/wooddoor.lv\/#website\"},\"primaryImageOfPage\":{\"@id\":\"https:\/\/wooddoor.lv\/product\/kapriceza-polotno-gluhoe\/#primaryimage\"},\"image\":{\"@id\":\"https:\/\/wooddoor.lv\/product\/kapriceza-polotno-gluhoe\/#primaryimage\"},\"thumbnailUrl\":\"https:\/\/wooddoor.lv\/wp-content\/uploads\/2023\/08\/kapriceza-gluhoe-polotno-milanskij-oreh-min.png\",\"datePublished\":\"2023-08-30T08:09:57+00:00\",\"dateModified\":\"2024-10-03T20:49:41+00:00\",\"description\":\"KAPRICEZA \u041f\u043e\u043b\u043e\u0442\u043d\u043e \u0413\u043b\u0443\u0445\u043e\u0435 \u0434\u043b\u044f \u0438\u0437\u0433\u043e\u0442\u043e\u0432\u043b\u0435\u043d\u0438\u044f \u043e\u0441\u043d\u043e\u0432\u044b \u044d\u0442\u043e\u0439 \u043c\u043e\u0434\u0435\u043b\u0438 \u0438\u0441\u043f\u043e\u043b\u044c\u0437\u043e\u0432\u0430\u043d \u0432\u044b\u0441\u043e\u043a\u043e\u043a\u0430\u0447\u0435\u0441\u0442\u0432\u0435\u043d\u043d\u044b\u0439 \u043c\u0430\u0441\u0441\u0438\u0432 \u0441\u043e\u0441\u043d\u044b \u0432 \u043a\u043e\u043c\u0431\u0438\u043d\u0430\u0446\u0438\u0438 \u0441\u043e \u0441\u0442\u0430\u0431\u0438\u043b\u0438\u0437\u0438\u0440\u0443\u044e\u0449\u0438\u043c\u0438 \u043f\u043e\u0434\u043b\u043e\u0436\u043a\u0430\u043c\u0438 \u0438\u0437 \u041c\u0414\u0424.\",\"breadcrumb\":{\"@id\":\"https:\/\/wooddoor.lv\/product\/kapriceza-polotno-gluhoe\/#breadcrumb\"},\"inLanguage\":\"ru-RU\",\"potentialAction\":[{\"@type\":\"ReadAction\",\"target\":[\"https:\/\/wooddoor.lv\/product\/kapriceza-polotno-gluhoe\/\"]}]},{\"@type\":\"ImageObject\",\"inLanguage\":\"ru-RU\",\"@id\":\"https:\/\/wooddoor.lv\/product\/kapriceza-polotno-gluhoe\/#primaryimage\",\"url\":\"https:\/\/wooddoor.lv\/wp-content\/uploads\/2023\/08\/kapriceza-gluhoe-polotno-milanskij-oreh-min.png\",\"contentUrl\":\"https:\/\/wooddoor.lv\/wp-content\/uploads\/2023\/08\/kapriceza-gluhoe-polotno-milanskij-oreh-min.png\",\"width\":379,\"height\":800},{\"@type\":\"BreadcrumbList\",\"@id\":\"https:\/\/wooddoor.lv\/product\/kapriceza-polotno-gluhoe\/#breadcrumb\",\"itemListElement\":[{\"@type\":\"ListItem\",\"position\":1,\"name\":\"Galven\u0101\",\"item\":\"https:\/\/wooddoor.lv\/\"},{\"@type\":\"ListItem\",\"position\":2,\"name\":\"Pre\u010du katalogs\",\"item\":\"https:\/\/wooddoor.lv\/shop\/\"},{\"@type\":\"ListItem\",\"position\":3,\"name\":\"Iek\u0161durvis\",\"item\":\"https:\/\/wooddoor.lv\/product-category\/interior-doors\/\"},{\"@type\":\"ListItem\",\"position\":4,\"name\":\"KAPRICEZA Pilna\"}]},{\"@type\":\"WebSite\",\"@id\":\"https:\/\/wooddoor.lv\/#website\",\"url\":\"https:\/\/wooddoor.lv\/\",\"name\":\"Wooddoor - Ieejas un iek\u0161durvju veikals R\u012bg\u0101\",\"description\":\"Jebkura izm\u0113ra durvis, daudz kr\u0101su un mode\u013cu. Bezmaksas pieg\u0101de R\u012bgas robe\u017e\u0101s.\",\"publisher\":{\"@id\":\"https:\/\/wooddoor.lv\/#organization\"},\"potentialAction\":[{\"@type\":\"SearchAction\",\"target\":{\"@type\":\"EntryPoint\",\"urlTemplate\":\"https:\/\/wooddoor.lv\/?s={search_term_string}\"},\"query-input\":{\"@type\":\"PropertyValueSpecification\",\"valueRequired\":true,\"valueName\":\"search_term_string\"}}],\"inLanguage\":\"ru-RU\"},{\"@type\":\"Organization\",\"@id\":\"https:\/\/wooddoor.lv\/#organization\",\"name\":\"Wooddoor\",\"url\":\"https:\/\/wooddoor.lv\/\",\"logo\":{\"@type\":\"ImageObject\",\"inLanguage\":\"ru-RU\",\"@id\":\"https:\/\/wooddoor.lv\/#\/schema\/logo\/image\/\",\"url\":\"https:\/\/wooddoor.lv\/wp-content\/uploads\/2023\/08\/favicon.svg\",\"contentUrl\":\"https:\/\/wooddoor.lv\/wp-content\/uploads\/2023\/08\/favicon.svg\",\"width\":46,\"height\":46,\"caption\":\"Wooddoor\"},\"image\":{\"@id\":\"https:\/\/wooddoor.lv\/#\/schema\/logo\/image\/\"},\"sameAs\":[\"https:\/\/www.facebook.com\/wooddoors.lv\/\"]}]}<\/script>\n<!-- \/ Yoast SEO plugin. -->","yoast_head_json":{"title":"KAPRICEZA Pilna - \u041c\u0430\u0433\u0430\u0437\u0438\u043d \u0432\u0445\u043e\u0434\u043d\u044b\u0445 \u0434\u0432\u0435\u0440\u0435\u0439","description":"KAPRICEZA \u041f\u043e\u043b\u043e\u0442\u043d\u043e \u0413\u043b\u0443\u0445\u043e\u0435 \u0434\u043b\u044f \u0438\u0437\u0433\u043e\u0442\u043e\u0432\u043b\u0435\u043d\u0438\u044f \u043e\u0441\u043d\u043e\u0432\u044b \u044d\u0442\u043e\u0439 \u043c\u043e\u0434\u0435\u043b\u0438 \u0438\u0441\u043f\u043e\u043b\u044c\u0437\u043e\u0432\u0430\u043d \u0432\u044b\u0441\u043e\u043a\u043e\u043a\u0430\u0447\u0435\u0441\u0442\u0432\u0435\u043d\u043d\u044b\u0439 \u043c\u0430\u0441\u0441\u0438\u0432 \u0441\u043e\u0441\u043d\u044b \u0432 \u043a\u043e\u043c\u0431\u0438\u043d\u0430\u0446\u0438\u0438 \u0441\u043e \u0441\u0442\u0430\u0431\u0438\u043b\u0438\u0437\u0438\u0440\u0443\u044e\u0449\u0438\u043c\u0438 \u043f\u043e\u0434\u043b\u043e\u0436\u043a\u0430\u043c\u0438 \u0438\u0437 \u041c\u0414\u0424.","robots":{"index":"index","follow":"follow","max-snippet":"max-snippet:-1","max-image-preview":"max-image-preview:large","max-video-preview":"max-video-preview:-1"},"canonical":"https:\/\/wooddoor.lv\/ru\/product\/kapriceza-polotno-gluhoe\/","og_locale":"ru_RU","og_type":"article","og_title":"KAPRICEZA Pilna - \u041c\u0430\u0433\u0430\u0437\u0438\u043d \u0432\u0445\u043e\u0434\u043d\u044b\u0445 \u0434\u0432\u0435\u0440\u0435\u0439","og_description":"KAPRICEZA \u041f\u043e\u043b\u043e\u0442\u043d\u043e \u0413\u043b\u0443\u0445\u043e\u0435 \u0434\u043b\u044f \u0438\u0437\u0433\u043e\u0442\u043e\u0432\u043b\u0435\u043d\u0438\u044f \u043e\u0441\u043d\u043e\u0432\u044b \u044d\u0442\u043e\u0439 \u043c\u043e\u0434\u0435\u043b\u0438 \u0438\u0441\u043f\u043e\u043b\u044c\u0437\u043e\u0432\u0430\u043d \u0432\u044b\u0441\u043e\u043a\u043e\u043a\u0430\u0447\u0435\u0441\u0442\u0432\u0435\u043d\u043d\u044b\u0439 \u043c\u0430\u0441\u0441\u0438\u0432 \u0441\u043e\u0441\u043d\u044b \u0432 \u043a\u043e\u043c\u0431\u0438\u043d\u0430\u0446\u0438\u0438 \u0441\u043e \u0441\u0442\u0430\u0431\u0438\u043b\u0438\u0437\u0438\u0440\u0443\u044e\u0449\u0438\u043c\u0438 \u043f\u043e\u0434\u043b\u043e\u0436\u043a\u0430\u043c\u0438 \u0438\u0437 \u041c\u0414\u0424.","og_url":"https:\/\/wooddoor.lv\/ru\/product\/kapriceza-polotno-gluhoe\/","og_site_name":"Wooddoor - Ieejas un iek\u0161durvju veikals R\u012bg\u0101","article_publisher":"https:\/\/www.facebook.com\/wooddoors.lv\/","article_modified_time":"2024-10-03T20:49:41+00:00","og_image":[{"width":379,"height":800,"url":"https:\/\/wooddoor.lv\/wp-content\/uploads\/2023\/08\/kapriceza-gluhoe-polotno-milanskij-oreh-min.png","type":"image\/png"}],"twitter_card":"summary_large_image","twitter_misc":{"\u041f\u0440\u0438\u043c\u0435\u0440\u043d\u043e\u0435 \u0432\u0440\u0435\u043c\u044f \u0434\u043b\u044f \u0447\u0442\u0435\u043d\u0438\u044f":"1 \u043c\u0438\u043d\u0443\u0442\u0430"},"schema":{"@context":"https:\/\/schema.org","@graph":[{"@type":"WebPage","@id":"https:\/\/wooddoor.lv\/product\/kapriceza-polotno-gluhoe\/","url":"https:\/\/wooddoor.lv\/product\/kapriceza-polotno-gluhoe\/","name":"KAPRICEZA Pilna - \u041c\u0430\u0433\u0430\u0437\u0438\u043d \u0432\u0445\u043e\u0434\u043d\u044b\u0445 \u0434\u0432\u0435\u0440\u0435\u0439","isPartOf":{"@id":"https:\/\/wooddoor.lv\/#website"},"primaryImageOfPage":{"@id":"https:\/\/wooddoor.lv\/product\/kapriceza-polotno-gluhoe\/#primaryimage"},"image":{"@id":"https:\/\/wooddoor.lv\/product\/kapriceza-polotno-gluhoe\/#primaryimage"},"thumbnailUrl":"https:\/\/wooddoor.lv\/wp-content\/uploads\/2023\/08\/kapriceza-gluhoe-polotno-milanskij-oreh-min.png","datePublished":"2023-08-30T08:09:57+00:00","dateModified":"2024-10-03T20:49:41+00:00","description":"KAPRICEZA \u041f\u043e\u043b\u043e\u0442\u043d\u043e \u0413\u043b\u0443\u0445\u043e\u0435 \u0434\u043b\u044f \u0438\u0437\u0433\u043e\u0442\u043e\u0432\u043b\u0435\u043d\u0438\u044f \u043e\u0441\u043d\u043e\u0432\u044b \u044d\u0442\u043e\u0439 \u043c\u043e\u0434\u0435\u043b\u0438 \u0438\u0441\u043f\u043e\u043b\u044c\u0437\u043e\u0432\u0430\u043d \u0432\u044b\u0441\u043e\u043a\u043e\u043a\u0430\u0447\u0435\u0441\u0442\u0432\u0435\u043d\u043d\u044b\u0439 \u043c\u0430\u0441\u0441\u0438\u0432 \u0441\u043e\u0441\u043d\u044b \u0432 \u043a\u043e\u043c\u0431\u0438\u043d\u0430\u0446\u0438\u0438 \u0441\u043e \u0441\u0442\u0430\u0431\u0438\u043b\u0438\u0437\u0438\u0440\u0443\u044e\u0449\u0438\u043c\u0438 \u043f\u043e\u0434\u043b\u043e\u0436\u043a\u0430\u043c\u0438 \u0438\u0437 \u041c\u0414\u0424.","breadcrumb":{"@id":"https:\/\/wooddoor.lv\/product\/kapriceza-polotno-gluhoe\/#breadcrumb"},"inLanguage":"ru-RU","potentialAction":[{"@type":"ReadAction","target":["https:\/\/wooddoor.lv\/product\/kapriceza-polotno-gluhoe\/"]}]},{"@type":"ImageObject","inLanguage":"ru-RU","@id":"https:\/\/wooddoor.lv\/product\/kapriceza-polotno-gluhoe\/#primaryimage","url":"https:\/\/wooddoor.lv\/wp-content\/uploads\/2023\/08\/kapriceza-gluhoe-polotno-milanskij-oreh-min.png","contentUrl":"https:\/\/wooddoor.lv\/wp-content\/uploads\/2023\/08\/kapriceza-gluhoe-polotno-milanskij-oreh-min.png","width":379,"height":800},{"@type":"BreadcrumbList","@id":"https:\/\/wooddoor.lv\/product\/kapriceza-polotno-gluhoe\/#breadcrumb","itemListElement":[{"@type":"ListItem","position":1,"name":"Galven\u0101","item":"https:\/\/wooddoor.lv\/"},{"@type":"ListItem","position":2,"name":"Pre\u010du katalogs","item":"https:\/\/wooddoor.lv\/shop\/"},{"@type":"ListItem","position":3,"name":"Iek\u0161durvis","item":"https:\/\/wooddoor.lv\/product-category\/interior-doors\/"},{"@type":"ListItem","position":4,"name":"KAPRICEZA Pilna"}]},{"@type":"WebSite","@id":"https:\/\/wooddoor.lv\/#website","url":"https:\/\/wooddoor.lv\/","name":"Wooddoor - Ieejas un iek\u0161durvju veikals R\u012bg\u0101","description":"Jebkura izm\u0113ra durvis, daudz kr\u0101su un mode\u013cu. Bezmaksas pieg\u0101de R\u012bgas robe\u017e\u0101s.","publisher":{"@id":"https:\/\/wooddoor.lv\/#organization"},"potentialAction":[{"@type":"SearchAction","target":{"@type":"EntryPoint","urlTemplate":"https:\/\/wooddoor.lv\/?s={search_term_string}"},"query-input":{"@type":"PropertyValueSpecification","valueRequired":true,"valueName":"search_term_string"}}],"inLanguage":"ru-RU"},{"@type":"Organization","@id":"https:\/\/wooddoor.lv\/#organization","name":"Wooddoor","url":"https:\/\/wooddoor.lv\/","logo":{"@type":"ImageObject","inLanguage":"ru-RU","@id":"https:\/\/wooddoor.lv\/#\/schema\/logo\/image\/","url":"https:\/\/wooddoor.lv\/wp-content\/uploads\/2023\/08\/favicon.svg","contentUrl":"https:\/\/wooddoor.lv\/wp-content\/uploads\/2023\/08\/favicon.svg","width":46,"height":46,"caption":"Wooddoor"},"image":{"@id":"https:\/\/wooddoor.lv\/#\/schema\/logo\/image\/"},"sameAs":["https:\/\/www.facebook.com\/wooddoors.lv\/"]}]}},"_links":{"self":[{"href":"https:\/\/wooddoor.lv\/ru\/wp-json\/wp\/v2\/product\/1611","targetHints":{"allow":["GET"]}}],"collection":[{"href":"https:\/\/wooddoor.lv\/ru\/wp-json\/wp\/v2\/product"}],"about":[{"href":"https:\/\/wooddoor.lv\/ru\/wp-json\/wp\/v2\/types\/product"}],"version-history":[{"count":0,"href":"https:\/\/wooddoor.lv\/ru\/wp-json\/wp\/v2\/product\/1611\/revisions"}],"wp:featuredmedia":[{"embeddable":true,"href":"https:\/\/wooddoor.lv\/ru\/wp-json\/wp\/v2\/media\/1649"}],"wp:attachment":[{"href":"https:\/\/wooddoor.lv\/ru\/wp-json\/wp\/v2\/media?parent=1611"}],"wp:term":[{"taxonomy":"product_brand","embeddable":true,"href":"https:\/\/wooddoor.lv\/ru\/wp-json\/wp\/v2\/product_brand?post=1611"},{"taxonomy":"product_cat","embeddable":true,"href":"https:\/\/wooddoor.lv\/ru\/wp-json\/wp\/v2\/product_cat?post=1611"},{"taxonomy":"product_tag","embeddable":true,"href":"https:\/\/wooddoor.lv\/ru\/wp-json\/wp\/v2\/product_tag?post=1611"}],"curies":[{"name":"wp","href":"https:\/\/api.w.org\/{rel}","templated":true}]}}