{"id":1614,"date":"2023-08-30T11:09:57","date_gmt":"2023-08-30T08:09:57","guid":{"rendered":"https:\/\/www.wooddoor.lv\/?post_type=product&#038;p=1614"},"modified":"2024-10-03T23:50:38","modified_gmt":"2024-10-03T20:50:38","slug":"madrid-04-osteklennoe","status":"publish","type":"product","link":"https:\/\/wooddoor.lv\/ru\/product\/madrid-04-osteklennoe\/","title":{"rendered":"MADRID 04 Ar stiklu"},"content":{"rendered":"<p>MADRID 04 stiklot\u0101s durvis ir izgatavotas no l\u012bm\u0113ta priedes mas\u012bvkoka, bet pane\u013ci ir izgatavoti no MDF.<\/p>\n<p>Modelis ir dekor\u0113ts ar alum\u012bnija moldingu. Molding stiprin\u0101jumu kvalit\u0101te tiek nodro\u0161in\u0101ta, izmantojot \u012bpa\u0161u mont\u0101\u017eas tehnolo\u0123iju, kur tie tiek ievietoti speci\u0101li izveidot\u0101s iedob\u0113s, t\u0101d\u0113j\u0101di nov\u0113r\u0161ot dekorat\u012bvo elementu nolob\u012b\u0161anos.<\/p>\n<p>Polipropil\u0113na mitrumiztur\u012bgais p\u0101rkl\u0101jums ir viegli t\u012br\u0101ms, neizdala smakas vai kait\u012bgas vielas. Kr\u0101sa saglab\u0101jas praktiski nemain\u012bga 15 gadu garum\u0101.<\/p>\n<p>Papildu dekor\u0101cijai tiek izmantoti Mate LUX stikla ielaidumi, kuru biezums ir 4 mm.<\/p>\n<p>Durvju v\u0113rtnes augstums ir 2 000 mm, platums 600, 700, 800, 900 mm, un biezums 39 mm.<\/p>","protected":false},"excerpt":{"rendered":"<p>MADRID 04 stiklot\u0101s durvis ir izgatavotas no l\u012bm\u0113ta priedes mas\u012bvkoka, bet pane\u013ci ir izgatavoti no MDF. Modelis ir dekor\u0113ts ar<\/p>","protected":false},"featured_media":1658,"template":"","meta":[],"product_brand":[],"product_cat":[15],"product_tag":[],"class_list":{"0":"post-1614","1":"product","2":"type-product","3":"status-publish","4":"has-post-thumbnail","6":"product_cat-interior-doors","7":"tm-no-options","9":"first","10":"onbackorder","11":"shipping-taxable","12":"purchasable","13":"product-type-variable","14":"has-default-attributes"},"yoast_head":"<!-- This site is optimized with the Yoast SEO plugin v25.5 - https:\/\/yoast.com\/wordpress\/plugins\/seo\/ -->\n<title>MADRID 04 Ar stiklu - \u041c\u0430\u0433\u0430\u0437\u0438\u043d \u0432\u0445\u043e\u0434\u043d\u044b\u0445 \u0434\u0432\u0435\u0440\u0435\u0439<\/title>\n<meta name=\"description\" content=\"MADRID 04 \u041e\u0441\u0442\u0435\u043a\u043b\u0435\u043d\u043d\u043e\u0435 \u0441\u0442\u043e\u0435\u0432\u044b\u0435 \u0434\u0435\u0442\u0430\u043b\u0438 \u0434\u0432\u0435\u0440\u0438 \u0438\u0437\u0433\u043e\u0442\u043e\u0432\u043b\u0435\u043d\u044b \u0438\u0437 \u043a\u043b\u0435\u0435\u043d\u043e\u0433\u043e \u043c\u0430\u0441\u0441\u0438\u0432\u0430 \u0441\u043e\u0441\u043d\u044b, \u0444\u0438\u043b\u0435\u043d\u043a\u0438 \u0438\u0437 \u041c\u0414\u0424. \u0426\u0432\u0435\u0442 \u043e\u0441\u0442\u0430\u0435\u0442\u0441\u044f \u043f\u0440\u0430\u043a\u0442\u0438\u0447\u0435\u0441\u043a\u0438 \u043d\u0435\u0438\u0437\u043c\u0435\u043d\u043d\u044b\u043c \u043d\u0430 \u043f\u0440\u043e\u0442\u044f\u0436\u0435\u043d\u0438\u0438 15 \u043b\u0435\u0442.\" \/>\n<meta name=\"robots\" content=\"index, follow, max-snippet:-1, max-image-preview:large, max-video-preview:-1\" \/>\n<link rel=\"canonical\" href=\"https:\/\/wooddoor.lv\/ru\/product\/madrid-04-osteklennoe\/\" \/>\n<meta property=\"og:locale\" content=\"ru_RU\" \/>\n<meta property=\"og:type\" content=\"article\" \/>\n<meta property=\"og:title\" content=\"MADRID 04 Ar stiklu - \u041c\u0430\u0433\u0430\u0437\u0438\u043d \u0432\u0445\u043e\u0434\u043d\u044b\u0445 \u0434\u0432\u0435\u0440\u0435\u0439\" \/>\n<meta property=\"og:description\" content=\"MADRID 04 \u041e\u0441\u0442\u0435\u043a\u043b\u0435\u043d\u043d\u043e\u0435 \u0441\u0442\u043e\u0435\u0432\u044b\u0435 \u0434\u0435\u0442\u0430\u043b\u0438 \u0434\u0432\u0435\u0440\u0438 \u0438\u0437\u0433\u043e\u0442\u043e\u0432\u043b\u0435\u043d\u044b \u0438\u0437 \u043a\u043b\u0435\u0435\u043d\u043e\u0433\u043e \u043c\u0430\u0441\u0441\u0438\u0432\u0430 \u0441\u043e\u0441\u043d\u044b, \u0444\u0438\u043b\u0435\u043d\u043a\u0438 \u0438\u0437 \u041c\u0414\u0424. \u0426\u0432\u0435\u0442 \u043e\u0441\u0442\u0430\u0435\u0442\u0441\u044f \u043f\u0440\u0430\u043a\u0442\u0438\u0447\u0435\u0441\u043a\u0438 \u043d\u0435\u0438\u0437\u043c\u0435\u043d\u043d\u044b\u043c \u043d\u0430 \u043f\u0440\u043e\u0442\u044f\u0436\u0435\u043d\u0438\u0438 15 \u043b\u0435\u0442.\" \/>\n<meta property=\"og:url\" content=\"https:\/\/wooddoor.lv\/ru\/product\/madrid-04-osteklennoe\/\" \/>\n<meta property=\"og:site_name\" content=\"Wooddoor - Ieejas un iek\u0161durvju veikals R\u012bg\u0101\" \/>\n<meta property=\"article:publisher\" content=\"https:\/\/www.facebook.com\/wooddoors.lv\/\" \/>\n<meta property=\"article:modified_time\" content=\"2024-10-03T20:50:38+00:00\" \/>\n<meta property=\"og:image\" content=\"https:\/\/wooddoor.lv\/wp-content\/uploads\/2023\/08\/madrid-04-osteklennoe-dub-dorato-min.png\" \/>\n\t<meta property=\"og:image:width\" content=\"379\" \/>\n\t<meta property=\"og:image:height\" content=\"800\" \/>\n\t<meta property=\"og:image:type\" content=\"image\/png\" \/>\n<meta name=\"twitter:card\" content=\"summary_large_image\" \/>\n<meta name=\"twitter:label1\" content=\"\u041f\u0440\u0438\u043c\u0435\u0440\u043d\u043e\u0435 \u0432\u0440\u0435\u043c\u044f \u0434\u043b\u044f \u0447\u0442\u0435\u043d\u0438\u044f\" \/>\n\t<meta name=\"twitter:data1\" content=\"1 \u043c\u0438\u043d\u0443\u0442\u0430\" \/>\n<script type=\"application\/ld+json\" class=\"yoast-schema-graph\">{\"@context\":\"https:\/\/schema.org\",\"@graph\":[{\"@type\":\"WebPage\",\"@id\":\"https:\/\/wooddoor.lv\/product\/madrid-04-osteklennoe\/\",\"url\":\"https:\/\/wooddoor.lv\/product\/madrid-04-osteklennoe\/\",\"name\":\"MADRID 04 Ar stiklu - \u041c\u0430\u0433\u0430\u0437\u0438\u043d \u0432\u0445\u043e\u0434\u043d\u044b\u0445 \u0434\u0432\u0435\u0440\u0435\u0439\",\"isPartOf\":{\"@id\":\"https:\/\/wooddoor.lv\/#website\"},\"primaryImageOfPage\":{\"@id\":\"https:\/\/wooddoor.lv\/product\/madrid-04-osteklennoe\/#primaryimage\"},\"image\":{\"@id\":\"https:\/\/wooddoor.lv\/product\/madrid-04-osteklennoe\/#primaryimage\"},\"thumbnailUrl\":\"https:\/\/wooddoor.lv\/wp-content\/uploads\/2023\/08\/madrid-04-osteklennoe-dub-dorato-min.png\",\"datePublished\":\"2023-08-30T08:09:57+00:00\",\"dateModified\":\"2024-10-03T20:50:38+00:00\",\"description\":\"MADRID 04 \u041e\u0441\u0442\u0435\u043a\u043b\u0435\u043d\u043d\u043e\u0435 \u0441\u0442\u043e\u0435\u0432\u044b\u0435 \u0434\u0435\u0442\u0430\u043b\u0438 \u0434\u0432\u0435\u0440\u0438 \u0438\u0437\u0433\u043e\u0442\u043e\u0432\u043b\u0435\u043d\u044b \u0438\u0437 \u043a\u043b\u0435\u0435\u043d\u043e\u0433\u043e \u043c\u0430\u0441\u0441\u0438\u0432\u0430 \u0441\u043e\u0441\u043d\u044b, \u0444\u0438\u043b\u0435\u043d\u043a\u0438 \u0438\u0437 \u041c\u0414\u0424. \u0426\u0432\u0435\u0442 \u043e\u0441\u0442\u0430\u0435\u0442\u0441\u044f \u043f\u0440\u0430\u043a\u0442\u0438\u0447\u0435\u0441\u043a\u0438 \u043d\u0435\u0438\u0437\u043c\u0435\u043d\u043d\u044b\u043c \u043d\u0430 \u043f\u0440\u043e\u0442\u044f\u0436\u0435\u043d\u0438\u0438 15 \u043b\u0435\u0442.\",\"breadcrumb\":{\"@id\":\"https:\/\/wooddoor.lv\/product\/madrid-04-osteklennoe\/#breadcrumb\"},\"inLanguage\":\"ru-RU\",\"potentialAction\":[{\"@type\":\"ReadAction\",\"target\":[\"https:\/\/wooddoor.lv\/product\/madrid-04-osteklennoe\/\"]}]},{\"@type\":\"ImageObject\",\"inLanguage\":\"ru-RU\",\"@id\":\"https:\/\/wooddoor.lv\/product\/madrid-04-osteklennoe\/#primaryimage\",\"url\":\"https:\/\/wooddoor.lv\/wp-content\/uploads\/2023\/08\/madrid-04-osteklennoe-dub-dorato-min.png\",\"contentUrl\":\"https:\/\/wooddoor.lv\/wp-content\/uploads\/2023\/08\/madrid-04-osteklennoe-dub-dorato-min.png\",\"width\":379,\"height\":800},{\"@type\":\"BreadcrumbList\",\"@id\":\"https:\/\/wooddoor.lv\/product\/madrid-04-osteklennoe\/#breadcrumb\",\"itemListElement\":[{\"@type\":\"ListItem\",\"position\":1,\"name\":\"Galven\u0101\",\"item\":\"https:\/\/wooddoor.lv\/\"},{\"@type\":\"ListItem\",\"position\":2,\"name\":\"Pre\u010du katalogs\",\"item\":\"https:\/\/wooddoor.lv\/shop\/\"},{\"@type\":\"ListItem\",\"position\":3,\"name\":\"Iek\u0161durvis\",\"item\":\"https:\/\/wooddoor.lv\/product-category\/interior-doors\/\"},{\"@type\":\"ListItem\",\"position\":4,\"name\":\"MADRID 04 Ar stiklu\"}]},{\"@type\":\"WebSite\",\"@id\":\"https:\/\/wooddoor.lv\/#website\",\"url\":\"https:\/\/wooddoor.lv\/\",\"name\":\"Wooddoor - Ieejas un iek\u0161durvju veikals R\u012bg\u0101\",\"description\":\"Jebkura izm\u0113ra durvis, daudz kr\u0101su un mode\u013cu. Bezmaksas pieg\u0101de R\u012bgas robe\u017e\u0101s.\",\"publisher\":{\"@id\":\"https:\/\/wooddoor.lv\/#organization\"},\"potentialAction\":[{\"@type\":\"SearchAction\",\"target\":{\"@type\":\"EntryPoint\",\"urlTemplate\":\"https:\/\/wooddoor.lv\/?s={search_term_string}\"},\"query-input\":{\"@type\":\"PropertyValueSpecification\",\"valueRequired\":true,\"valueName\":\"search_term_string\"}}],\"inLanguage\":\"ru-RU\"},{\"@type\":\"Organization\",\"@id\":\"https:\/\/wooddoor.lv\/#organization\",\"name\":\"Wooddoor\",\"url\":\"https:\/\/wooddoor.lv\/\",\"logo\":{\"@type\":\"ImageObject\",\"inLanguage\":\"ru-RU\",\"@id\":\"https:\/\/wooddoor.lv\/#\/schema\/logo\/image\/\",\"url\":\"https:\/\/wooddoor.lv\/wp-content\/uploads\/2023\/08\/favicon.svg\",\"contentUrl\":\"https:\/\/wooddoor.lv\/wp-content\/uploads\/2023\/08\/favicon.svg\",\"width\":46,\"height\":46,\"caption\":\"Wooddoor\"},\"image\":{\"@id\":\"https:\/\/wooddoor.lv\/#\/schema\/logo\/image\/\"},\"sameAs\":[\"https:\/\/www.facebook.com\/wooddoors.lv\/\"]}]}<\/script>\n<!-- \/ Yoast SEO plugin. -->","yoast_head_json":{"title":"MADRID 04 Ar stiklu - \u041c\u0430\u0433\u0430\u0437\u0438\u043d \u0432\u0445\u043e\u0434\u043d\u044b\u0445 \u0434\u0432\u0435\u0440\u0435\u0439","description":"MADRID 04 \u041e\u0441\u0442\u0435\u043a\u043b\u0435\u043d\u043d\u043e\u0435 \u0441\u0442\u043e\u0435\u0432\u044b\u0435 \u0434\u0435\u0442\u0430\u043b\u0438 \u0434\u0432\u0435\u0440\u0438 \u0438\u0437\u0433\u043e\u0442\u043e\u0432\u043b\u0435\u043d\u044b \u0438\u0437 \u043a\u043b\u0435\u0435\u043d\u043e\u0433\u043e \u043c\u0430\u0441\u0441\u0438\u0432\u0430 \u0441\u043e\u0441\u043d\u044b, \u0444\u0438\u043b\u0435\u043d\u043a\u0438 \u0438\u0437 \u041c\u0414\u0424. \u0426\u0432\u0435\u0442 \u043e\u0441\u0442\u0430\u0435\u0442\u0441\u044f \u043f\u0440\u0430\u043a\u0442\u0438\u0447\u0435\u0441\u043a\u0438 \u043d\u0435\u0438\u0437\u043c\u0435\u043d\u043d\u044b\u043c \u043d\u0430 \u043f\u0440\u043e\u0442\u044f\u0436\u0435\u043d\u0438\u0438 15 \u043b\u0435\u0442.","robots":{"index":"index","follow":"follow","max-snippet":"max-snippet:-1","max-image-preview":"max-image-preview:large","max-video-preview":"max-video-preview:-1"},"canonical":"https:\/\/wooddoor.lv\/ru\/product\/madrid-04-osteklennoe\/","og_locale":"ru_RU","og_type":"article","og_title":"MADRID 04 Ar stiklu - \u041c\u0430\u0433\u0430\u0437\u0438\u043d \u0432\u0445\u043e\u0434\u043d\u044b\u0445 \u0434\u0432\u0435\u0440\u0435\u0439","og_description":"MADRID 04 \u041e\u0441\u0442\u0435\u043a\u043b\u0435\u043d\u043d\u043e\u0435 \u0441\u0442\u043e\u0435\u0432\u044b\u0435 \u0434\u0435\u0442\u0430\u043b\u0438 \u0434\u0432\u0435\u0440\u0438 \u0438\u0437\u0433\u043e\u0442\u043e\u0432\u043b\u0435\u043d\u044b \u0438\u0437 \u043a\u043b\u0435\u0435\u043d\u043e\u0433\u043e \u043c\u0430\u0441\u0441\u0438\u0432\u0430 \u0441\u043e\u0441\u043d\u044b, \u0444\u0438\u043b\u0435\u043d\u043a\u0438 \u0438\u0437 \u041c\u0414\u0424. \u0426\u0432\u0435\u0442 \u043e\u0441\u0442\u0430\u0435\u0442\u0441\u044f \u043f\u0440\u0430\u043a\u0442\u0438\u0447\u0435\u0441\u043a\u0438 \u043d\u0435\u0438\u0437\u043c\u0435\u043d\u043d\u044b\u043c \u043d\u0430 \u043f\u0440\u043e\u0442\u044f\u0436\u0435\u043d\u0438\u0438 15 \u043b\u0435\u0442.","og_url":"https:\/\/wooddoor.lv\/ru\/product\/madrid-04-osteklennoe\/","og_site_name":"Wooddoor - Ieejas un iek\u0161durvju veikals R\u012bg\u0101","article_publisher":"https:\/\/www.facebook.com\/wooddoors.lv\/","article_modified_time":"2024-10-03T20:50:38+00:00","og_image":[{"width":379,"height":800,"url":"https:\/\/wooddoor.lv\/wp-content\/uploads\/2023\/08\/madrid-04-osteklennoe-dub-dorato-min.png","type":"image\/png"}],"twitter_card":"summary_large_image","twitter_misc":{"\u041f\u0440\u0438\u043c\u0435\u0440\u043d\u043e\u0435 \u0432\u0440\u0435\u043c\u044f \u0434\u043b\u044f \u0447\u0442\u0435\u043d\u0438\u044f":"1 \u043c\u0438\u043d\u0443\u0442\u0430"},"schema":{"@context":"https:\/\/schema.org","@graph":[{"@type":"WebPage","@id":"https:\/\/wooddoor.lv\/product\/madrid-04-osteklennoe\/","url":"https:\/\/wooddoor.lv\/product\/madrid-04-osteklennoe\/","name":"MADRID 04 Ar stiklu - \u041c\u0430\u0433\u0430\u0437\u0438\u043d \u0432\u0445\u043e\u0434\u043d\u044b\u0445 \u0434\u0432\u0435\u0440\u0435\u0439","isPartOf":{"@id":"https:\/\/wooddoor.lv\/#website"},"primaryImageOfPage":{"@id":"https:\/\/wooddoor.lv\/product\/madrid-04-osteklennoe\/#primaryimage"},"image":{"@id":"https:\/\/wooddoor.lv\/product\/madrid-04-osteklennoe\/#primaryimage"},"thumbnailUrl":"https:\/\/wooddoor.lv\/wp-content\/uploads\/2023\/08\/madrid-04-osteklennoe-dub-dorato-min.png","datePublished":"2023-08-30T08:09:57+00:00","dateModified":"2024-10-03T20:50:38+00:00","description":"MADRID 04 \u041e\u0441\u0442\u0435\u043a\u043b\u0435\u043d\u043d\u043e\u0435 \u0441\u0442\u043e\u0435\u0432\u044b\u0435 \u0434\u0435\u0442\u0430\u043b\u0438 \u0434\u0432\u0435\u0440\u0438 \u0438\u0437\u0433\u043e\u0442\u043e\u0432\u043b\u0435\u043d\u044b \u0438\u0437 \u043a\u043b\u0435\u0435\u043d\u043e\u0433\u043e \u043c\u0430\u0441\u0441\u0438\u0432\u0430 \u0441\u043e\u0441\u043d\u044b, \u0444\u0438\u043b\u0435\u043d\u043a\u0438 \u0438\u0437 \u041c\u0414\u0424. \u0426\u0432\u0435\u0442 \u043e\u0441\u0442\u0430\u0435\u0442\u0441\u044f \u043f\u0440\u0430\u043a\u0442\u0438\u0447\u0435\u0441\u043a\u0438 \u043d\u0435\u0438\u0437\u043c\u0435\u043d\u043d\u044b\u043c \u043d\u0430 \u043f\u0440\u043e\u0442\u044f\u0436\u0435\u043d\u0438\u0438 15 \u043b\u0435\u0442.","breadcrumb":{"@id":"https:\/\/wooddoor.lv\/product\/madrid-04-osteklennoe\/#breadcrumb"},"inLanguage":"ru-RU","potentialAction":[{"@type":"ReadAction","target":["https:\/\/wooddoor.lv\/product\/madrid-04-osteklennoe\/"]}]},{"@type":"ImageObject","inLanguage":"ru-RU","@id":"https:\/\/wooddoor.lv\/product\/madrid-04-osteklennoe\/#primaryimage","url":"https:\/\/wooddoor.lv\/wp-content\/uploads\/2023\/08\/madrid-04-osteklennoe-dub-dorato-min.png","contentUrl":"https:\/\/wooddoor.lv\/wp-content\/uploads\/2023\/08\/madrid-04-osteklennoe-dub-dorato-min.png","width":379,"height":800},{"@type":"BreadcrumbList","@id":"https:\/\/wooddoor.lv\/product\/madrid-04-osteklennoe\/#breadcrumb","itemListElement":[{"@type":"ListItem","position":1,"name":"Galven\u0101","item":"https:\/\/wooddoor.lv\/"},{"@type":"ListItem","position":2,"name":"Pre\u010du katalogs","item":"https:\/\/wooddoor.lv\/shop\/"},{"@type":"ListItem","position":3,"name":"Iek\u0161durvis","item":"https:\/\/wooddoor.lv\/product-category\/interior-doors\/"},{"@type":"ListItem","position":4,"name":"MADRID 04 Ar stiklu"}]},{"@type":"WebSite","@id":"https:\/\/wooddoor.lv\/#website","url":"https:\/\/wooddoor.lv\/","name":"Wooddoor - Ieejas un iek\u0161durvju veikals R\u012bg\u0101","description":"Jebkura izm\u0113ra durvis, daudz kr\u0101su un mode\u013cu. Bezmaksas pieg\u0101de R\u012bgas robe\u017e\u0101s.","publisher":{"@id":"https:\/\/wooddoor.lv\/#organization"},"potentialAction":[{"@type":"SearchAction","target":{"@type":"EntryPoint","urlTemplate":"https:\/\/wooddoor.lv\/?s={search_term_string}"},"query-input":{"@type":"PropertyValueSpecification","valueRequired":true,"valueName":"search_term_string"}}],"inLanguage":"ru-RU"},{"@type":"Organization","@id":"https:\/\/wooddoor.lv\/#organization","name":"Wooddoor","url":"https:\/\/wooddoor.lv\/","logo":{"@type":"ImageObject","inLanguage":"ru-RU","@id":"https:\/\/wooddoor.lv\/#\/schema\/logo\/image\/","url":"https:\/\/wooddoor.lv\/wp-content\/uploads\/2023\/08\/favicon.svg","contentUrl":"https:\/\/wooddoor.lv\/wp-content\/uploads\/2023\/08\/favicon.svg","width":46,"height":46,"caption":"Wooddoor"},"image":{"@id":"https:\/\/wooddoor.lv\/#\/schema\/logo\/image\/"},"sameAs":["https:\/\/www.facebook.com\/wooddoors.lv\/"]}]}},"_links":{"self":[{"href":"https:\/\/wooddoor.lv\/ru\/wp-json\/wp\/v2\/product\/1614","targetHints":{"allow":["GET"]}}],"collection":[{"href":"https:\/\/wooddoor.lv\/ru\/wp-json\/wp\/v2\/product"}],"about":[{"href":"https:\/\/wooddoor.lv\/ru\/wp-json\/wp\/v2\/types\/product"}],"version-history":[{"count":0,"href":"https:\/\/wooddoor.lv\/ru\/wp-json\/wp\/v2\/product\/1614\/revisions"}],"wp:featuredmedia":[{"embeddable":true,"href":"https:\/\/wooddoor.lv\/ru\/wp-json\/wp\/v2\/media\/1658"}],"wp:attachment":[{"href":"https:\/\/wooddoor.lv\/ru\/wp-json\/wp\/v2\/media?parent=1614"}],"wp:term":[{"taxonomy":"product_brand","embeddable":true,"href":"https:\/\/wooddoor.lv\/ru\/wp-json\/wp\/v2\/product_brand?post=1614"},{"taxonomy":"product_cat","embeddable":true,"href":"https:\/\/wooddoor.lv\/ru\/wp-json\/wp\/v2\/product_cat?post=1614"},{"taxonomy":"product_tag","embeddable":true,"href":"https:\/\/wooddoor.lv\/ru\/wp-json\/wp\/v2\/product_tag?post=1614"}],"curies":[{"name":"wp","href":"https:\/\/api.w.org\/{rel}","templated":true}]}}