{"id":1621,"date":"2023-08-30T11:09:57","date_gmt":"2023-08-30T08:09:57","guid":{"rendered":"https:\/\/www.wooddoor.lv\/?post_type=product&#038;p=1621"},"modified":"2024-10-03T23:55:22","modified_gmt":"2024-10-03T20:55:22","slug":"perfekta-polotno-gluhoe","status":"publish","type":"product","link":"https:\/\/wooddoor.lv\/ru\/product\/perfekta-polotno-gluhoe\/","title":{"rendered":"PERFEKTA Pilna"},"content":{"rendered":"<p>PERFEKTA Pilna durvis izgatavotas, izmantojot priedes mas\u012bvkoka un stabiliz\u0113jo\u0161u MDF pamat\u0146u kombin\u0101ciju. Durvju furnit\u016bras viet\u0101s ir paredz\u0113ts papildu karkasa stiprin\u0101jums, izmantojot priedes brusas.<\/p>\n<p>Apdarei izmantoti ozolkoka pane\u013ci, kas izgatavoti, izmantojot speci\u0101lu fr\u0113z\u0113\u0161anas tehnolo\u0123iju. \u0160\u012b ra\u017eo\u0161anas metode rada reljefa att\u0113la iespaidu un pie\u0161\u0137ir dizainam izsmalcin\u0101t\u012bbu.<\/p>\n<p>&#8220;EVO PRO&#8221; p\u0101rkl\u0101juma izmanto\u0161ana k\u0101 gala apdare nodro\u0161ina, ka durvju virsm\u0101 neveidojas plaisas mitruma un temperat\u016bras sv\u0101rst\u012bbu d\u0113\u013c. Tas pie\u0161\u0137ir pat\u012bkamu dabiskuma saj\u016btu, pieskaroties durvju virsmai, kas imit\u0113 dab\u012bg\u0101 koka reljefu.<\/p>\n<p>\u0160\u012bs durvis ir \u013coti popul\u0101ras telp\u0101s ar paaugstin\u0101tu mitrumu.<\/p>","protected":false},"excerpt":{"rendered":"<p>PERFEKTA Pilna durvis izgatavotas, izmantojot priedes mas\u012bvkoka un stabiliz\u0113jo\u0161u MDF pamat\u0146u kombin\u0101ciju. Durvju furnit\u016bras viet\u0101s ir paredz\u0113ts papildu karkasa stiprin\u0101jums,<\/p>","protected":false},"featured_media":1699,"template":"","meta":[],"product_brand":[],"product_cat":[15],"product_tag":[],"class_list":{"0":"post-1621","1":"product","2":"type-product","3":"status-publish","4":"has-post-thumbnail","6":"product_cat-interior-doors","7":"tm-no-options","9":"first","10":"instock","11":"shipping-taxable","12":"purchasable","13":"product-type-variable"},"yoast_head":"<!-- This site is optimized with the Yoast SEO plugin v25.5 - https:\/\/yoast.com\/wordpress\/plugins\/seo\/ -->\n<title>PERFEKTA Pilna - \u041c\u0435\u0436\u043a\u043e\u043c\u043d\u0430\u0442\u043d\u044b\u0435 \u0434\u0432\u0435\u0440\u0438 Wooddoor<\/title>\n<meta name=\"description\" content=\"PERFEKTA \u041f\u043e\u043b\u043e\u0442\u043d\u043e \u0413\u043b\u0443\u0445\u043e\u0435 \u043e\u0442\u043b\u0438\u0447\u0430\u0435\u0442\u0441\u044f \u0445\u043e\u0440\u043e\u0448\u0435\u0439 \u043d\u0430\u0434\u0435\u0436\u043d\u043e\u0441\u0442\u044c\u044e \u0431\u043b\u0430\u0433\u043e\u0434\u0430\u0440\u044f \u0438\u0441\u043f\u043e\u043b\u044c\u0437\u043e\u0432\u0430\u043d\u0438\u044e \u043d\u0430\u0440\u0430\u0431\u043e\u0442\u0430\u043d\u043d\u043e\u0439 \u043a\u043e\u043c\u0431\u0438\u043d\u0430\u0446\u0438\u0438 \u043c\u0430\u0441\u0441\u0438\u0432\u0430 \u0441\u043e\u0441\u043d\u044b \u0441\u0442\u0430\u0431\u0438\u043b\u0438\u0437\u0438\u0440\u0443\u044e\u0449\u0438\u0445 \u043f\u043e\u0434\u043b\u043e\u0436\u0435\u043a \u0438\u0437 \u041c\u0414\u0424.\" \/>\n<meta name=\"robots\" content=\"index, follow, max-snippet:-1, max-image-preview:large, max-video-preview:-1\" \/>\n<link rel=\"canonical\" href=\"https:\/\/wooddoor.lv\/ru\/product\/perfekta-polotno-gluhoe\/\" \/>\n<meta property=\"og:locale\" content=\"ru_RU\" \/>\n<meta property=\"og:type\" content=\"article\" \/>\n<meta property=\"og:title\" content=\"PERFEKTA Pilna - \u041c\u0435\u0436\u043a\u043e\u043c\u043d\u0430\u0442\u043d\u044b\u0435 \u0434\u0432\u0435\u0440\u0438 Wooddoor\" \/>\n<meta property=\"og:description\" content=\"PERFEKTA \u041f\u043e\u043b\u043e\u0442\u043d\u043e \u0413\u043b\u0443\u0445\u043e\u0435 \u043e\u0442\u043b\u0438\u0447\u0430\u0435\u0442\u0441\u044f \u0445\u043e\u0440\u043e\u0448\u0435\u0439 \u043d\u0430\u0434\u0435\u0436\u043d\u043e\u0441\u0442\u044c\u044e \u0431\u043b\u0430\u0433\u043e\u0434\u0430\u0440\u044f \u0438\u0441\u043f\u043e\u043b\u044c\u0437\u043e\u0432\u0430\u043d\u0438\u044e \u043d\u0430\u0440\u0430\u0431\u043e\u0442\u0430\u043d\u043d\u043e\u0439 \u043a\u043e\u043c\u0431\u0438\u043d\u0430\u0446\u0438\u0438 \u043c\u0430\u0441\u0441\u0438\u0432\u0430 \u0441\u043e\u0441\u043d\u044b \u0441\u0442\u0430\u0431\u0438\u043b\u0438\u0437\u0438\u0440\u0443\u044e\u0449\u0438\u0445 \u043f\u043e\u0434\u043b\u043e\u0436\u0435\u043a \u0438\u0437 \u041c\u0414\u0424.\" \/>\n<meta property=\"og:url\" content=\"https:\/\/wooddoor.lv\/ru\/product\/perfekta-polotno-gluhoe\/\" \/>\n<meta property=\"og:site_name\" content=\"Wooddoor - Ieejas un iek\u0161durvju veikals R\u012bg\u0101\" \/>\n<meta property=\"article:publisher\" content=\"https:\/\/www.facebook.com\/wooddoors.lv\/\" \/>\n<meta property=\"article:modified_time\" content=\"2024-10-03T20:55:22+00:00\" \/>\n<meta property=\"og:image\" content=\"https:\/\/wooddoor.lv\/wp-content\/uploads\/2023\/08\/perfekta-gluhoe-polotno-dub-dorato-min.png\" \/>\n\t<meta property=\"og:image:width\" content=\"379\" \/>\n\t<meta property=\"og:image:height\" content=\"800\" \/>\n\t<meta property=\"og:image:type\" content=\"image\/png\" \/>\n<meta name=\"twitter:card\" content=\"summary_large_image\" \/>\n<meta name=\"twitter:label1\" content=\"\u041f\u0440\u0438\u043c\u0435\u0440\u043d\u043e\u0435 \u0432\u0440\u0435\u043c\u044f \u0434\u043b\u044f \u0447\u0442\u0435\u043d\u0438\u044f\" \/>\n\t<meta name=\"twitter:data1\" content=\"1 \u043c\u0438\u043d\u0443\u0442\u0430\" \/>\n<script type=\"application\/ld+json\" class=\"yoast-schema-graph\">{\"@context\":\"https:\/\/schema.org\",\"@graph\":[{\"@type\":\"WebPage\",\"@id\":\"https:\/\/wooddoor.lv\/product\/perfekta-polotno-gluhoe\/\",\"url\":\"https:\/\/wooddoor.lv\/product\/perfekta-polotno-gluhoe\/\",\"name\":\"PERFEKTA Pilna - \u041c\u0435\u0436\u043a\u043e\u043c\u043d\u0430\u0442\u043d\u044b\u0435 \u0434\u0432\u0435\u0440\u0438 Wooddoor\",\"isPartOf\":{\"@id\":\"https:\/\/wooddoor.lv\/#website\"},\"primaryImageOfPage\":{\"@id\":\"https:\/\/wooddoor.lv\/product\/perfekta-polotno-gluhoe\/#primaryimage\"},\"image\":{\"@id\":\"https:\/\/wooddoor.lv\/product\/perfekta-polotno-gluhoe\/#primaryimage\"},\"thumbnailUrl\":\"https:\/\/wooddoor.lv\/wp-content\/uploads\/2023\/08\/perfekta-gluhoe-polotno-dub-dorato-min.png\",\"datePublished\":\"2023-08-30T08:09:57+00:00\",\"dateModified\":\"2024-10-03T20:55:22+00:00\",\"description\":\"PERFEKTA \u041f\u043e\u043b\u043e\u0442\u043d\u043e \u0413\u043b\u0443\u0445\u043e\u0435 \u043e\u0442\u043b\u0438\u0447\u0430\u0435\u0442\u0441\u044f \u0445\u043e\u0440\u043e\u0448\u0435\u0439 \u043d\u0430\u0434\u0435\u0436\u043d\u043e\u0441\u0442\u044c\u044e \u0431\u043b\u0430\u0433\u043e\u0434\u0430\u0440\u044f \u0438\u0441\u043f\u043e\u043b\u044c\u0437\u043e\u0432\u0430\u043d\u0438\u044e \u043d\u0430\u0440\u0430\u0431\u043e\u0442\u0430\u043d\u043d\u043e\u0439 \u043a\u043e\u043c\u0431\u0438\u043d\u0430\u0446\u0438\u0438 \u043c\u0430\u0441\u0441\u0438\u0432\u0430 \u0441\u043e\u0441\u043d\u044b \u0441\u0442\u0430\u0431\u0438\u043b\u0438\u0437\u0438\u0440\u0443\u044e\u0449\u0438\u0445 \u043f\u043e\u0434\u043b\u043e\u0436\u0435\u043a \u0438\u0437 \u041c\u0414\u0424.\",\"breadcrumb\":{\"@id\":\"https:\/\/wooddoor.lv\/product\/perfekta-polotno-gluhoe\/#breadcrumb\"},\"inLanguage\":\"ru-RU\",\"potentialAction\":[{\"@type\":\"ReadAction\",\"target\":[\"https:\/\/wooddoor.lv\/product\/perfekta-polotno-gluhoe\/\"]}]},{\"@type\":\"ImageObject\",\"inLanguage\":\"ru-RU\",\"@id\":\"https:\/\/wooddoor.lv\/product\/perfekta-polotno-gluhoe\/#primaryimage\",\"url\":\"https:\/\/wooddoor.lv\/wp-content\/uploads\/2023\/08\/perfekta-gluhoe-polotno-dub-dorato-min.png\",\"contentUrl\":\"https:\/\/wooddoor.lv\/wp-content\/uploads\/2023\/08\/perfekta-gluhoe-polotno-dub-dorato-min.png\",\"width\":379,\"height\":800},{\"@type\":\"BreadcrumbList\",\"@id\":\"https:\/\/wooddoor.lv\/product\/perfekta-polotno-gluhoe\/#breadcrumb\",\"itemListElement\":[{\"@type\":\"ListItem\",\"position\":1,\"name\":\"Galven\u0101\",\"item\":\"https:\/\/wooddoor.lv\/\"},{\"@type\":\"ListItem\",\"position\":2,\"name\":\"Pre\u010du katalogs\",\"item\":\"https:\/\/wooddoor.lv\/shop\/\"},{\"@type\":\"ListItem\",\"position\":3,\"name\":\"Iek\u0161durvis\",\"item\":\"https:\/\/wooddoor.lv\/product-category\/interior-doors\/\"},{\"@type\":\"ListItem\",\"position\":4,\"name\":\"PERFEKTA Pilna\"}]},{\"@type\":\"WebSite\",\"@id\":\"https:\/\/wooddoor.lv\/#website\",\"url\":\"https:\/\/wooddoor.lv\/\",\"name\":\"Wooddoor - Ieejas un iek\u0161durvju veikals R\u012bg\u0101\",\"description\":\"Jebkura izm\u0113ra durvis, daudz kr\u0101su un mode\u013cu. Bezmaksas pieg\u0101de R\u012bgas robe\u017e\u0101s.\",\"publisher\":{\"@id\":\"https:\/\/wooddoor.lv\/#organization\"},\"potentialAction\":[{\"@type\":\"SearchAction\",\"target\":{\"@type\":\"EntryPoint\",\"urlTemplate\":\"https:\/\/wooddoor.lv\/?s={search_term_string}\"},\"query-input\":{\"@type\":\"PropertyValueSpecification\",\"valueRequired\":true,\"valueName\":\"search_term_string\"}}],\"inLanguage\":\"ru-RU\"},{\"@type\":\"Organization\",\"@id\":\"https:\/\/wooddoor.lv\/#organization\",\"name\":\"Wooddoor\",\"url\":\"https:\/\/wooddoor.lv\/\",\"logo\":{\"@type\":\"ImageObject\",\"inLanguage\":\"ru-RU\",\"@id\":\"https:\/\/wooddoor.lv\/#\/schema\/logo\/image\/\",\"url\":\"https:\/\/wooddoor.lv\/wp-content\/uploads\/2023\/08\/favicon.svg\",\"contentUrl\":\"https:\/\/wooddoor.lv\/wp-content\/uploads\/2023\/08\/favicon.svg\",\"width\":46,\"height\":46,\"caption\":\"Wooddoor\"},\"image\":{\"@id\":\"https:\/\/wooddoor.lv\/#\/schema\/logo\/image\/\"},\"sameAs\":[\"https:\/\/www.facebook.com\/wooddoors.lv\/\"]}]}<\/script>\n<!-- \/ Yoast SEO plugin. -->","yoast_head_json":{"title":"PERFEKTA Pilna - \u041c\u0435\u0436\u043a\u043e\u043c\u043d\u0430\u0442\u043d\u044b\u0435 \u0434\u0432\u0435\u0440\u0438 Wooddoor","description":"PERFEKTA \u041f\u043e\u043b\u043e\u0442\u043d\u043e \u0413\u043b\u0443\u0445\u043e\u0435 \u043e\u0442\u043b\u0438\u0447\u0430\u0435\u0442\u0441\u044f \u0445\u043e\u0440\u043e\u0448\u0435\u0439 \u043d\u0430\u0434\u0435\u0436\u043d\u043e\u0441\u0442\u044c\u044e \u0431\u043b\u0430\u0433\u043e\u0434\u0430\u0440\u044f \u0438\u0441\u043f\u043e\u043b\u044c\u0437\u043e\u0432\u0430\u043d\u0438\u044e \u043d\u0430\u0440\u0430\u0431\u043e\u0442\u0430\u043d\u043d\u043e\u0439 \u043a\u043e\u043c\u0431\u0438\u043d\u0430\u0446\u0438\u0438 \u043c\u0430\u0441\u0441\u0438\u0432\u0430 \u0441\u043e\u0441\u043d\u044b \u0441\u0442\u0430\u0431\u0438\u043b\u0438\u0437\u0438\u0440\u0443\u044e\u0449\u0438\u0445 \u043f\u043e\u0434\u043b\u043e\u0436\u0435\u043a \u0438\u0437 \u041c\u0414\u0424.","robots":{"index":"index","follow":"follow","max-snippet":"max-snippet:-1","max-image-preview":"max-image-preview:large","max-video-preview":"max-video-preview:-1"},"canonical":"https:\/\/wooddoor.lv\/ru\/product\/perfekta-polotno-gluhoe\/","og_locale":"ru_RU","og_type":"article","og_title":"PERFEKTA Pilna - \u041c\u0435\u0436\u043a\u043e\u043c\u043d\u0430\u0442\u043d\u044b\u0435 \u0434\u0432\u0435\u0440\u0438 Wooddoor","og_description":"PERFEKTA \u041f\u043e\u043b\u043e\u0442\u043d\u043e \u0413\u043b\u0443\u0445\u043e\u0435 \u043e\u0442\u043b\u0438\u0447\u0430\u0435\u0442\u0441\u044f \u0445\u043e\u0440\u043e\u0448\u0435\u0439 \u043d\u0430\u0434\u0435\u0436\u043d\u043e\u0441\u0442\u044c\u044e \u0431\u043b\u0430\u0433\u043e\u0434\u0430\u0440\u044f \u0438\u0441\u043f\u043e\u043b\u044c\u0437\u043e\u0432\u0430\u043d\u0438\u044e \u043d\u0430\u0440\u0430\u0431\u043e\u0442\u0430\u043d\u043d\u043e\u0439 \u043a\u043e\u043c\u0431\u0438\u043d\u0430\u0446\u0438\u0438 \u043c\u0430\u0441\u0441\u0438\u0432\u0430 \u0441\u043e\u0441\u043d\u044b \u0441\u0442\u0430\u0431\u0438\u043b\u0438\u0437\u0438\u0440\u0443\u044e\u0449\u0438\u0445 \u043f\u043e\u0434\u043b\u043e\u0436\u0435\u043a \u0438\u0437 \u041c\u0414\u0424.","og_url":"https:\/\/wooddoor.lv\/ru\/product\/perfekta-polotno-gluhoe\/","og_site_name":"Wooddoor - Ieejas un iek\u0161durvju veikals R\u012bg\u0101","article_publisher":"https:\/\/www.facebook.com\/wooddoors.lv\/","article_modified_time":"2024-10-03T20:55:22+00:00","og_image":[{"width":379,"height":800,"url":"https:\/\/wooddoor.lv\/wp-content\/uploads\/2023\/08\/perfekta-gluhoe-polotno-dub-dorato-min.png","type":"image\/png"}],"twitter_card":"summary_large_image","twitter_misc":{"\u041f\u0440\u0438\u043c\u0435\u0440\u043d\u043e\u0435 \u0432\u0440\u0435\u043c\u044f \u0434\u043b\u044f \u0447\u0442\u0435\u043d\u0438\u044f":"1 \u043c\u0438\u043d\u0443\u0442\u0430"},"schema":{"@context":"https:\/\/schema.org","@graph":[{"@type":"WebPage","@id":"https:\/\/wooddoor.lv\/product\/perfekta-polotno-gluhoe\/","url":"https:\/\/wooddoor.lv\/product\/perfekta-polotno-gluhoe\/","name":"PERFEKTA Pilna - \u041c\u0435\u0436\u043a\u043e\u043c\u043d\u0430\u0442\u043d\u044b\u0435 \u0434\u0432\u0435\u0440\u0438 Wooddoor","isPartOf":{"@id":"https:\/\/wooddoor.lv\/#website"},"primaryImageOfPage":{"@id":"https:\/\/wooddoor.lv\/product\/perfekta-polotno-gluhoe\/#primaryimage"},"image":{"@id":"https:\/\/wooddoor.lv\/product\/perfekta-polotno-gluhoe\/#primaryimage"},"thumbnailUrl":"https:\/\/wooddoor.lv\/wp-content\/uploads\/2023\/08\/perfekta-gluhoe-polotno-dub-dorato-min.png","datePublished":"2023-08-30T08:09:57+00:00","dateModified":"2024-10-03T20:55:22+00:00","description":"PERFEKTA \u041f\u043e\u043b\u043e\u0442\u043d\u043e \u0413\u043b\u0443\u0445\u043e\u0435 \u043e\u0442\u043b\u0438\u0447\u0430\u0435\u0442\u0441\u044f \u0445\u043e\u0440\u043e\u0448\u0435\u0439 \u043d\u0430\u0434\u0435\u0436\u043d\u043e\u0441\u0442\u044c\u044e \u0431\u043b\u0430\u0433\u043e\u0434\u0430\u0440\u044f \u0438\u0441\u043f\u043e\u043b\u044c\u0437\u043e\u0432\u0430\u043d\u0438\u044e \u043d\u0430\u0440\u0430\u0431\u043e\u0442\u0430\u043d\u043d\u043e\u0439 \u043a\u043e\u043c\u0431\u0438\u043d\u0430\u0446\u0438\u0438 \u043c\u0430\u0441\u0441\u0438\u0432\u0430 \u0441\u043e\u0441\u043d\u044b \u0441\u0442\u0430\u0431\u0438\u043b\u0438\u0437\u0438\u0440\u0443\u044e\u0449\u0438\u0445 \u043f\u043e\u0434\u043b\u043e\u0436\u0435\u043a \u0438\u0437 \u041c\u0414\u0424.","breadcrumb":{"@id":"https:\/\/wooddoor.lv\/product\/perfekta-polotno-gluhoe\/#breadcrumb"},"inLanguage":"ru-RU","potentialAction":[{"@type":"ReadAction","target":["https:\/\/wooddoor.lv\/product\/perfekta-polotno-gluhoe\/"]}]},{"@type":"ImageObject","inLanguage":"ru-RU","@id":"https:\/\/wooddoor.lv\/product\/perfekta-polotno-gluhoe\/#primaryimage","url":"https:\/\/wooddoor.lv\/wp-content\/uploads\/2023\/08\/perfekta-gluhoe-polotno-dub-dorato-min.png","contentUrl":"https:\/\/wooddoor.lv\/wp-content\/uploads\/2023\/08\/perfekta-gluhoe-polotno-dub-dorato-min.png","width":379,"height":800},{"@type":"BreadcrumbList","@id":"https:\/\/wooddoor.lv\/product\/perfekta-polotno-gluhoe\/#breadcrumb","itemListElement":[{"@type":"ListItem","position":1,"name":"Galven\u0101","item":"https:\/\/wooddoor.lv\/"},{"@type":"ListItem","position":2,"name":"Pre\u010du katalogs","item":"https:\/\/wooddoor.lv\/shop\/"},{"@type":"ListItem","position":3,"name":"Iek\u0161durvis","item":"https:\/\/wooddoor.lv\/product-category\/interior-doors\/"},{"@type":"ListItem","position":4,"name":"PERFEKTA Pilna"}]},{"@type":"WebSite","@id":"https:\/\/wooddoor.lv\/#website","url":"https:\/\/wooddoor.lv\/","name":"Wooddoor - Ieejas un iek\u0161durvju veikals R\u012bg\u0101","description":"Jebkura izm\u0113ra durvis, daudz kr\u0101su un mode\u013cu. Bezmaksas pieg\u0101de R\u012bgas robe\u017e\u0101s.","publisher":{"@id":"https:\/\/wooddoor.lv\/#organization"},"potentialAction":[{"@type":"SearchAction","target":{"@type":"EntryPoint","urlTemplate":"https:\/\/wooddoor.lv\/?s={search_term_string}"},"query-input":{"@type":"PropertyValueSpecification","valueRequired":true,"valueName":"search_term_string"}}],"inLanguage":"ru-RU"},{"@type":"Organization","@id":"https:\/\/wooddoor.lv\/#organization","name":"Wooddoor","url":"https:\/\/wooddoor.lv\/","logo":{"@type":"ImageObject","inLanguage":"ru-RU","@id":"https:\/\/wooddoor.lv\/#\/schema\/logo\/image\/","url":"https:\/\/wooddoor.lv\/wp-content\/uploads\/2023\/08\/favicon.svg","contentUrl":"https:\/\/wooddoor.lv\/wp-content\/uploads\/2023\/08\/favicon.svg","width":46,"height":46,"caption":"Wooddoor"},"image":{"@id":"https:\/\/wooddoor.lv\/#\/schema\/logo\/image\/"},"sameAs":["https:\/\/www.facebook.com\/wooddoors.lv\/"]}]}},"_links":{"self":[{"href":"https:\/\/wooddoor.lv\/ru\/wp-json\/wp\/v2\/product\/1621","targetHints":{"allow":["GET"]}}],"collection":[{"href":"https:\/\/wooddoor.lv\/ru\/wp-json\/wp\/v2\/product"}],"about":[{"href":"https:\/\/wooddoor.lv\/ru\/wp-json\/wp\/v2\/types\/product"}],"version-history":[{"count":0,"href":"https:\/\/wooddoor.lv\/ru\/wp-json\/wp\/v2\/product\/1621\/revisions"}],"wp:featuredmedia":[{"embeddable":true,"href":"https:\/\/wooddoor.lv\/ru\/wp-json\/wp\/v2\/media\/1699"}],"wp:attachment":[{"href":"https:\/\/wooddoor.lv\/ru\/wp-json\/wp\/v2\/media?parent=1621"}],"wp:term":[{"taxonomy":"product_brand","embeddable":true,"href":"https:\/\/wooddoor.lv\/ru\/wp-json\/wp\/v2\/product_brand?post=1621"},{"taxonomy":"product_cat","embeddable":true,"href":"https:\/\/wooddoor.lv\/ru\/wp-json\/wp\/v2\/product_cat?post=1621"},{"taxonomy":"product_tag","embeddable":true,"href":"https:\/\/wooddoor.lv\/ru\/wp-json\/wp\/v2\/product_tag?post=1621"}],"curies":[{"name":"wp","href":"https:\/\/api.w.org\/{rel}","templated":true}]}}