{"id":1687,"date":"2023-08-30T11:10:19","date_gmt":"2023-08-30T08:10:19","guid":{"rendered":"https:\/\/www.wooddoor.lv\/?post_type=product&#038;p=1687"},"modified":"2024-10-03T01:49:23","modified_gmt":"2024-10-02T22:49:23","slug":"dvernaja-korobka-napoleon-kapriceza-shpon-mirella","status":"publish","type":"product","link":"https:\/\/wooddoor.lv\/ru\/product\/dvernaja-korobka-napoleon-kapriceza-shpon-mirella\/","title":{"rendered":"Durvju k\u0101rba NAPOLEON, KAPRICEZA Finieris, MIRELLA"},"content":{"rendered":"<p>Durvju k\u0101rba NAPOLEON, KAPRICEZA Finieris, MIRELLA<\/p>\n<p>Durvis: NAPOLEON, KAPRICEZA Finieris, MIRELLA<\/p>\n<p>Tips: Tips 40 standarts<\/p>\n<p>P\u0101rkl\u0101juma materi\u0101ls: Polipropil\u0113ns, Finieris<\/p>\n<p>Pieejam\u0101s kr\u0101sas (att\u0113l\u0101 redzama viena kr\u0101sa, bet iesp\u0113jams izv\u0113l\u0113ties da\u017e\u0101das): ozols, radi\u0101lais ozols, rieksts<\/p>\n<p>Vienas l\u012bstes garums: 2100 mm<\/p>","protected":false},"excerpt":{"rendered":"<p>Durvju k\u0101rba NAPOLEON, KAPRICEZA Finieris, MIRELLA Durvis: NAPOLEON, KAPRICEZA Finieris, MIRELLA Tips: Tips 40 standarts P\u0101rkl\u0101juma materi\u0101ls: Polipropil\u0113ns, Finieris Pieejam\u0101s<\/p>","protected":false},"featured_media":1720,"template":"","meta":[],"product_brand":[],"product_cat":[31,82],"product_tag":[],"class_list":{"0":"post-1687","1":"product","2":"type-product","3":"status-publish","4":"has-post-thumbnail","6":"product_cat-moldings","7":"product_cat-dvernaja-korobka","8":"tm-no-options","10":"first","11":"instock","12":"shipping-taxable","13":"purchasable","14":"product-type-variable","15":"has-default-attributes"},"yoast_head":"<!-- This site is optimized with the Yoast SEO plugin v25.5 - https:\/\/yoast.com\/wordpress\/plugins\/seo\/ -->\n<title>\u0414\u0432\u0435\u0440\u043d\u0430\u044f \u043a\u043e\u0440\u043e\u0431\u043a\u0430 NAPOLEON, KAPRICEZA - Wooddoors.lv<\/title>\n<meta name=\"description\" content=\"\u0414\u0432\u0435\u0440\u043d\u0430\u044f \u043a\u043e\u0440\u043e\u0431\u043a\u0430 NAPOLEON, KAPRICEZA \u0428\u043f\u043e\u043d, MIRELLA. \u0426\u0432\u0435\u0442\u0430 \u043d\u0430 \u0432\u044b\u0431\u043e\u0440: \u0414\u0443\u0431, \u0434\u0443\u0431 \u0440\u0430\u0434\u0438\u0430\u043b,\u041e\u0440\u0435\u0445. \u0414\u043b\u0438\u043d\u0430 \u043e\u0434\u043d\u043e\u0439 \u043f\u0430\u043b\u043a\u0438: 2100 \u043c\u043c.\" \/>\n<meta name=\"robots\" content=\"index, follow, max-snippet:-1, max-image-preview:large, max-video-preview:-1\" \/>\n<link rel=\"canonical\" href=\"https:\/\/wooddoor.lv\/ru\/product\/dvernaja-korobka-napoleon-kapriceza-shpon-mirella\/\" \/>\n<meta property=\"og:locale\" content=\"ru_RU\" \/>\n<meta property=\"og:type\" content=\"article\" \/>\n<meta property=\"og:title\" content=\"\u0414\u0432\u0435\u0440\u043d\u0430\u044f \u043a\u043e\u0440\u043e\u0431\u043a\u0430 NAPOLEON, KAPRICEZA - Wooddoors.lv\" \/>\n<meta property=\"og:description\" content=\"\u0414\u0432\u0435\u0440\u043d\u0430\u044f \u043a\u043e\u0440\u043e\u0431\u043a\u0430 NAPOLEON, KAPRICEZA \u0428\u043f\u043e\u043d, MIRELLA. \u0426\u0432\u0435\u0442\u0430 \u043d\u0430 \u0432\u044b\u0431\u043e\u0440: \u0414\u0443\u0431, \u0434\u0443\u0431 \u0440\u0430\u0434\u0438\u0430\u043b,\u041e\u0440\u0435\u0445. \u0414\u043b\u0438\u043d\u0430 \u043e\u0434\u043d\u043e\u0439 \u043f\u0430\u043b\u043a\u0438: 2100 \u043c\u043c.\" \/>\n<meta property=\"og:url\" content=\"https:\/\/wooddoor.lv\/ru\/product\/dvernaja-korobka-napoleon-kapriceza-shpon-mirella\/\" \/>\n<meta property=\"og:site_name\" content=\"Wooddoor - Ieejas un iek\u0161durvju veikals R\u012bg\u0101\" \/>\n<meta property=\"article:publisher\" content=\"https:\/\/www.facebook.com\/wooddoors.lv\/\" \/>\n<meta property=\"article:modified_time\" content=\"2024-10-02T22:49:23+00:00\" \/>\n<meta property=\"og:image\" content=\"https:\/\/wooddoor.lv\/wp-content\/uploads\/2023\/08\/stojka-dvernoj-korobki-tip-40.png\" \/>\n\t<meta property=\"og:image:width\" content=\"1337\" \/>\n\t<meta property=\"og:image:height\" content=\"1003\" \/>\n\t<meta property=\"og:image:type\" content=\"image\/png\" \/>\n<meta name=\"twitter:card\" content=\"summary_large_image\" \/>\n<meta name=\"twitter:label1\" content=\"\u041f\u0440\u0438\u043c\u0435\u0440\u043d\u043e\u0435 \u0432\u0440\u0435\u043c\u044f \u0434\u043b\u044f \u0447\u0442\u0435\u043d\u0438\u044f\" \/>\n\t<meta name=\"twitter:data1\" content=\"1 \u043c\u0438\u043d\u0443\u0442\u0430\" \/>\n<script type=\"application\/ld+json\" class=\"yoast-schema-graph\">{\"@context\":\"https:\/\/schema.org\",\"@graph\":[{\"@type\":\"WebPage\",\"@id\":\"https:\/\/wooddoor.lv\/product\/dvernaja-korobka-napoleon-kapriceza-shpon-mirella\/\",\"url\":\"https:\/\/wooddoor.lv\/product\/dvernaja-korobka-napoleon-kapriceza-shpon-mirella\/\",\"name\":\"\u0414\u0432\u0435\u0440\u043d\u0430\u044f \u043a\u043e\u0440\u043e\u0431\u043a\u0430 NAPOLEON, KAPRICEZA - Wooddoors.lv\",\"isPartOf\":{\"@id\":\"https:\/\/wooddoor.lv\/#website\"},\"primaryImageOfPage\":{\"@id\":\"https:\/\/wooddoor.lv\/product\/dvernaja-korobka-napoleon-kapriceza-shpon-mirella\/#primaryimage\"},\"image\":{\"@id\":\"https:\/\/wooddoor.lv\/product\/dvernaja-korobka-napoleon-kapriceza-shpon-mirella\/#primaryimage\"},\"thumbnailUrl\":\"https:\/\/wooddoor.lv\/wp-content\/uploads\/2023\/08\/stojka-dvernoj-korobki-tip-40.png\",\"datePublished\":\"2023-08-30T08:10:19+00:00\",\"dateModified\":\"2024-10-02T22:49:23+00:00\",\"description\":\"\u0414\u0432\u0435\u0440\u043d\u0430\u044f \u043a\u043e\u0440\u043e\u0431\u043a\u0430 NAPOLEON, KAPRICEZA \u0428\u043f\u043e\u043d, MIRELLA. \u0426\u0432\u0435\u0442\u0430 \u043d\u0430 \u0432\u044b\u0431\u043e\u0440: \u0414\u0443\u0431, \u0434\u0443\u0431 \u0440\u0430\u0434\u0438\u0430\u043b,\u041e\u0440\u0435\u0445. \u0414\u043b\u0438\u043d\u0430 \u043e\u0434\u043d\u043e\u0439 \u043f\u0430\u043b\u043a\u0438: 2100 \u043c\u043c.\",\"breadcrumb\":{\"@id\":\"https:\/\/wooddoor.lv\/product\/dvernaja-korobka-napoleon-kapriceza-shpon-mirella\/#breadcrumb\"},\"inLanguage\":\"ru-RU\",\"potentialAction\":[{\"@type\":\"ReadAction\",\"target\":[\"https:\/\/wooddoor.lv\/product\/dvernaja-korobka-napoleon-kapriceza-shpon-mirella\/\"]}]},{\"@type\":\"ImageObject\",\"inLanguage\":\"ru-RU\",\"@id\":\"https:\/\/wooddoor.lv\/product\/dvernaja-korobka-napoleon-kapriceza-shpon-mirella\/#primaryimage\",\"url\":\"https:\/\/wooddoor.lv\/wp-content\/uploads\/2023\/08\/stojka-dvernoj-korobki-tip-40.png\",\"contentUrl\":\"https:\/\/wooddoor.lv\/wp-content\/uploads\/2023\/08\/stojka-dvernoj-korobki-tip-40.png\",\"width\":1337,\"height\":1003},{\"@type\":\"BreadcrumbList\",\"@id\":\"https:\/\/wooddoor.lv\/product\/dvernaja-korobka-napoleon-kapriceza-shpon-mirella\/#breadcrumb\",\"itemListElement\":[{\"@type\":\"ListItem\",\"position\":1,\"name\":\"Galven\u0101\",\"item\":\"https:\/\/wooddoor.lv\/\"},{\"@type\":\"ListItem\",\"position\":2,\"name\":\"Pre\u010du katalogs\",\"item\":\"https:\/\/wooddoor.lv\/shop\/\"},{\"@type\":\"ListItem\",\"position\":3,\"name\":\"Durvju aplodas\",\"item\":\"https:\/\/wooddoor.lv\/product-category\/moldings\/\"},{\"@type\":\"ListItem\",\"position\":4,\"name\":\"Durvju k\u0101rba\",\"item\":\"https:\/\/wooddoor.lv\/product-category\/moldings\/dvernaja-korobka\/\"},{\"@type\":\"ListItem\",\"position\":5,\"name\":\"Durvju k\u0101rba NAPOLEON, KAPRICEZA Finieris, MIRELLA\"}]},{\"@type\":\"WebSite\",\"@id\":\"https:\/\/wooddoor.lv\/#website\",\"url\":\"https:\/\/wooddoor.lv\/\",\"name\":\"Wooddoor - Ieejas un iek\u0161durvju veikals R\u012bg\u0101\",\"description\":\"Jebkura izm\u0113ra durvis, daudz kr\u0101su un mode\u013cu. Bezmaksas pieg\u0101de R\u012bgas robe\u017e\u0101s.\",\"publisher\":{\"@id\":\"https:\/\/wooddoor.lv\/#organization\"},\"potentialAction\":[{\"@type\":\"SearchAction\",\"target\":{\"@type\":\"EntryPoint\",\"urlTemplate\":\"https:\/\/wooddoor.lv\/?s={search_term_string}\"},\"query-input\":{\"@type\":\"PropertyValueSpecification\",\"valueRequired\":true,\"valueName\":\"search_term_string\"}}],\"inLanguage\":\"ru-RU\"},{\"@type\":\"Organization\",\"@id\":\"https:\/\/wooddoor.lv\/#organization\",\"name\":\"Wooddoor\",\"url\":\"https:\/\/wooddoor.lv\/\",\"logo\":{\"@type\":\"ImageObject\",\"inLanguage\":\"ru-RU\",\"@id\":\"https:\/\/wooddoor.lv\/#\/schema\/logo\/image\/\",\"url\":\"https:\/\/wooddoor.lv\/wp-content\/uploads\/2023\/08\/favicon.svg\",\"contentUrl\":\"https:\/\/wooddoor.lv\/wp-content\/uploads\/2023\/08\/favicon.svg\",\"width\":46,\"height\":46,\"caption\":\"Wooddoor\"},\"image\":{\"@id\":\"https:\/\/wooddoor.lv\/#\/schema\/logo\/image\/\"},\"sameAs\":[\"https:\/\/www.facebook.com\/wooddoors.lv\/\"]}]}<\/script>\n<!-- \/ Yoast SEO plugin. -->","yoast_head_json":{"title":"\u0414\u0432\u0435\u0440\u043d\u0430\u044f \u043a\u043e\u0440\u043e\u0431\u043a\u0430 NAPOLEON, KAPRICEZA - Wooddoors.lv","description":"\u0414\u0432\u0435\u0440\u043d\u0430\u044f \u043a\u043e\u0440\u043e\u0431\u043a\u0430 NAPOLEON, KAPRICEZA \u0428\u043f\u043e\u043d, MIRELLA. \u0426\u0432\u0435\u0442\u0430 \u043d\u0430 \u0432\u044b\u0431\u043e\u0440: \u0414\u0443\u0431, \u0434\u0443\u0431 \u0440\u0430\u0434\u0438\u0430\u043b,\u041e\u0440\u0435\u0445. \u0414\u043b\u0438\u043d\u0430 \u043e\u0434\u043d\u043e\u0439 \u043f\u0430\u043b\u043a\u0438: 2100 \u043c\u043c.","robots":{"index":"index","follow":"follow","max-snippet":"max-snippet:-1","max-image-preview":"max-image-preview:large","max-video-preview":"max-video-preview:-1"},"canonical":"https:\/\/wooddoor.lv\/ru\/product\/dvernaja-korobka-napoleon-kapriceza-shpon-mirella\/","og_locale":"ru_RU","og_type":"article","og_title":"\u0414\u0432\u0435\u0440\u043d\u0430\u044f \u043a\u043e\u0440\u043e\u0431\u043a\u0430 NAPOLEON, KAPRICEZA - Wooddoors.lv","og_description":"\u0414\u0432\u0435\u0440\u043d\u0430\u044f \u043a\u043e\u0440\u043e\u0431\u043a\u0430 NAPOLEON, KAPRICEZA \u0428\u043f\u043e\u043d, MIRELLA. \u0426\u0432\u0435\u0442\u0430 \u043d\u0430 \u0432\u044b\u0431\u043e\u0440: \u0414\u0443\u0431, \u0434\u0443\u0431 \u0440\u0430\u0434\u0438\u0430\u043b,\u041e\u0440\u0435\u0445. \u0414\u043b\u0438\u043d\u0430 \u043e\u0434\u043d\u043e\u0439 \u043f\u0430\u043b\u043a\u0438: 2100 \u043c\u043c.","og_url":"https:\/\/wooddoor.lv\/ru\/product\/dvernaja-korobka-napoleon-kapriceza-shpon-mirella\/","og_site_name":"Wooddoor - Ieejas un iek\u0161durvju veikals R\u012bg\u0101","article_publisher":"https:\/\/www.facebook.com\/wooddoors.lv\/","article_modified_time":"2024-10-02T22:49:23+00:00","og_image":[{"width":1337,"height":1003,"url":"https:\/\/wooddoor.lv\/wp-content\/uploads\/2023\/08\/stojka-dvernoj-korobki-tip-40.png","type":"image\/png"}],"twitter_card":"summary_large_image","twitter_misc":{"\u041f\u0440\u0438\u043c\u0435\u0440\u043d\u043e\u0435 \u0432\u0440\u0435\u043c\u044f \u0434\u043b\u044f \u0447\u0442\u0435\u043d\u0438\u044f":"1 \u043c\u0438\u043d\u0443\u0442\u0430"},"schema":{"@context":"https:\/\/schema.org","@graph":[{"@type":"WebPage","@id":"https:\/\/wooddoor.lv\/product\/dvernaja-korobka-napoleon-kapriceza-shpon-mirella\/","url":"https:\/\/wooddoor.lv\/product\/dvernaja-korobka-napoleon-kapriceza-shpon-mirella\/","name":"\u0414\u0432\u0435\u0440\u043d\u0430\u044f \u043a\u043e\u0440\u043e\u0431\u043a\u0430 NAPOLEON, KAPRICEZA - Wooddoors.lv","isPartOf":{"@id":"https:\/\/wooddoor.lv\/#website"},"primaryImageOfPage":{"@id":"https:\/\/wooddoor.lv\/product\/dvernaja-korobka-napoleon-kapriceza-shpon-mirella\/#primaryimage"},"image":{"@id":"https:\/\/wooddoor.lv\/product\/dvernaja-korobka-napoleon-kapriceza-shpon-mirella\/#primaryimage"},"thumbnailUrl":"https:\/\/wooddoor.lv\/wp-content\/uploads\/2023\/08\/stojka-dvernoj-korobki-tip-40.png","datePublished":"2023-08-30T08:10:19+00:00","dateModified":"2024-10-02T22:49:23+00:00","description":"\u0414\u0432\u0435\u0440\u043d\u0430\u044f \u043a\u043e\u0440\u043e\u0431\u043a\u0430 NAPOLEON, KAPRICEZA \u0428\u043f\u043e\u043d, MIRELLA. \u0426\u0432\u0435\u0442\u0430 \u043d\u0430 \u0432\u044b\u0431\u043e\u0440: \u0414\u0443\u0431, \u0434\u0443\u0431 \u0440\u0430\u0434\u0438\u0430\u043b,\u041e\u0440\u0435\u0445. \u0414\u043b\u0438\u043d\u0430 \u043e\u0434\u043d\u043e\u0439 \u043f\u0430\u043b\u043a\u0438: 2100 \u043c\u043c.","breadcrumb":{"@id":"https:\/\/wooddoor.lv\/product\/dvernaja-korobka-napoleon-kapriceza-shpon-mirella\/#breadcrumb"},"inLanguage":"ru-RU","potentialAction":[{"@type":"ReadAction","target":["https:\/\/wooddoor.lv\/product\/dvernaja-korobka-napoleon-kapriceza-shpon-mirella\/"]}]},{"@type":"ImageObject","inLanguage":"ru-RU","@id":"https:\/\/wooddoor.lv\/product\/dvernaja-korobka-napoleon-kapriceza-shpon-mirella\/#primaryimage","url":"https:\/\/wooddoor.lv\/wp-content\/uploads\/2023\/08\/stojka-dvernoj-korobki-tip-40.png","contentUrl":"https:\/\/wooddoor.lv\/wp-content\/uploads\/2023\/08\/stojka-dvernoj-korobki-tip-40.png","width":1337,"height":1003},{"@type":"BreadcrumbList","@id":"https:\/\/wooddoor.lv\/product\/dvernaja-korobka-napoleon-kapriceza-shpon-mirella\/#breadcrumb","itemListElement":[{"@type":"ListItem","position":1,"name":"Galven\u0101","item":"https:\/\/wooddoor.lv\/"},{"@type":"ListItem","position":2,"name":"Pre\u010du katalogs","item":"https:\/\/wooddoor.lv\/shop\/"},{"@type":"ListItem","position":3,"name":"Durvju aplodas","item":"https:\/\/wooddoor.lv\/product-category\/moldings\/"},{"@type":"ListItem","position":4,"name":"Durvju k\u0101rba","item":"https:\/\/wooddoor.lv\/product-category\/moldings\/dvernaja-korobka\/"},{"@type":"ListItem","position":5,"name":"Durvju k\u0101rba NAPOLEON, KAPRICEZA Finieris, MIRELLA"}]},{"@type":"WebSite","@id":"https:\/\/wooddoor.lv\/#website","url":"https:\/\/wooddoor.lv\/","name":"Wooddoor - Ieejas un iek\u0161durvju veikals R\u012bg\u0101","description":"Jebkura izm\u0113ra durvis, daudz kr\u0101su un mode\u013cu. Bezmaksas pieg\u0101de R\u012bgas robe\u017e\u0101s.","publisher":{"@id":"https:\/\/wooddoor.lv\/#organization"},"potentialAction":[{"@type":"SearchAction","target":{"@type":"EntryPoint","urlTemplate":"https:\/\/wooddoor.lv\/?s={search_term_string}"},"query-input":{"@type":"PropertyValueSpecification","valueRequired":true,"valueName":"search_term_string"}}],"inLanguage":"ru-RU"},{"@type":"Organization","@id":"https:\/\/wooddoor.lv\/#organization","name":"Wooddoor","url":"https:\/\/wooddoor.lv\/","logo":{"@type":"ImageObject","inLanguage":"ru-RU","@id":"https:\/\/wooddoor.lv\/#\/schema\/logo\/image\/","url":"https:\/\/wooddoor.lv\/wp-content\/uploads\/2023\/08\/favicon.svg","contentUrl":"https:\/\/wooddoor.lv\/wp-content\/uploads\/2023\/08\/favicon.svg","width":46,"height":46,"caption":"Wooddoor"},"image":{"@id":"https:\/\/wooddoor.lv\/#\/schema\/logo\/image\/"},"sameAs":["https:\/\/www.facebook.com\/wooddoors.lv\/"]}]}},"_links":{"self":[{"href":"https:\/\/wooddoor.lv\/ru\/wp-json\/wp\/v2\/product\/1687","targetHints":{"allow":["GET"]}}],"collection":[{"href":"https:\/\/wooddoor.lv\/ru\/wp-json\/wp\/v2\/product"}],"about":[{"href":"https:\/\/wooddoor.lv\/ru\/wp-json\/wp\/v2\/types\/product"}],"version-history":[{"count":1,"href":"https:\/\/wooddoor.lv\/ru\/wp-json\/wp\/v2\/product\/1687\/revisions"}],"predecessor-version":[{"id":4838,"href":"https:\/\/wooddoor.lv\/ru\/wp-json\/wp\/v2\/product\/1687\/revisions\/4838"}],"wp:featuredmedia":[{"embeddable":true,"href":"https:\/\/wooddoor.lv\/ru\/wp-json\/wp\/v2\/media\/1720"}],"wp:attachment":[{"href":"https:\/\/wooddoor.lv\/ru\/wp-json\/wp\/v2\/media?parent=1687"}],"wp:term":[{"taxonomy":"product_brand","embeddable":true,"href":"https:\/\/wooddoor.lv\/ru\/wp-json\/wp\/v2\/product_brand?post=1687"},{"taxonomy":"product_cat","embeddable":true,"href":"https:\/\/wooddoor.lv\/ru\/wp-json\/wp\/v2\/product_cat?post=1687"},{"taxonomy":"product_tag","embeddable":true,"href":"https:\/\/wooddoor.lv\/ru\/wp-json\/wp\/v2\/product_tag?post=1687"}],"curies":[{"name":"wp","href":"https:\/\/api.w.org\/{rel}","templated":true}]}}