{"id":2204,"date":"2023-08-30T11:12:47","date_gmt":"2023-08-30T08:12:47","guid":{"rendered":"https:\/\/www.wooddoor.lv\/?post_type=product&#038;p=2204"},"modified":"2024-10-03T06:11:53","modified_gmt":"2024-10-03T03:11:53","slug":"dvernoj-zamok-polaris-magnit-f18-pz-85","status":"publish","type":"product","link":"https:\/\/wooddoor.lv\/ru\/product\/dvernoj-zamok-polaris-magnit-f18-pz-85\/","title":{"rendered":"Durvju sl\u0113dzene POLARIS (Magn\u0113ts) F18 PZ\/85"},"content":{"rendered":"<p>Durvju sl\u0113dzene POLARIS (Magn\u0113ts) F18 PZ\/85, kas atbilst Skandin\u0101vijas standartam, ir piem\u0113rota gan \u0101r\u0113j\u0101m, gan iek\u0161\u0113j\u0101m durv\u012bm, kuras var aizsl\u0113gt ar DIN standarta cilindru. Sl\u0113dzeni var aizsl\u0113gt un atsl\u0113gt, piln\u012bb\u0101 pagrie\u017eot atsl\u0113gu. M\u0113l\u012btes garums ir 14 mm. Sl\u0113dzenes pusi var main\u012bt, ievietojot m\u0113l\u012bti korpus\u0101 un pagrie\u017eot to par 180\u00b0. Sl\u0113dzenei ir ugunsiztur\u012bba EI30.<\/p>","protected":false},"excerpt":{"rendered":"<p>Durvju sl\u0113dzene POLARIS (Magn\u0113ts) F18 PZ\/85, kas atbilst Skandin\u0101vijas standartam, ir piem\u0113rota gan \u0101r\u0113j\u0101m, gan iek\u0161\u0113j\u0101m durv\u012bm, kuras var aizsl\u0113gt<\/p>","protected":false},"featured_media":2236,"template":"","meta":[],"product_brand":[],"product_cat":[152,131],"product_tag":[],"class_list":{"0":"post-2204","1":"product","2":"type-product","3":"status-publish","4":"has-post-thumbnail","6":"product_cat-dvernye-zamki","7":"product_cat-furnitura","8":"tm-no-options","10":"first","11":"instock","12":"shipping-taxable","13":"purchasable","14":"product-type-variable","15":"has-default-attributes"},"yoast_head":"<!-- This site is optimized with the Yoast SEO plugin v25.5 - https:\/\/yoast.com\/wordpress\/plugins\/seo\/ -->\n<title>Durvju sl\u0113dzene POLARIS (Magn\u0113ts) F18 PZ\/85 - \u041c\u0430\u0433\u0430\u0437\u0438\u043d Wooddoors.lv<\/title>\n<meta name=\"description\" content=\"\u0414\u0432\u0435\u0440\u043d\u043e\u0439 \u0437\u0430\u043c\u043e\u043a POLARIS (\u041c\u0430\u0433\u043d\u0438\u0442) F18 PZ\/85 \u0441\u043a\u0430\u043d\u0434\u0438\u043d\u0430\u0432\u0441\u043a\u043e\u0433\u043e \u0441\u0442\u0430\u043d\u0434\u0430\u0440\u0442\u0430 \u043f\u043e\u0434\u0445\u043e\u0434\u0438\u0442 \u0434\u043b\u044f \u043d\u0430\u0440\u0443\u0436\u043d\u044b\u0445 \u0438 \u0432\u043d\u0443\u0442\u0440\u0435\u043d\u043d\u0438\u0445 \u0434\u0432\u0435\u0440\u0435\u0439, \u043a\u043e\u0442\u043e\u0440\u044b\u0435 \u043c\u043e\u0436\u043d\u043e \u0437\u0430\u043f\u0438\u0440\u0430\u0442\u044c \u0446\u0438\u043b\u0438\u043d\u0434\u0440\u043e\u043c \u0441\u0442\u0430\u043d\u0434\u0430\u0440\u0442\u0430 DIN.\" \/>\n<meta name=\"robots\" content=\"index, follow, max-snippet:-1, max-image-preview:large, max-video-preview:-1\" \/>\n<link rel=\"canonical\" href=\"https:\/\/wooddoor.lv\/ru\/product\/dvernoj-zamok-polaris-magnit-f18-pz-85\/\" \/>\n<meta property=\"og:locale\" content=\"ru_RU\" \/>\n<meta property=\"og:type\" content=\"article\" \/>\n<meta property=\"og:title\" content=\"Durvju sl\u0113dzene POLARIS (Magn\u0113ts) F18 PZ\/85 - \u041c\u0430\u0433\u0430\u0437\u0438\u043d Wooddoors.lv\" \/>\n<meta property=\"og:description\" content=\"\u0414\u0432\u0435\u0440\u043d\u043e\u0439 \u0437\u0430\u043c\u043e\u043a POLARIS (\u041c\u0430\u0433\u043d\u0438\u0442) F18 PZ\/85 \u0441\u043a\u0430\u043d\u0434\u0438\u043d\u0430\u0432\u0441\u043a\u043e\u0433\u043e \u0441\u0442\u0430\u043d\u0434\u0430\u0440\u0442\u0430 \u043f\u043e\u0434\u0445\u043e\u0434\u0438\u0442 \u0434\u043b\u044f \u043d\u0430\u0440\u0443\u0436\u043d\u044b\u0445 \u0438 \u0432\u043d\u0443\u0442\u0440\u0435\u043d\u043d\u0438\u0445 \u0434\u0432\u0435\u0440\u0435\u0439, \u043a\u043e\u0442\u043e\u0440\u044b\u0435 \u043c\u043e\u0436\u043d\u043e \u0437\u0430\u043f\u0438\u0440\u0430\u0442\u044c \u0446\u0438\u043b\u0438\u043d\u0434\u0440\u043e\u043c \u0441\u0442\u0430\u043d\u0434\u0430\u0440\u0442\u0430 DIN.\" \/>\n<meta property=\"og:url\" content=\"https:\/\/wooddoor.lv\/ru\/product\/dvernoj-zamok-polaris-magnit-f18-pz-85\/\" \/>\n<meta property=\"og:site_name\" content=\"Wooddoor - Ieejas un iek\u0161durvju veikals R\u012bg\u0101\" \/>\n<meta property=\"article:publisher\" content=\"https:\/\/www.facebook.com\/wooddoors.lv\/\" \/>\n<meta property=\"article:modified_time\" content=\"2024-10-03T03:11:53+00:00\" \/>\n<meta property=\"og:image\" content=\"https:\/\/wooddoor.lv\/wp-content\/uploads\/2023\/08\/polaris-magnit-f18-pz_85-chernyj.jpg\" \/>\n\t<meta property=\"og:image:width\" content=\"1000\" \/>\n\t<meta property=\"og:image:height\" content=\"1000\" \/>\n\t<meta property=\"og:image:type\" content=\"image\/jpeg\" \/>\n<meta name=\"twitter:card\" content=\"summary_large_image\" \/>\n<meta name=\"twitter:label1\" content=\"\u041f\u0440\u0438\u043c\u0435\u0440\u043d\u043e\u0435 \u0432\u0440\u0435\u043c\u044f \u0434\u043b\u044f \u0447\u0442\u0435\u043d\u0438\u044f\" \/>\n\t<meta name=\"twitter:data1\" content=\"1 \u043c\u0438\u043d\u0443\u0442\u0430\" \/>\n<script type=\"application\/ld+json\" class=\"yoast-schema-graph\">{\"@context\":\"https:\/\/schema.org\",\"@graph\":[{\"@type\":\"WebPage\",\"@id\":\"https:\/\/wooddoor.lv\/product\/dvernoj-zamok-polaris-magnit-f18-pz-85\/\",\"url\":\"https:\/\/wooddoor.lv\/product\/dvernoj-zamok-polaris-magnit-f18-pz-85\/\",\"name\":\"Durvju sl\u0113dzene POLARIS (Magn\u0113ts) F18 PZ\/85 - \u041c\u0430\u0433\u0430\u0437\u0438\u043d Wooddoors.lv\",\"isPartOf\":{\"@id\":\"https:\/\/wooddoor.lv\/#website\"},\"primaryImageOfPage\":{\"@id\":\"https:\/\/wooddoor.lv\/product\/dvernoj-zamok-polaris-magnit-f18-pz-85\/#primaryimage\"},\"image\":{\"@id\":\"https:\/\/wooddoor.lv\/product\/dvernoj-zamok-polaris-magnit-f18-pz-85\/#primaryimage\"},\"thumbnailUrl\":\"https:\/\/wooddoor.lv\/wp-content\/uploads\/2023\/08\/polaris-magnit-f18-pz_85-chernyj.jpg\",\"datePublished\":\"2023-08-30T08:12:47+00:00\",\"dateModified\":\"2024-10-03T03:11:53+00:00\",\"description\":\"\u0414\u0432\u0435\u0440\u043d\u043e\u0439 \u0437\u0430\u043c\u043e\u043a POLARIS (\u041c\u0430\u0433\u043d\u0438\u0442) F18 PZ\/85 \u0441\u043a\u0430\u043d\u0434\u0438\u043d\u0430\u0432\u0441\u043a\u043e\u0433\u043e \u0441\u0442\u0430\u043d\u0434\u0430\u0440\u0442\u0430 \u043f\u043e\u0434\u0445\u043e\u0434\u0438\u0442 \u0434\u043b\u044f \u043d\u0430\u0440\u0443\u0436\u043d\u044b\u0445 \u0438 \u0432\u043d\u0443\u0442\u0440\u0435\u043d\u043d\u0438\u0445 \u0434\u0432\u0435\u0440\u0435\u0439, \u043a\u043e\u0442\u043e\u0440\u044b\u0435 \u043c\u043e\u0436\u043d\u043e \u0437\u0430\u043f\u0438\u0440\u0430\u0442\u044c \u0446\u0438\u043b\u0438\u043d\u0434\u0440\u043e\u043c \u0441\u0442\u0430\u043d\u0434\u0430\u0440\u0442\u0430 DIN.\",\"breadcrumb\":{\"@id\":\"https:\/\/wooddoor.lv\/product\/dvernoj-zamok-polaris-magnit-f18-pz-85\/#breadcrumb\"},\"inLanguage\":\"ru-RU\",\"potentialAction\":[{\"@type\":\"ReadAction\",\"target\":[\"https:\/\/wooddoor.lv\/product\/dvernoj-zamok-polaris-magnit-f18-pz-85\/\"]}]},{\"@type\":\"ImageObject\",\"inLanguage\":\"ru-RU\",\"@id\":\"https:\/\/wooddoor.lv\/product\/dvernoj-zamok-polaris-magnit-f18-pz-85\/#primaryimage\",\"url\":\"https:\/\/wooddoor.lv\/wp-content\/uploads\/2023\/08\/polaris-magnit-f18-pz_85-chernyj.jpg\",\"contentUrl\":\"https:\/\/wooddoor.lv\/wp-content\/uploads\/2023\/08\/polaris-magnit-f18-pz_85-chernyj.jpg\",\"width\":1000,\"height\":1000},{\"@type\":\"BreadcrumbList\",\"@id\":\"https:\/\/wooddoor.lv\/product\/dvernoj-zamok-polaris-magnit-f18-pz-85\/#breadcrumb\",\"itemListElement\":[{\"@type\":\"ListItem\",\"position\":1,\"name\":\"Galven\u0101\",\"item\":\"https:\/\/wooddoor.lv\/\"},{\"@type\":\"ListItem\",\"position\":2,\"name\":\"Pre\u010du katalogs\",\"item\":\"https:\/\/wooddoor.lv\/shop\/\"},{\"@type\":\"ListItem\",\"position\":3,\"name\":\"Furnit\u016bra\",\"item\":\"https:\/\/wooddoor.lv\/product-category\/furnitura\/\"},{\"@type\":\"ListItem\",\"position\":4,\"name\":\"Durvju sl\u0113dzenes\",\"item\":\"https:\/\/wooddoor.lv\/product-category\/furnitura\/dvernye-zamki\/\"},{\"@type\":\"ListItem\",\"position\":5,\"name\":\"Durvju sl\u0113dzene POLARIS (Magn\u0113ts) F18 PZ\/85\"}]},{\"@type\":\"WebSite\",\"@id\":\"https:\/\/wooddoor.lv\/#website\",\"url\":\"https:\/\/wooddoor.lv\/\",\"name\":\"Wooddoor - Ieejas un iek\u0161durvju veikals R\u012bg\u0101\",\"description\":\"Jebkura izm\u0113ra durvis, daudz kr\u0101su un mode\u013cu. Bezmaksas pieg\u0101de R\u012bgas robe\u017e\u0101s.\",\"publisher\":{\"@id\":\"https:\/\/wooddoor.lv\/#organization\"},\"potentialAction\":[{\"@type\":\"SearchAction\",\"target\":{\"@type\":\"EntryPoint\",\"urlTemplate\":\"https:\/\/wooddoor.lv\/?s={search_term_string}\"},\"query-input\":{\"@type\":\"PropertyValueSpecification\",\"valueRequired\":true,\"valueName\":\"search_term_string\"}}],\"inLanguage\":\"ru-RU\"},{\"@type\":\"Organization\",\"@id\":\"https:\/\/wooddoor.lv\/#organization\",\"name\":\"Wooddoor\",\"url\":\"https:\/\/wooddoor.lv\/\",\"logo\":{\"@type\":\"ImageObject\",\"inLanguage\":\"ru-RU\",\"@id\":\"https:\/\/wooddoor.lv\/#\/schema\/logo\/image\/\",\"url\":\"https:\/\/wooddoor.lv\/wp-content\/uploads\/2023\/08\/favicon.svg\",\"contentUrl\":\"https:\/\/wooddoor.lv\/wp-content\/uploads\/2023\/08\/favicon.svg\",\"width\":46,\"height\":46,\"caption\":\"Wooddoor\"},\"image\":{\"@id\":\"https:\/\/wooddoor.lv\/#\/schema\/logo\/image\/\"},\"sameAs\":[\"https:\/\/www.facebook.com\/wooddoors.lv\/\"]}]}<\/script>\n<!-- \/ Yoast SEO plugin. -->","yoast_head_json":{"title":"Durvju sl\u0113dzene POLARIS (Magn\u0113ts) F18 PZ\/85 - \u041c\u0430\u0433\u0430\u0437\u0438\u043d Wooddoors.lv","description":"\u0414\u0432\u0435\u0440\u043d\u043e\u0439 \u0437\u0430\u043c\u043e\u043a POLARIS (\u041c\u0430\u0433\u043d\u0438\u0442) F18 PZ\/85 \u0441\u043a\u0430\u043d\u0434\u0438\u043d\u0430\u0432\u0441\u043a\u043e\u0433\u043e \u0441\u0442\u0430\u043d\u0434\u0430\u0440\u0442\u0430 \u043f\u043e\u0434\u0445\u043e\u0434\u0438\u0442 \u0434\u043b\u044f \u043d\u0430\u0440\u0443\u0436\u043d\u044b\u0445 \u0438 \u0432\u043d\u0443\u0442\u0440\u0435\u043d\u043d\u0438\u0445 \u0434\u0432\u0435\u0440\u0435\u0439, \u043a\u043e\u0442\u043e\u0440\u044b\u0435 \u043c\u043e\u0436\u043d\u043e \u0437\u0430\u043f\u0438\u0440\u0430\u0442\u044c \u0446\u0438\u043b\u0438\u043d\u0434\u0440\u043e\u043c \u0441\u0442\u0430\u043d\u0434\u0430\u0440\u0442\u0430 DIN.","robots":{"index":"index","follow":"follow","max-snippet":"max-snippet:-1","max-image-preview":"max-image-preview:large","max-video-preview":"max-video-preview:-1"},"canonical":"https:\/\/wooddoor.lv\/ru\/product\/dvernoj-zamok-polaris-magnit-f18-pz-85\/","og_locale":"ru_RU","og_type":"article","og_title":"Durvju sl\u0113dzene POLARIS (Magn\u0113ts) F18 PZ\/85 - \u041c\u0430\u0433\u0430\u0437\u0438\u043d Wooddoors.lv","og_description":"\u0414\u0432\u0435\u0440\u043d\u043e\u0439 \u0437\u0430\u043c\u043e\u043a POLARIS (\u041c\u0430\u0433\u043d\u0438\u0442) F18 PZ\/85 \u0441\u043a\u0430\u043d\u0434\u0438\u043d\u0430\u0432\u0441\u043a\u043e\u0433\u043e \u0441\u0442\u0430\u043d\u0434\u0430\u0440\u0442\u0430 \u043f\u043e\u0434\u0445\u043e\u0434\u0438\u0442 \u0434\u043b\u044f \u043d\u0430\u0440\u0443\u0436\u043d\u044b\u0445 \u0438 \u0432\u043d\u0443\u0442\u0440\u0435\u043d\u043d\u0438\u0445 \u0434\u0432\u0435\u0440\u0435\u0439, \u043a\u043e\u0442\u043e\u0440\u044b\u0435 \u043c\u043e\u0436\u043d\u043e \u0437\u0430\u043f\u0438\u0440\u0430\u0442\u044c \u0446\u0438\u043b\u0438\u043d\u0434\u0440\u043e\u043c \u0441\u0442\u0430\u043d\u0434\u0430\u0440\u0442\u0430 DIN.","og_url":"https:\/\/wooddoor.lv\/ru\/product\/dvernoj-zamok-polaris-magnit-f18-pz-85\/","og_site_name":"Wooddoor - Ieejas un iek\u0161durvju veikals R\u012bg\u0101","article_publisher":"https:\/\/www.facebook.com\/wooddoors.lv\/","article_modified_time":"2024-10-03T03:11:53+00:00","og_image":[{"width":1000,"height":1000,"url":"https:\/\/wooddoor.lv\/wp-content\/uploads\/2023\/08\/polaris-magnit-f18-pz_85-chernyj.jpg","type":"image\/jpeg"}],"twitter_card":"summary_large_image","twitter_misc":{"\u041f\u0440\u0438\u043c\u0435\u0440\u043d\u043e\u0435 \u0432\u0440\u0435\u043c\u044f \u0434\u043b\u044f \u0447\u0442\u0435\u043d\u0438\u044f":"1 \u043c\u0438\u043d\u0443\u0442\u0430"},"schema":{"@context":"https:\/\/schema.org","@graph":[{"@type":"WebPage","@id":"https:\/\/wooddoor.lv\/product\/dvernoj-zamok-polaris-magnit-f18-pz-85\/","url":"https:\/\/wooddoor.lv\/product\/dvernoj-zamok-polaris-magnit-f18-pz-85\/","name":"Durvju sl\u0113dzene POLARIS (Magn\u0113ts) F18 PZ\/85 - \u041c\u0430\u0433\u0430\u0437\u0438\u043d Wooddoors.lv","isPartOf":{"@id":"https:\/\/wooddoor.lv\/#website"},"primaryImageOfPage":{"@id":"https:\/\/wooddoor.lv\/product\/dvernoj-zamok-polaris-magnit-f18-pz-85\/#primaryimage"},"image":{"@id":"https:\/\/wooddoor.lv\/product\/dvernoj-zamok-polaris-magnit-f18-pz-85\/#primaryimage"},"thumbnailUrl":"https:\/\/wooddoor.lv\/wp-content\/uploads\/2023\/08\/polaris-magnit-f18-pz_85-chernyj.jpg","datePublished":"2023-08-30T08:12:47+00:00","dateModified":"2024-10-03T03:11:53+00:00","description":"\u0414\u0432\u0435\u0440\u043d\u043e\u0439 \u0437\u0430\u043c\u043e\u043a POLARIS (\u041c\u0430\u0433\u043d\u0438\u0442) F18 PZ\/85 \u0441\u043a\u0430\u043d\u0434\u0438\u043d\u0430\u0432\u0441\u043a\u043e\u0433\u043e \u0441\u0442\u0430\u043d\u0434\u0430\u0440\u0442\u0430 \u043f\u043e\u0434\u0445\u043e\u0434\u0438\u0442 \u0434\u043b\u044f \u043d\u0430\u0440\u0443\u0436\u043d\u044b\u0445 \u0438 \u0432\u043d\u0443\u0442\u0440\u0435\u043d\u043d\u0438\u0445 \u0434\u0432\u0435\u0440\u0435\u0439, \u043a\u043e\u0442\u043e\u0440\u044b\u0435 \u043c\u043e\u0436\u043d\u043e \u0437\u0430\u043f\u0438\u0440\u0430\u0442\u044c \u0446\u0438\u043b\u0438\u043d\u0434\u0440\u043e\u043c \u0441\u0442\u0430\u043d\u0434\u0430\u0440\u0442\u0430 DIN.","breadcrumb":{"@id":"https:\/\/wooddoor.lv\/product\/dvernoj-zamok-polaris-magnit-f18-pz-85\/#breadcrumb"},"inLanguage":"ru-RU","potentialAction":[{"@type":"ReadAction","target":["https:\/\/wooddoor.lv\/product\/dvernoj-zamok-polaris-magnit-f18-pz-85\/"]}]},{"@type":"ImageObject","inLanguage":"ru-RU","@id":"https:\/\/wooddoor.lv\/product\/dvernoj-zamok-polaris-magnit-f18-pz-85\/#primaryimage","url":"https:\/\/wooddoor.lv\/wp-content\/uploads\/2023\/08\/polaris-magnit-f18-pz_85-chernyj.jpg","contentUrl":"https:\/\/wooddoor.lv\/wp-content\/uploads\/2023\/08\/polaris-magnit-f18-pz_85-chernyj.jpg","width":1000,"height":1000},{"@type":"BreadcrumbList","@id":"https:\/\/wooddoor.lv\/product\/dvernoj-zamok-polaris-magnit-f18-pz-85\/#breadcrumb","itemListElement":[{"@type":"ListItem","position":1,"name":"Galven\u0101","item":"https:\/\/wooddoor.lv\/"},{"@type":"ListItem","position":2,"name":"Pre\u010du katalogs","item":"https:\/\/wooddoor.lv\/shop\/"},{"@type":"ListItem","position":3,"name":"Furnit\u016bra","item":"https:\/\/wooddoor.lv\/product-category\/furnitura\/"},{"@type":"ListItem","position":4,"name":"Durvju sl\u0113dzenes","item":"https:\/\/wooddoor.lv\/product-category\/furnitura\/dvernye-zamki\/"},{"@type":"ListItem","position":5,"name":"Durvju sl\u0113dzene POLARIS (Magn\u0113ts) F18 PZ\/85"}]},{"@type":"WebSite","@id":"https:\/\/wooddoor.lv\/#website","url":"https:\/\/wooddoor.lv\/","name":"Wooddoor - Ieejas un iek\u0161durvju veikals R\u012bg\u0101","description":"Jebkura izm\u0113ra durvis, daudz kr\u0101su un mode\u013cu. Bezmaksas pieg\u0101de R\u012bgas robe\u017e\u0101s.","publisher":{"@id":"https:\/\/wooddoor.lv\/#organization"},"potentialAction":[{"@type":"SearchAction","target":{"@type":"EntryPoint","urlTemplate":"https:\/\/wooddoor.lv\/?s={search_term_string}"},"query-input":{"@type":"PropertyValueSpecification","valueRequired":true,"valueName":"search_term_string"}}],"inLanguage":"ru-RU"},{"@type":"Organization","@id":"https:\/\/wooddoor.lv\/#organization","name":"Wooddoor","url":"https:\/\/wooddoor.lv\/","logo":{"@type":"ImageObject","inLanguage":"ru-RU","@id":"https:\/\/wooddoor.lv\/#\/schema\/logo\/image\/","url":"https:\/\/wooddoor.lv\/wp-content\/uploads\/2023\/08\/favicon.svg","contentUrl":"https:\/\/wooddoor.lv\/wp-content\/uploads\/2023\/08\/favicon.svg","width":46,"height":46,"caption":"Wooddoor"},"image":{"@id":"https:\/\/wooddoor.lv\/#\/schema\/logo\/image\/"},"sameAs":["https:\/\/www.facebook.com\/wooddoors.lv\/"]}]}},"_links":{"self":[{"href":"https:\/\/wooddoor.lv\/ru\/wp-json\/wp\/v2\/product\/2204","targetHints":{"allow":["GET"]}}],"collection":[{"href":"https:\/\/wooddoor.lv\/ru\/wp-json\/wp\/v2\/product"}],"about":[{"href":"https:\/\/wooddoor.lv\/ru\/wp-json\/wp\/v2\/types\/product"}],"version-history":[{"count":0,"href":"https:\/\/wooddoor.lv\/ru\/wp-json\/wp\/v2\/product\/2204\/revisions"}],"wp:featuredmedia":[{"embeddable":true,"href":"https:\/\/wooddoor.lv\/ru\/wp-json\/wp\/v2\/media\/2236"}],"wp:attachment":[{"href":"https:\/\/wooddoor.lv\/ru\/wp-json\/wp\/v2\/media?parent=2204"}],"wp:term":[{"taxonomy":"product_brand","embeddable":true,"href":"https:\/\/wooddoor.lv\/ru\/wp-json\/wp\/v2\/product_brand?post=2204"},{"taxonomy":"product_cat","embeddable":true,"href":"https:\/\/wooddoor.lv\/ru\/wp-json\/wp\/v2\/product_cat?post=2204"},{"taxonomy":"product_tag","embeddable":true,"href":"https:\/\/wooddoor.lv\/ru\/wp-json\/wp\/v2\/product_tag?post=2204"}],"curies":[{"name":"wp","href":"https:\/\/api.w.org\/{rel}","templated":true}]}}