{"id":2646,"date":"2023-08-30T11:14:36","date_gmt":"2023-08-30T08:14:36","guid":{"rendered":"https:\/\/www.wooddoor.lv\/?post_type=product&#038;p=2646"},"modified":"2024-10-03T05:11:12","modified_gmt":"2024-10-03T02:11:12","slug":"dvernoj-zamok-polaris-wc-85","status":"publish","type":"product","link":"https:\/\/wooddoor.lv\/ru\/product\/dvernoj-zamok-polaris-wc-85\/","title":{"rendered":"Durvju sl\u0113dzene POLARIS WC\/85"},"content":{"rendered":"<p>Durvju sl\u0113dzene POLARIS WC\/85 aizsl\u0113dzas ar magn\u0113tisku aizb\u012bdni, kas izlec no sl\u0113dzenes, kad durvis ir piln\u012bb\u0101 aizv\u0113rtas. Pateicoties magn\u0113tiskajai pl\u0101ksnei, kas non\u0101k sl\u0113dzen\u0113, ir iesp\u0113jams pan\u0101kt minim\u0101lu att\u0101lumu starp durvju stenderi un v\u0113rtnes malu. Magn\u0113tisk\u0101s pl\u0101ksnes d\u0113\u013c j\u016bsu durvis aizv\u0113rsies klusi, nodro\u0161inot liel\u0101ku komfortu jums un j\u016bsu tuviniekiem. Tas padar\u012bs j\u016bsu m\u0101ju pievilc\u012bg\u0101ku un pal\u012bdz\u0113s izvair\u012bties no lieka trok\u0161\u0146a. Att\u0101lums starp rokturi un sl\u0113dzenes centru ir 96 mm.<\/p>","protected":false},"excerpt":{"rendered":"<p>Durvju sl\u0113dzene POLARIS WC\/85 aizsl\u0113dzas ar magn\u0113tisku aizb\u012bdni, kas izlec no sl\u0113dzenes, kad durvis ir piln\u012bb\u0101 aizv\u0113rtas. Pateicoties magn\u0113tiskajai pl\u0101ksnei,<\/p>","protected":false},"featured_media":2654,"template":"","meta":[],"product_brand":[],"product_cat":[152,131],"product_tag":[],"class_list":{"0":"post-2646","1":"product","2":"type-product","3":"status-publish","4":"has-post-thumbnail","6":"product_cat-dvernye-zamki","7":"product_cat-furnitura","8":"tm-no-options","10":"first","11":"instock","12":"shipping-taxable","13":"purchasable","14":"product-type-variable","15":"has-default-attributes"},"yoast_head":"<!-- This site is optimized with the Yoast SEO plugin v25.5 - https:\/\/yoast.com\/wordpress\/plugins\/seo\/ -->\n<title>Durvju sl\u0113dzene POLARIS WC\/85 - \u041c\u0430\u0433\u0430\u0437\u0438\u043d \u0434\u0432\u0435\u0440\u0435\u0439 Wooddoors.lv<\/title>\n<meta name=\"description\" content=\"\u0414\u0432\u0435\u0440\u043d\u043e\u0439 \u0437\u0430\u043c\u043e\u043a POLARIS WC\/85 \u0437\u0430\u043f\u0438\u0440\u0430\u0435\u0442\u0441\u044f \u043c\u0430\u0433\u043d\u0438\u0442\u043d\u043e\u0439 \u0437\u0430\u0449\u0435\u043b\u043a\u043e\u0439, \u043a\u043e\u0442\u043e\u0440\u0430\u044f \u0432\u044b\u0441\u043a\u0430\u043a\u0438\u0432\u0430\u0435\u0442 \u0438\u0437 \u0437\u0430\u043c\u043a\u0430, \u043a\u043e\u0433\u0434\u0430 \u0434\u0432\u0435\u0440\u044c \u043f\u043e\u043b\u043d\u043e\u0441\u0442\u044c\u044e \u0437\u0430\u043a\u0440\u044b\u0432\u0430\u0435\u0442\u0441\u044f.\" \/>\n<meta name=\"robots\" content=\"index, follow, max-snippet:-1, max-image-preview:large, max-video-preview:-1\" \/>\n<link rel=\"canonical\" href=\"https:\/\/wooddoor.lv\/ru\/product\/dvernoj-zamok-polaris-wc-85\/\" \/>\n<meta property=\"og:locale\" content=\"ru_RU\" \/>\n<meta property=\"og:type\" content=\"article\" \/>\n<meta property=\"og:title\" content=\"Durvju sl\u0113dzene POLARIS WC\/85 - \u041c\u0430\u0433\u0430\u0437\u0438\u043d \u0434\u0432\u0435\u0440\u0435\u0439 Wooddoors.lv\" \/>\n<meta property=\"og:description\" content=\"\u0414\u0432\u0435\u0440\u043d\u043e\u0439 \u0437\u0430\u043c\u043e\u043a POLARIS WC\/85 \u0437\u0430\u043f\u0438\u0440\u0430\u0435\u0442\u0441\u044f \u043c\u0430\u0433\u043d\u0438\u0442\u043d\u043e\u0439 \u0437\u0430\u0449\u0435\u043b\u043a\u043e\u0439, \u043a\u043e\u0442\u043e\u0440\u0430\u044f \u0432\u044b\u0441\u043a\u0430\u043a\u0438\u0432\u0430\u0435\u0442 \u0438\u0437 \u0437\u0430\u043c\u043a\u0430, \u043a\u043e\u0433\u0434\u0430 \u0434\u0432\u0435\u0440\u044c \u043f\u043e\u043b\u043d\u043e\u0441\u0442\u044c\u044e \u0437\u0430\u043a\u0440\u044b\u0432\u0430\u0435\u0442\u0441\u044f.\" \/>\n<meta property=\"og:url\" content=\"https:\/\/wooddoor.lv\/ru\/product\/dvernoj-zamok-polaris-wc-85\/\" \/>\n<meta property=\"og:site_name\" content=\"Wooddoor - Ieejas un iek\u0161durvju veikals R\u012bg\u0101\" \/>\n<meta property=\"article:publisher\" content=\"https:\/\/www.facebook.com\/wooddoors.lv\/\" \/>\n<meta property=\"article:modified_time\" content=\"2024-10-03T02:11:12+00:00\" \/>\n<meta property=\"og:image\" content=\"https:\/\/wooddoor.lv\/wp-content\/uploads\/2023\/08\/chernyj-4.jpg\" \/>\n\t<meta property=\"og:image:width\" content=\"1000\" \/>\n\t<meta property=\"og:image:height\" content=\"1000\" \/>\n\t<meta property=\"og:image:type\" content=\"image\/jpeg\" \/>\n<meta name=\"twitter:card\" content=\"summary_large_image\" \/>\n<meta name=\"twitter:label1\" content=\"\u041f\u0440\u0438\u043c\u0435\u0440\u043d\u043e\u0435 \u0432\u0440\u0435\u043c\u044f \u0434\u043b\u044f \u0447\u0442\u0435\u043d\u0438\u044f\" \/>\n\t<meta name=\"twitter:data1\" content=\"1 \u043c\u0438\u043d\u0443\u0442\u0430\" \/>\n<script type=\"application\/ld+json\" class=\"yoast-schema-graph\">{\"@context\":\"https:\/\/schema.org\",\"@graph\":[{\"@type\":\"WebPage\",\"@id\":\"https:\/\/wooddoor.lv\/product\/dvernoj-zamok-polaris-wc-85\/\",\"url\":\"https:\/\/wooddoor.lv\/product\/dvernoj-zamok-polaris-wc-85\/\",\"name\":\"Durvju sl\u0113dzene POLARIS WC\/85 - \u041c\u0430\u0433\u0430\u0437\u0438\u043d \u0434\u0432\u0435\u0440\u0435\u0439 Wooddoors.lv\",\"isPartOf\":{\"@id\":\"https:\/\/wooddoor.lv\/#website\"},\"primaryImageOfPage\":{\"@id\":\"https:\/\/wooddoor.lv\/product\/dvernoj-zamok-polaris-wc-85\/#primaryimage\"},\"image\":{\"@id\":\"https:\/\/wooddoor.lv\/product\/dvernoj-zamok-polaris-wc-85\/#primaryimage\"},\"thumbnailUrl\":\"https:\/\/wooddoor.lv\/wp-content\/uploads\/2023\/08\/chernyj-4.jpg\",\"datePublished\":\"2023-08-30T08:14:36+00:00\",\"dateModified\":\"2024-10-03T02:11:12+00:00\",\"description\":\"\u0414\u0432\u0435\u0440\u043d\u043e\u0439 \u0437\u0430\u043c\u043e\u043a POLARIS WC\/85 \u0437\u0430\u043f\u0438\u0440\u0430\u0435\u0442\u0441\u044f \u043c\u0430\u0433\u043d\u0438\u0442\u043d\u043e\u0439 \u0437\u0430\u0449\u0435\u043b\u043a\u043e\u0439, \u043a\u043e\u0442\u043e\u0440\u0430\u044f \u0432\u044b\u0441\u043a\u0430\u043a\u0438\u0432\u0430\u0435\u0442 \u0438\u0437 \u0437\u0430\u043c\u043a\u0430, \u043a\u043e\u0433\u0434\u0430 \u0434\u0432\u0435\u0440\u044c \u043f\u043e\u043b\u043d\u043e\u0441\u0442\u044c\u044e \u0437\u0430\u043a\u0440\u044b\u0432\u0430\u0435\u0442\u0441\u044f.\",\"breadcrumb\":{\"@id\":\"https:\/\/wooddoor.lv\/product\/dvernoj-zamok-polaris-wc-85\/#breadcrumb\"},\"inLanguage\":\"ru-RU\",\"potentialAction\":[{\"@type\":\"ReadAction\",\"target\":[\"https:\/\/wooddoor.lv\/product\/dvernoj-zamok-polaris-wc-85\/\"]}]},{\"@type\":\"ImageObject\",\"inLanguage\":\"ru-RU\",\"@id\":\"https:\/\/wooddoor.lv\/product\/dvernoj-zamok-polaris-wc-85\/#primaryimage\",\"url\":\"https:\/\/wooddoor.lv\/wp-content\/uploads\/2023\/08\/chernyj-4.jpg\",\"contentUrl\":\"https:\/\/wooddoor.lv\/wp-content\/uploads\/2023\/08\/chernyj-4.jpg\",\"width\":1000,\"height\":1000},{\"@type\":\"BreadcrumbList\",\"@id\":\"https:\/\/wooddoor.lv\/product\/dvernoj-zamok-polaris-wc-85\/#breadcrumb\",\"itemListElement\":[{\"@type\":\"ListItem\",\"position\":1,\"name\":\"Galven\u0101\",\"item\":\"https:\/\/wooddoor.lv\/\"},{\"@type\":\"ListItem\",\"position\":2,\"name\":\"Pre\u010du katalogs\",\"item\":\"https:\/\/wooddoor.lv\/shop\/\"},{\"@type\":\"ListItem\",\"position\":3,\"name\":\"Furnit\u016bra\",\"item\":\"https:\/\/wooddoor.lv\/product-category\/furnitura\/\"},{\"@type\":\"ListItem\",\"position\":4,\"name\":\"Durvju sl\u0113dzenes\",\"item\":\"https:\/\/wooddoor.lv\/product-category\/furnitura\/dvernye-zamki\/\"},{\"@type\":\"ListItem\",\"position\":5,\"name\":\"Durvju sl\u0113dzene POLARIS WC\/85\"}]},{\"@type\":\"WebSite\",\"@id\":\"https:\/\/wooddoor.lv\/#website\",\"url\":\"https:\/\/wooddoor.lv\/\",\"name\":\"Wooddoor - Ieejas un iek\u0161durvju veikals R\u012bg\u0101\",\"description\":\"Jebkura izm\u0113ra durvis, daudz kr\u0101su un mode\u013cu. Bezmaksas pieg\u0101de R\u012bgas robe\u017e\u0101s.\",\"publisher\":{\"@id\":\"https:\/\/wooddoor.lv\/#organization\"},\"potentialAction\":[{\"@type\":\"SearchAction\",\"target\":{\"@type\":\"EntryPoint\",\"urlTemplate\":\"https:\/\/wooddoor.lv\/?s={search_term_string}\"},\"query-input\":{\"@type\":\"PropertyValueSpecification\",\"valueRequired\":true,\"valueName\":\"search_term_string\"}}],\"inLanguage\":\"ru-RU\"},{\"@type\":\"Organization\",\"@id\":\"https:\/\/wooddoor.lv\/#organization\",\"name\":\"Wooddoor\",\"url\":\"https:\/\/wooddoor.lv\/\",\"logo\":{\"@type\":\"ImageObject\",\"inLanguage\":\"ru-RU\",\"@id\":\"https:\/\/wooddoor.lv\/#\/schema\/logo\/image\/\",\"url\":\"https:\/\/wooddoor.lv\/wp-content\/uploads\/2023\/08\/favicon.svg\",\"contentUrl\":\"https:\/\/wooddoor.lv\/wp-content\/uploads\/2023\/08\/favicon.svg\",\"width\":46,\"height\":46,\"caption\":\"Wooddoor\"},\"image\":{\"@id\":\"https:\/\/wooddoor.lv\/#\/schema\/logo\/image\/\"},\"sameAs\":[\"https:\/\/www.facebook.com\/wooddoors.lv\/\"]}]}<\/script>\n<!-- \/ Yoast SEO plugin. -->","yoast_head_json":{"title":"Durvju sl\u0113dzene POLARIS WC\/85 - \u041c\u0430\u0433\u0430\u0437\u0438\u043d \u0434\u0432\u0435\u0440\u0435\u0439 Wooddoors.lv","description":"\u0414\u0432\u0435\u0440\u043d\u043e\u0439 \u0437\u0430\u043c\u043e\u043a POLARIS WC\/85 \u0437\u0430\u043f\u0438\u0440\u0430\u0435\u0442\u0441\u044f \u043c\u0430\u0433\u043d\u0438\u0442\u043d\u043e\u0439 \u0437\u0430\u0449\u0435\u043b\u043a\u043e\u0439, \u043a\u043e\u0442\u043e\u0440\u0430\u044f \u0432\u044b\u0441\u043a\u0430\u043a\u0438\u0432\u0430\u0435\u0442 \u0438\u0437 \u0437\u0430\u043c\u043a\u0430, \u043a\u043e\u0433\u0434\u0430 \u0434\u0432\u0435\u0440\u044c \u043f\u043e\u043b\u043d\u043e\u0441\u0442\u044c\u044e \u0437\u0430\u043a\u0440\u044b\u0432\u0430\u0435\u0442\u0441\u044f.","robots":{"index":"index","follow":"follow","max-snippet":"max-snippet:-1","max-image-preview":"max-image-preview:large","max-video-preview":"max-video-preview:-1"},"canonical":"https:\/\/wooddoor.lv\/ru\/product\/dvernoj-zamok-polaris-wc-85\/","og_locale":"ru_RU","og_type":"article","og_title":"Durvju sl\u0113dzene POLARIS WC\/85 - \u041c\u0430\u0433\u0430\u0437\u0438\u043d \u0434\u0432\u0435\u0440\u0435\u0439 Wooddoors.lv","og_description":"\u0414\u0432\u0435\u0440\u043d\u043e\u0439 \u0437\u0430\u043c\u043e\u043a POLARIS WC\/85 \u0437\u0430\u043f\u0438\u0440\u0430\u0435\u0442\u0441\u044f \u043c\u0430\u0433\u043d\u0438\u0442\u043d\u043e\u0439 \u0437\u0430\u0449\u0435\u043b\u043a\u043e\u0439, \u043a\u043e\u0442\u043e\u0440\u0430\u044f \u0432\u044b\u0441\u043a\u0430\u043a\u0438\u0432\u0430\u0435\u0442 \u0438\u0437 \u0437\u0430\u043c\u043a\u0430, \u043a\u043e\u0433\u0434\u0430 \u0434\u0432\u0435\u0440\u044c \u043f\u043e\u043b\u043d\u043e\u0441\u0442\u044c\u044e \u0437\u0430\u043a\u0440\u044b\u0432\u0430\u0435\u0442\u0441\u044f.","og_url":"https:\/\/wooddoor.lv\/ru\/product\/dvernoj-zamok-polaris-wc-85\/","og_site_name":"Wooddoor - Ieejas un iek\u0161durvju veikals R\u012bg\u0101","article_publisher":"https:\/\/www.facebook.com\/wooddoors.lv\/","article_modified_time":"2024-10-03T02:11:12+00:00","og_image":[{"width":1000,"height":1000,"url":"https:\/\/wooddoor.lv\/wp-content\/uploads\/2023\/08\/chernyj-4.jpg","type":"image\/jpeg"}],"twitter_card":"summary_large_image","twitter_misc":{"\u041f\u0440\u0438\u043c\u0435\u0440\u043d\u043e\u0435 \u0432\u0440\u0435\u043c\u044f \u0434\u043b\u044f \u0447\u0442\u0435\u043d\u0438\u044f":"1 \u043c\u0438\u043d\u0443\u0442\u0430"},"schema":{"@context":"https:\/\/schema.org","@graph":[{"@type":"WebPage","@id":"https:\/\/wooddoor.lv\/product\/dvernoj-zamok-polaris-wc-85\/","url":"https:\/\/wooddoor.lv\/product\/dvernoj-zamok-polaris-wc-85\/","name":"Durvju sl\u0113dzene POLARIS WC\/85 - \u041c\u0430\u0433\u0430\u0437\u0438\u043d \u0434\u0432\u0435\u0440\u0435\u0439 Wooddoors.lv","isPartOf":{"@id":"https:\/\/wooddoor.lv\/#website"},"primaryImageOfPage":{"@id":"https:\/\/wooddoor.lv\/product\/dvernoj-zamok-polaris-wc-85\/#primaryimage"},"image":{"@id":"https:\/\/wooddoor.lv\/product\/dvernoj-zamok-polaris-wc-85\/#primaryimage"},"thumbnailUrl":"https:\/\/wooddoor.lv\/wp-content\/uploads\/2023\/08\/chernyj-4.jpg","datePublished":"2023-08-30T08:14:36+00:00","dateModified":"2024-10-03T02:11:12+00:00","description":"\u0414\u0432\u0435\u0440\u043d\u043e\u0439 \u0437\u0430\u043c\u043e\u043a POLARIS WC\/85 \u0437\u0430\u043f\u0438\u0440\u0430\u0435\u0442\u0441\u044f \u043c\u0430\u0433\u043d\u0438\u0442\u043d\u043e\u0439 \u0437\u0430\u0449\u0435\u043b\u043a\u043e\u0439, \u043a\u043e\u0442\u043e\u0440\u0430\u044f \u0432\u044b\u0441\u043a\u0430\u043a\u0438\u0432\u0430\u0435\u0442 \u0438\u0437 \u0437\u0430\u043c\u043a\u0430, \u043a\u043e\u0433\u0434\u0430 \u0434\u0432\u0435\u0440\u044c \u043f\u043e\u043b\u043d\u043e\u0441\u0442\u044c\u044e \u0437\u0430\u043a\u0440\u044b\u0432\u0430\u0435\u0442\u0441\u044f.","breadcrumb":{"@id":"https:\/\/wooddoor.lv\/product\/dvernoj-zamok-polaris-wc-85\/#breadcrumb"},"inLanguage":"ru-RU","potentialAction":[{"@type":"ReadAction","target":["https:\/\/wooddoor.lv\/product\/dvernoj-zamok-polaris-wc-85\/"]}]},{"@type":"ImageObject","inLanguage":"ru-RU","@id":"https:\/\/wooddoor.lv\/product\/dvernoj-zamok-polaris-wc-85\/#primaryimage","url":"https:\/\/wooddoor.lv\/wp-content\/uploads\/2023\/08\/chernyj-4.jpg","contentUrl":"https:\/\/wooddoor.lv\/wp-content\/uploads\/2023\/08\/chernyj-4.jpg","width":1000,"height":1000},{"@type":"BreadcrumbList","@id":"https:\/\/wooddoor.lv\/product\/dvernoj-zamok-polaris-wc-85\/#breadcrumb","itemListElement":[{"@type":"ListItem","position":1,"name":"Galven\u0101","item":"https:\/\/wooddoor.lv\/"},{"@type":"ListItem","position":2,"name":"Pre\u010du katalogs","item":"https:\/\/wooddoor.lv\/shop\/"},{"@type":"ListItem","position":3,"name":"Furnit\u016bra","item":"https:\/\/wooddoor.lv\/product-category\/furnitura\/"},{"@type":"ListItem","position":4,"name":"Durvju sl\u0113dzenes","item":"https:\/\/wooddoor.lv\/product-category\/furnitura\/dvernye-zamki\/"},{"@type":"ListItem","position":5,"name":"Durvju sl\u0113dzene POLARIS WC\/85"}]},{"@type":"WebSite","@id":"https:\/\/wooddoor.lv\/#website","url":"https:\/\/wooddoor.lv\/","name":"Wooddoor - Ieejas un iek\u0161durvju veikals R\u012bg\u0101","description":"Jebkura izm\u0113ra durvis, daudz kr\u0101su un mode\u013cu. Bezmaksas pieg\u0101de R\u012bgas robe\u017e\u0101s.","publisher":{"@id":"https:\/\/wooddoor.lv\/#organization"},"potentialAction":[{"@type":"SearchAction","target":{"@type":"EntryPoint","urlTemplate":"https:\/\/wooddoor.lv\/?s={search_term_string}"},"query-input":{"@type":"PropertyValueSpecification","valueRequired":true,"valueName":"search_term_string"}}],"inLanguage":"ru-RU"},{"@type":"Organization","@id":"https:\/\/wooddoor.lv\/#organization","name":"Wooddoor","url":"https:\/\/wooddoor.lv\/","logo":{"@type":"ImageObject","inLanguage":"ru-RU","@id":"https:\/\/wooddoor.lv\/#\/schema\/logo\/image\/","url":"https:\/\/wooddoor.lv\/wp-content\/uploads\/2023\/08\/favicon.svg","contentUrl":"https:\/\/wooddoor.lv\/wp-content\/uploads\/2023\/08\/favicon.svg","width":46,"height":46,"caption":"Wooddoor"},"image":{"@id":"https:\/\/wooddoor.lv\/#\/schema\/logo\/image\/"},"sameAs":["https:\/\/www.facebook.com\/wooddoors.lv\/"]}]}},"_links":{"self":[{"href":"https:\/\/wooddoor.lv\/ru\/wp-json\/wp\/v2\/product\/2646","targetHints":{"allow":["GET"]}}],"collection":[{"href":"https:\/\/wooddoor.lv\/ru\/wp-json\/wp\/v2\/product"}],"about":[{"href":"https:\/\/wooddoor.lv\/ru\/wp-json\/wp\/v2\/types\/product"}],"version-history":[{"count":0,"href":"https:\/\/wooddoor.lv\/ru\/wp-json\/wp\/v2\/product\/2646\/revisions"}],"wp:featuredmedia":[{"embeddable":true,"href":"https:\/\/wooddoor.lv\/ru\/wp-json\/wp\/v2\/media\/2654"}],"wp:attachment":[{"href":"https:\/\/wooddoor.lv\/ru\/wp-json\/wp\/v2\/media?parent=2646"}],"wp:term":[{"taxonomy":"product_brand","embeddable":true,"href":"https:\/\/wooddoor.lv\/ru\/wp-json\/wp\/v2\/product_brand?post=2646"},{"taxonomy":"product_cat","embeddable":true,"href":"https:\/\/wooddoor.lv\/ru\/wp-json\/wp\/v2\/product_cat?post=2646"},{"taxonomy":"product_tag","embeddable":true,"href":"https:\/\/wooddoor.lv\/ru\/wp-json\/wp\/v2\/product_tag?post=2646"}],"curies":[{"name":"wp","href":"https:\/\/api.w.org\/{rel}","templated":true}]}}