{"id":2652,"date":"2023-08-30T11:14:37","date_gmt":"2023-08-30T08:14:37","guid":{"rendered":"https:\/\/www.wooddoor.lv\/?post_type=product&#038;p=2652"},"modified":"2024-10-03T05:08:48","modified_gmt":"2024-10-03T02:08:48","slug":"dvernaja-zashhjolka-wc-2350","status":"publish","type":"product","link":"https:\/\/wooddoor.lv\/ru\/product\/dvernaja-zashhjolka-wc-2350\/","title":{"rendered":"Durvju aizb\u012bdnis WC 2350"},"content":{"rendered":"<p>Durvju aizb\u012bdnis WC 2350 ir paredz\u0113ts durvju sl\u0113dzenes aizsl\u0113g\u0161anai, pagrie\u017eot sl\u0113dzenes rokturi. \u0160is sl\u0113g\u0161anas veids visbie\u017e\u0101k tiek izmantots tualetes vai gu\u013camistabas durv\u012bm. Ri\u0123elis j\u0101piestiprina pie durv\u012bm ar koka skr\u016bv\u0113m vai stiprin\u0101juma skr\u016bv\u0113m caur sl\u0113dzeni. \u0160is univers\u0101lais mont\u0101\u017eas veids ir piem\u0113rots DIN (Eiropas) un Skandin\u0101vijas standarta korpusiem. Atkar\u012bb\u0101 no sl\u0113dzenes veida, v\u0113rt\u0146u biezums var b\u016bt 4 mm, 5 mm vai 6 mm.<\/p>","protected":false},"excerpt":{"rendered":"<p>Durvju aizb\u012bdnis WC 2350 ir paredz\u0113ts durvju sl\u0113dzenes aizsl\u0113g\u0161anai, pagrie\u017eot sl\u0113dzenes rokturi. \u0160is sl\u0113g\u0161anas veids visbie\u017e\u0101k tiek izmantots tualetes vai<\/p>","protected":false},"featured_media":2661,"template":"","meta":[],"product_brand":[],"product_cat":[143,131],"product_tag":[],"class_list":{"0":"post-2652","1":"product","2":"type-product","3":"status-publish","4":"has-post-thumbnail","6":"product_cat-nakladki","7":"product_cat-furnitura","8":"tm-no-options","10":"first","11":"instock","12":"shipping-taxable","13":"purchasable","14":"product-type-variable","15":"has-default-attributes"},"yoast_head":"<!-- This site is optimized with the Yoast SEO plugin v25.5 - https:\/\/yoast.com\/wordpress\/plugins\/seo\/ -->\n<title>Durvju aizb\u012bdnis WC 2350 - \u041c\u0430\u0433\u0430\u0437\u0438\u043d \u0434\u0432\u0435\u0440\u0435\u0439 Wooddoors.lv<\/title>\n<meta name=\"description\" content=\"\u0414\u0432\u0435\u0440\u043d\u0430\u044f \u0437\u0430\u0449\u0451\u043b\u043a\u0430 WC 2350 \u043f\u043e\u0434\u0445\u043e\u0434\u0438\u0442 \u0434\u043b\u044f \u0437\u0430\u043f\u0438\u0440\u0430\u043d\u0438\u044f \u0434\u0432\u0435\u0440\u043d\u043e\u0433\u043e \u0437\u0430\u043c\u043a\u0430. \u0418\u0437\u0433\u043e\u0442\u043e\u0432\u043b\u0435\u043d \u0438\u0437 \u0446\u0438\u043d\u043a\u0430. \u0423\u043f\u043e\u0440\u043d\u044b\u0439 \u0432\u0430\u043b \u0442\u043e\u043b\u0449\u0438\u043d\u043e\u0439 5 \u043c\u043c.\" \/>\n<meta name=\"robots\" content=\"index, follow, max-snippet:-1, max-image-preview:large, max-video-preview:-1\" \/>\n<link rel=\"canonical\" href=\"https:\/\/wooddoor.lv\/ru\/product\/dvernaja-zashhjolka-wc-2350\/\" \/>\n<meta property=\"og:locale\" content=\"ru_RU\" \/>\n<meta property=\"og:type\" content=\"article\" \/>\n<meta property=\"og:title\" content=\"Durvju aizb\u012bdnis WC 2350 - \u041c\u0430\u0433\u0430\u0437\u0438\u043d \u0434\u0432\u0435\u0440\u0435\u0439 Wooddoors.lv\" \/>\n<meta property=\"og:description\" content=\"\u0414\u0432\u0435\u0440\u043d\u0430\u044f \u0437\u0430\u0449\u0451\u043b\u043a\u0430 WC 2350 \u043f\u043e\u0434\u0445\u043e\u0434\u0438\u0442 \u0434\u043b\u044f \u0437\u0430\u043f\u0438\u0440\u0430\u043d\u0438\u044f \u0434\u0432\u0435\u0440\u043d\u043e\u0433\u043e \u0437\u0430\u043c\u043a\u0430. \u0418\u0437\u0433\u043e\u0442\u043e\u0432\u043b\u0435\u043d \u0438\u0437 \u0446\u0438\u043d\u043a\u0430. \u0423\u043f\u043e\u0440\u043d\u044b\u0439 \u0432\u0430\u043b \u0442\u043e\u043b\u0449\u0438\u043d\u043e\u0439 5 \u043c\u043c.\" \/>\n<meta property=\"og:url\" content=\"https:\/\/wooddoor.lv\/ru\/product\/dvernaja-zashhjolka-wc-2350\/\" \/>\n<meta property=\"og:site_name\" content=\"Wooddoor - Ieejas un iek\u0161durvju veikals R\u012bg\u0101\" \/>\n<meta property=\"article:publisher\" content=\"https:\/\/www.facebook.com\/wooddoors.lv\/\" \/>\n<meta property=\"article:modified_time\" content=\"2024-10-03T02:08:48+00:00\" \/>\n<meta property=\"og:image\" content=\"https:\/\/wooddoor.lv\/wp-content\/uploads\/2023\/08\/bronza-4.jpg\" \/>\n\t<meta property=\"og:image:width\" content=\"1000\" \/>\n\t<meta property=\"og:image:height\" content=\"1000\" \/>\n\t<meta property=\"og:image:type\" content=\"image\/jpeg\" \/>\n<meta name=\"twitter:card\" content=\"summary_large_image\" \/>\n<meta name=\"twitter:label1\" content=\"\u041f\u0440\u0438\u043c\u0435\u0440\u043d\u043e\u0435 \u0432\u0440\u0435\u043c\u044f \u0434\u043b\u044f \u0447\u0442\u0435\u043d\u0438\u044f\" \/>\n\t<meta name=\"twitter:data1\" content=\"1 \u043c\u0438\u043d\u0443\u0442\u0430\" \/>\n<script type=\"application\/ld+json\" class=\"yoast-schema-graph\">{\"@context\":\"https:\/\/schema.org\",\"@graph\":[{\"@type\":\"WebPage\",\"@id\":\"https:\/\/wooddoor.lv\/product\/dvernaja-zashhjolka-wc-2350\/\",\"url\":\"https:\/\/wooddoor.lv\/product\/dvernaja-zashhjolka-wc-2350\/\",\"name\":\"Durvju aizb\u012bdnis WC 2350 - \u041c\u0430\u0433\u0430\u0437\u0438\u043d \u0434\u0432\u0435\u0440\u0435\u0439 Wooddoors.lv\",\"isPartOf\":{\"@id\":\"https:\/\/wooddoor.lv\/#website\"},\"primaryImageOfPage\":{\"@id\":\"https:\/\/wooddoor.lv\/product\/dvernaja-zashhjolka-wc-2350\/#primaryimage\"},\"image\":{\"@id\":\"https:\/\/wooddoor.lv\/product\/dvernaja-zashhjolka-wc-2350\/#primaryimage\"},\"thumbnailUrl\":\"https:\/\/wooddoor.lv\/wp-content\/uploads\/2023\/08\/bronza-4.jpg\",\"datePublished\":\"2023-08-30T08:14:37+00:00\",\"dateModified\":\"2024-10-03T02:08:48+00:00\",\"description\":\"\u0414\u0432\u0435\u0440\u043d\u0430\u044f \u0437\u0430\u0449\u0451\u043b\u043a\u0430 WC 2350 \u043f\u043e\u0434\u0445\u043e\u0434\u0438\u0442 \u0434\u043b\u044f \u0437\u0430\u043f\u0438\u0440\u0430\u043d\u0438\u044f \u0434\u0432\u0435\u0440\u043d\u043e\u0433\u043e \u0437\u0430\u043c\u043a\u0430. \u0418\u0437\u0433\u043e\u0442\u043e\u0432\u043b\u0435\u043d \u0438\u0437 \u0446\u0438\u043d\u043a\u0430. \u0423\u043f\u043e\u0440\u043d\u044b\u0439 \u0432\u0430\u043b \u0442\u043e\u043b\u0449\u0438\u043d\u043e\u0439 5 \u043c\u043c.\",\"breadcrumb\":{\"@id\":\"https:\/\/wooddoor.lv\/product\/dvernaja-zashhjolka-wc-2350\/#breadcrumb\"},\"inLanguage\":\"ru-RU\",\"potentialAction\":[{\"@type\":\"ReadAction\",\"target\":[\"https:\/\/wooddoor.lv\/product\/dvernaja-zashhjolka-wc-2350\/\"]}]},{\"@type\":\"ImageObject\",\"inLanguage\":\"ru-RU\",\"@id\":\"https:\/\/wooddoor.lv\/product\/dvernaja-zashhjolka-wc-2350\/#primaryimage\",\"url\":\"https:\/\/wooddoor.lv\/wp-content\/uploads\/2023\/08\/bronza-4.jpg\",\"contentUrl\":\"https:\/\/wooddoor.lv\/wp-content\/uploads\/2023\/08\/bronza-4.jpg\",\"width\":1000,\"height\":1000},{\"@type\":\"BreadcrumbList\",\"@id\":\"https:\/\/wooddoor.lv\/product\/dvernaja-zashhjolka-wc-2350\/#breadcrumb\",\"itemListElement\":[{\"@type\":\"ListItem\",\"position\":1,\"name\":\"Galven\u0101\",\"item\":\"https:\/\/wooddoor.lv\/\"},{\"@type\":\"ListItem\",\"position\":2,\"name\":\"Pre\u010du katalogs\",\"item\":\"https:\/\/wooddoor.lv\/shop\/\"},{\"@type\":\"ListItem\",\"position\":3,\"name\":\"Furnit\u016bra\",\"item\":\"https:\/\/wooddoor.lv\/product-category\/furnitura\/\"},{\"@type\":\"ListItem\",\"position\":4,\"name\":\"Durvju uzlikas\",\"item\":\"https:\/\/wooddoor.lv\/product-category\/furnitura\/nakladki\/\"},{\"@type\":\"ListItem\",\"position\":5,\"name\":\"Durvju aizb\u012bdnis WC 2350\"}]},{\"@type\":\"WebSite\",\"@id\":\"https:\/\/wooddoor.lv\/#website\",\"url\":\"https:\/\/wooddoor.lv\/\",\"name\":\"Wooddoor - Ieejas un iek\u0161durvju veikals R\u012bg\u0101\",\"description\":\"Jebkura izm\u0113ra durvis, daudz kr\u0101su un mode\u013cu. Bezmaksas pieg\u0101de R\u012bgas robe\u017e\u0101s.\",\"publisher\":{\"@id\":\"https:\/\/wooddoor.lv\/#organization\"},\"potentialAction\":[{\"@type\":\"SearchAction\",\"target\":{\"@type\":\"EntryPoint\",\"urlTemplate\":\"https:\/\/wooddoor.lv\/?s={search_term_string}\"},\"query-input\":{\"@type\":\"PropertyValueSpecification\",\"valueRequired\":true,\"valueName\":\"search_term_string\"}}],\"inLanguage\":\"ru-RU\"},{\"@type\":\"Organization\",\"@id\":\"https:\/\/wooddoor.lv\/#organization\",\"name\":\"Wooddoor\",\"url\":\"https:\/\/wooddoor.lv\/\",\"logo\":{\"@type\":\"ImageObject\",\"inLanguage\":\"ru-RU\",\"@id\":\"https:\/\/wooddoor.lv\/#\/schema\/logo\/image\/\",\"url\":\"https:\/\/wooddoor.lv\/wp-content\/uploads\/2023\/08\/favicon.svg\",\"contentUrl\":\"https:\/\/wooddoor.lv\/wp-content\/uploads\/2023\/08\/favicon.svg\",\"width\":46,\"height\":46,\"caption\":\"Wooddoor\"},\"image\":{\"@id\":\"https:\/\/wooddoor.lv\/#\/schema\/logo\/image\/\"},\"sameAs\":[\"https:\/\/www.facebook.com\/wooddoors.lv\/\"]}]}<\/script>\n<!-- \/ Yoast SEO plugin. -->","yoast_head_json":{"title":"Durvju aizb\u012bdnis WC 2350 - \u041c\u0430\u0433\u0430\u0437\u0438\u043d \u0434\u0432\u0435\u0440\u0435\u0439 Wooddoors.lv","description":"\u0414\u0432\u0435\u0440\u043d\u0430\u044f \u0437\u0430\u0449\u0451\u043b\u043a\u0430 WC 2350 \u043f\u043e\u0434\u0445\u043e\u0434\u0438\u0442 \u0434\u043b\u044f \u0437\u0430\u043f\u0438\u0440\u0430\u043d\u0438\u044f \u0434\u0432\u0435\u0440\u043d\u043e\u0433\u043e \u0437\u0430\u043c\u043a\u0430. \u0418\u0437\u0433\u043e\u0442\u043e\u0432\u043b\u0435\u043d \u0438\u0437 \u0446\u0438\u043d\u043a\u0430. \u0423\u043f\u043e\u0440\u043d\u044b\u0439 \u0432\u0430\u043b \u0442\u043e\u043b\u0449\u0438\u043d\u043e\u0439 5 \u043c\u043c.","robots":{"index":"index","follow":"follow","max-snippet":"max-snippet:-1","max-image-preview":"max-image-preview:large","max-video-preview":"max-video-preview:-1"},"canonical":"https:\/\/wooddoor.lv\/ru\/product\/dvernaja-zashhjolka-wc-2350\/","og_locale":"ru_RU","og_type":"article","og_title":"Durvju aizb\u012bdnis WC 2350 - \u041c\u0430\u0433\u0430\u0437\u0438\u043d \u0434\u0432\u0435\u0440\u0435\u0439 Wooddoors.lv","og_description":"\u0414\u0432\u0435\u0440\u043d\u0430\u044f \u0437\u0430\u0449\u0451\u043b\u043a\u0430 WC 2350 \u043f\u043e\u0434\u0445\u043e\u0434\u0438\u0442 \u0434\u043b\u044f \u0437\u0430\u043f\u0438\u0440\u0430\u043d\u0438\u044f \u0434\u0432\u0435\u0440\u043d\u043e\u0433\u043e \u0437\u0430\u043c\u043a\u0430. \u0418\u0437\u0433\u043e\u0442\u043e\u0432\u043b\u0435\u043d \u0438\u0437 \u0446\u0438\u043d\u043a\u0430. \u0423\u043f\u043e\u0440\u043d\u044b\u0439 \u0432\u0430\u043b \u0442\u043e\u043b\u0449\u0438\u043d\u043e\u0439 5 \u043c\u043c.","og_url":"https:\/\/wooddoor.lv\/ru\/product\/dvernaja-zashhjolka-wc-2350\/","og_site_name":"Wooddoor - Ieejas un iek\u0161durvju veikals R\u012bg\u0101","article_publisher":"https:\/\/www.facebook.com\/wooddoors.lv\/","article_modified_time":"2024-10-03T02:08:48+00:00","og_image":[{"width":1000,"height":1000,"url":"https:\/\/wooddoor.lv\/wp-content\/uploads\/2023\/08\/bronza-4.jpg","type":"image\/jpeg"}],"twitter_card":"summary_large_image","twitter_misc":{"\u041f\u0440\u0438\u043c\u0435\u0440\u043d\u043e\u0435 \u0432\u0440\u0435\u043c\u044f \u0434\u043b\u044f \u0447\u0442\u0435\u043d\u0438\u044f":"1 \u043c\u0438\u043d\u0443\u0442\u0430"},"schema":{"@context":"https:\/\/schema.org","@graph":[{"@type":"WebPage","@id":"https:\/\/wooddoor.lv\/product\/dvernaja-zashhjolka-wc-2350\/","url":"https:\/\/wooddoor.lv\/product\/dvernaja-zashhjolka-wc-2350\/","name":"Durvju aizb\u012bdnis WC 2350 - \u041c\u0430\u0433\u0430\u0437\u0438\u043d \u0434\u0432\u0435\u0440\u0435\u0439 Wooddoors.lv","isPartOf":{"@id":"https:\/\/wooddoor.lv\/#website"},"primaryImageOfPage":{"@id":"https:\/\/wooddoor.lv\/product\/dvernaja-zashhjolka-wc-2350\/#primaryimage"},"image":{"@id":"https:\/\/wooddoor.lv\/product\/dvernaja-zashhjolka-wc-2350\/#primaryimage"},"thumbnailUrl":"https:\/\/wooddoor.lv\/wp-content\/uploads\/2023\/08\/bronza-4.jpg","datePublished":"2023-08-30T08:14:37+00:00","dateModified":"2024-10-03T02:08:48+00:00","description":"\u0414\u0432\u0435\u0440\u043d\u0430\u044f \u0437\u0430\u0449\u0451\u043b\u043a\u0430 WC 2350 \u043f\u043e\u0434\u0445\u043e\u0434\u0438\u0442 \u0434\u043b\u044f \u0437\u0430\u043f\u0438\u0440\u0430\u043d\u0438\u044f \u0434\u0432\u0435\u0440\u043d\u043e\u0433\u043e \u0437\u0430\u043c\u043a\u0430. \u0418\u0437\u0433\u043e\u0442\u043e\u0432\u043b\u0435\u043d \u0438\u0437 \u0446\u0438\u043d\u043a\u0430. \u0423\u043f\u043e\u0440\u043d\u044b\u0439 \u0432\u0430\u043b \u0442\u043e\u043b\u0449\u0438\u043d\u043e\u0439 5 \u043c\u043c.","breadcrumb":{"@id":"https:\/\/wooddoor.lv\/product\/dvernaja-zashhjolka-wc-2350\/#breadcrumb"},"inLanguage":"ru-RU","potentialAction":[{"@type":"ReadAction","target":["https:\/\/wooddoor.lv\/product\/dvernaja-zashhjolka-wc-2350\/"]}]},{"@type":"ImageObject","inLanguage":"ru-RU","@id":"https:\/\/wooddoor.lv\/product\/dvernaja-zashhjolka-wc-2350\/#primaryimage","url":"https:\/\/wooddoor.lv\/wp-content\/uploads\/2023\/08\/bronza-4.jpg","contentUrl":"https:\/\/wooddoor.lv\/wp-content\/uploads\/2023\/08\/bronza-4.jpg","width":1000,"height":1000},{"@type":"BreadcrumbList","@id":"https:\/\/wooddoor.lv\/product\/dvernaja-zashhjolka-wc-2350\/#breadcrumb","itemListElement":[{"@type":"ListItem","position":1,"name":"Galven\u0101","item":"https:\/\/wooddoor.lv\/"},{"@type":"ListItem","position":2,"name":"Pre\u010du katalogs","item":"https:\/\/wooddoor.lv\/shop\/"},{"@type":"ListItem","position":3,"name":"Furnit\u016bra","item":"https:\/\/wooddoor.lv\/product-category\/furnitura\/"},{"@type":"ListItem","position":4,"name":"Durvju uzlikas","item":"https:\/\/wooddoor.lv\/product-category\/furnitura\/nakladki\/"},{"@type":"ListItem","position":5,"name":"Durvju aizb\u012bdnis WC 2350"}]},{"@type":"WebSite","@id":"https:\/\/wooddoor.lv\/#website","url":"https:\/\/wooddoor.lv\/","name":"Wooddoor - Ieejas un iek\u0161durvju veikals R\u012bg\u0101","description":"Jebkura izm\u0113ra durvis, daudz kr\u0101su un mode\u013cu. Bezmaksas pieg\u0101de R\u012bgas robe\u017e\u0101s.","publisher":{"@id":"https:\/\/wooddoor.lv\/#organization"},"potentialAction":[{"@type":"SearchAction","target":{"@type":"EntryPoint","urlTemplate":"https:\/\/wooddoor.lv\/?s={search_term_string}"},"query-input":{"@type":"PropertyValueSpecification","valueRequired":true,"valueName":"search_term_string"}}],"inLanguage":"ru-RU"},{"@type":"Organization","@id":"https:\/\/wooddoor.lv\/#organization","name":"Wooddoor","url":"https:\/\/wooddoor.lv\/","logo":{"@type":"ImageObject","inLanguage":"ru-RU","@id":"https:\/\/wooddoor.lv\/#\/schema\/logo\/image\/","url":"https:\/\/wooddoor.lv\/wp-content\/uploads\/2023\/08\/favicon.svg","contentUrl":"https:\/\/wooddoor.lv\/wp-content\/uploads\/2023\/08\/favicon.svg","width":46,"height":46,"caption":"Wooddoor"},"image":{"@id":"https:\/\/wooddoor.lv\/#\/schema\/logo\/image\/"},"sameAs":["https:\/\/www.facebook.com\/wooddoors.lv\/"]}]}},"_links":{"self":[{"href":"https:\/\/wooddoor.lv\/ru\/wp-json\/wp\/v2\/product\/2652","targetHints":{"allow":["GET"]}}],"collection":[{"href":"https:\/\/wooddoor.lv\/ru\/wp-json\/wp\/v2\/product"}],"about":[{"href":"https:\/\/wooddoor.lv\/ru\/wp-json\/wp\/v2\/types\/product"}],"version-history":[{"count":0,"href":"https:\/\/wooddoor.lv\/ru\/wp-json\/wp\/v2\/product\/2652\/revisions"}],"wp:featuredmedia":[{"embeddable":true,"href":"https:\/\/wooddoor.lv\/ru\/wp-json\/wp\/v2\/media\/2661"}],"wp:attachment":[{"href":"https:\/\/wooddoor.lv\/ru\/wp-json\/wp\/v2\/media?parent=2652"}],"wp:term":[{"taxonomy":"product_brand","embeddable":true,"href":"https:\/\/wooddoor.lv\/ru\/wp-json\/wp\/v2\/product_brand?post=2652"},{"taxonomy":"product_cat","embeddable":true,"href":"https:\/\/wooddoor.lv\/ru\/wp-json\/wp\/v2\/product_cat?post=2652"},{"taxonomy":"product_tag","embeddable":true,"href":"https:\/\/wooddoor.lv\/ru\/wp-json\/wp\/v2\/product_tag?post=2652"}],"curies":[{"name":"wp","href":"https:\/\/api.w.org\/{rel}","templated":true}]}}