{"id":2964,"date":"2023-08-30T11:16:07","date_gmt":"2023-08-30T08:16:07","guid":{"rendered":"https:\/\/www.wooddoor.lv\/?post_type=product&#038;p=2964"},"modified":"2024-10-03T04:25:16","modified_gmt":"2024-10-03T01:25:16","slug":"mehanicheskij-porog-con-alette-asal","status":"publish","type":"product","link":"https:\/\/wooddoor.lv\/ru\/product\/mehanicheskij-porog-con-alette-asal\/","title":{"rendered":"Meh\u0101niskais slieksnis CON ALETTE ASAL"},"content":{"rendered":"<p>Meh\u0101niskie durvju sliek\u0161\u0146i nodro\u0161ina aizsardz\u012bbu pret d\u016bmiem un troksni, pateicoties spraugai starp durvju apak\u0161u un gr\u012bdu.<\/p>\n<p>CON ALETTE mala aizver spraugu l\u012bdz 14 mm starp durvju apak\u0161u un gr\u012bdu.<\/p>\n<p>Produkts ir p\u0101rbaud\u012bts 200 000 reizes atbilsto\u0161i atv\u0113r\u0161anas cikla standartiem.<\/p>\n<p>Pateicoties C-veida profila ieliktnim, tas nodro\u0161ina trok\u0161\u0146a izol\u0101ciju l\u012bdz 44 dB.<\/p>\n<p>Pieejami garumi: 630 mm, 730 mm, 830 mm, 930 mm. Garumu var sa\u012bsin\u0101t l\u012bdz nepiecie\u0161amajam izm\u0113ram.<\/p>\n<p>Var uzst\u0101d\u012bt ar papildu sl\u0113dzeni, kas nodro\u0161ina vienm\u0113r\u012bgu divpus\u0113ju nolai\u0161anos.<\/p>","protected":false},"excerpt":{"rendered":"<p>Meh\u0101niskie durvju sliek\u0161\u0146i nodro\u0161ina aizsardz\u012bbu pret d\u016bmiem un troksni, pateicoties spraugai starp durvju apak\u0161u un gr\u012bdu. CON ALETTE mala aizver<\/p>","protected":false},"featured_media":2992,"template":"","meta":[],"product_brand":[],"product_cat":[131,175],"product_tag":[],"class_list":{"0":"post-2964","1":"product","2":"type-product","3":"status-publish","4":"has-post-thumbnail","6":"product_cat-furnitura","7":"product_cat-mehanicheskie-porogi","8":"tm-no-options","10":"first","11":"instock","12":"shipping-taxable","13":"purchasable","14":"product-type-variable","15":"has-default-attributes"},"yoast_head":"<!-- This site is optimized with the Yoast SEO plugin v25.5 - https:\/\/yoast.com\/wordpress\/plugins\/seo\/ -->\n<title>Meh\u0101niskais slieksnis CON ALETTE ASAL - \u041c\u0430\u0433\u0430\u0437\u0438\u043d \u0434\u0432\u0435\u0440\u0435\u0439 Wooddors.lv<\/title>\n<meta name=\"description\" content=\"\u041c\u0435\u0445\u0430\u043d\u0438\u0447\u0435\u0441\u043a\u0438\u0439 \u043f\u043e\u0440\u043e\u0433 CON ALETTE \u043e\u0431\u0435\u0441\u043f\u0435\u0447\u0438\u0432\u0430\u0435\u0442 \u0437\u0430\u0449\u0438\u0442\u0443 \u043e\u0442 \u0434\u044b\u043c\u0430 \u0438 \u0448\u0443\u043c\u0430 \u0437\u0430 \u0441\u0447\u0435\u0442 \u0437\u0430\u0437\u043e\u0440\u0430 \u043c\u0435\u0436\u0434\u0443 \u043d\u0438\u0436\u043d\u0435\u0439 \u0447\u0430\u0441\u0442\u044c\u044e \u0434\u0432\u0435\u0440\u0438 \u0438 \u043f\u043e\u043b\u043e\u043c. \u041f\u0440\u043e\u0434\u0443\u043a\u0442 \u0431\u044b\u043b \u043f\u0440\u043e\u0442\u0435\u0441\u0442\u0438\u0440\u043e\u0432\u0430\u043d 200 000 \u0440\u0430\u0437.\" \/>\n<meta name=\"robots\" content=\"index, follow, max-snippet:-1, max-image-preview:large, max-video-preview:-1\" \/>\n<link rel=\"canonical\" href=\"https:\/\/wooddoor.lv\/ru\/product\/mehanicheskij-porog-con-alette-asal\/\" \/>\n<meta property=\"og:locale\" content=\"ru_RU\" \/>\n<meta property=\"og:type\" content=\"article\" \/>\n<meta property=\"og:title\" content=\"Meh\u0101niskais slieksnis CON ALETTE ASAL - \u041c\u0430\u0433\u0430\u0437\u0438\u043d \u0434\u0432\u0435\u0440\u0435\u0439 Wooddors.lv\" \/>\n<meta property=\"og:description\" content=\"\u041c\u0435\u0445\u0430\u043d\u0438\u0447\u0435\u0441\u043a\u0438\u0439 \u043f\u043e\u0440\u043e\u0433 CON ALETTE \u043e\u0431\u0435\u0441\u043f\u0435\u0447\u0438\u0432\u0430\u0435\u0442 \u0437\u0430\u0449\u0438\u0442\u0443 \u043e\u0442 \u0434\u044b\u043c\u0430 \u0438 \u0448\u0443\u043c\u0430 \u0437\u0430 \u0441\u0447\u0435\u0442 \u0437\u0430\u0437\u043e\u0440\u0430 \u043c\u0435\u0436\u0434\u0443 \u043d\u0438\u0436\u043d\u0435\u0439 \u0447\u0430\u0441\u0442\u044c\u044e \u0434\u0432\u0435\u0440\u0438 \u0438 \u043f\u043e\u043b\u043e\u043c. \u041f\u0440\u043e\u0434\u0443\u043a\u0442 \u0431\u044b\u043b \u043f\u0440\u043e\u0442\u0435\u0441\u0442\u0438\u0440\u043e\u0432\u0430\u043d 200 000 \u0440\u0430\u0437.\" \/>\n<meta property=\"og:url\" content=\"https:\/\/wooddoor.lv\/ru\/product\/mehanicheskij-porog-con-alette-asal\/\" \/>\n<meta property=\"og:site_name\" content=\"Wooddoor - Ieejas un iek\u0161durvju veikals R\u012bg\u0101\" \/>\n<meta property=\"article:publisher\" content=\"https:\/\/www.facebook.com\/wooddoors.lv\/\" \/>\n<meta property=\"article:modified_time\" content=\"2024-10-03T01:25:16+00:00\" \/>\n<meta property=\"og:image\" content=\"https:\/\/wooddoor.lv\/wp-content\/uploads\/2023\/08\/automatinis-duru-slenkstis-con-alette_imagelarge.jpg\" \/>\n\t<meta property=\"og:image:width\" content=\"450\" \/>\n\t<meta property=\"og:image:height\" content=\"450\" \/>\n\t<meta property=\"og:image:type\" content=\"image\/jpeg\" \/>\n<meta name=\"twitter:card\" content=\"summary_large_image\" \/>\n<meta name=\"twitter:label1\" content=\"\u041f\u0440\u0438\u043c\u0435\u0440\u043d\u043e\u0435 \u0432\u0440\u0435\u043c\u044f \u0434\u043b\u044f \u0447\u0442\u0435\u043d\u0438\u044f\" \/>\n\t<meta name=\"twitter:data1\" content=\"1 \u043c\u0438\u043d\u0443\u0442\u0430\" \/>\n<script type=\"application\/ld+json\" class=\"yoast-schema-graph\">{\"@context\":\"https:\/\/schema.org\",\"@graph\":[{\"@type\":\"WebPage\",\"@id\":\"https:\/\/wooddoor.lv\/product\/mehanicheskij-porog-con-alette-asal\/\",\"url\":\"https:\/\/wooddoor.lv\/product\/mehanicheskij-porog-con-alette-asal\/\",\"name\":\"Meh\u0101niskais slieksnis CON ALETTE ASAL - \u041c\u0430\u0433\u0430\u0437\u0438\u043d \u0434\u0432\u0435\u0440\u0435\u0439 Wooddors.lv\",\"isPartOf\":{\"@id\":\"https:\/\/wooddoor.lv\/#website\"},\"primaryImageOfPage\":{\"@id\":\"https:\/\/wooddoor.lv\/product\/mehanicheskij-porog-con-alette-asal\/#primaryimage\"},\"image\":{\"@id\":\"https:\/\/wooddoor.lv\/product\/mehanicheskij-porog-con-alette-asal\/#primaryimage\"},\"thumbnailUrl\":\"https:\/\/wooddoor.lv\/wp-content\/uploads\/2023\/08\/automatinis-duru-slenkstis-con-alette_imagelarge.jpg\",\"datePublished\":\"2023-08-30T08:16:07+00:00\",\"dateModified\":\"2024-10-03T01:25:16+00:00\",\"description\":\"\u041c\u0435\u0445\u0430\u043d\u0438\u0447\u0435\u0441\u043a\u0438\u0439 \u043f\u043e\u0440\u043e\u0433 CON ALETTE \u043e\u0431\u0435\u0441\u043f\u0435\u0447\u0438\u0432\u0430\u0435\u0442 \u0437\u0430\u0449\u0438\u0442\u0443 \u043e\u0442 \u0434\u044b\u043c\u0430 \u0438 \u0448\u0443\u043c\u0430 \u0437\u0430 \u0441\u0447\u0435\u0442 \u0437\u0430\u0437\u043e\u0440\u0430 \u043c\u0435\u0436\u0434\u0443 \u043d\u0438\u0436\u043d\u0435\u0439 \u0447\u0430\u0441\u0442\u044c\u044e \u0434\u0432\u0435\u0440\u0438 \u0438 \u043f\u043e\u043b\u043e\u043c. \u041f\u0440\u043e\u0434\u0443\u043a\u0442 \u0431\u044b\u043b \u043f\u0440\u043e\u0442\u0435\u0441\u0442\u0438\u0440\u043e\u0432\u0430\u043d 200 000 \u0440\u0430\u0437.\",\"breadcrumb\":{\"@id\":\"https:\/\/wooddoor.lv\/product\/mehanicheskij-porog-con-alette-asal\/#breadcrumb\"},\"inLanguage\":\"ru-RU\",\"potentialAction\":[{\"@type\":\"ReadAction\",\"target\":[\"https:\/\/wooddoor.lv\/product\/mehanicheskij-porog-con-alette-asal\/\"]}]},{\"@type\":\"ImageObject\",\"inLanguage\":\"ru-RU\",\"@id\":\"https:\/\/wooddoor.lv\/product\/mehanicheskij-porog-con-alette-asal\/#primaryimage\",\"url\":\"https:\/\/wooddoor.lv\/wp-content\/uploads\/2023\/08\/automatinis-duru-slenkstis-con-alette_imagelarge.jpg\",\"contentUrl\":\"https:\/\/wooddoor.lv\/wp-content\/uploads\/2023\/08\/automatinis-duru-slenkstis-con-alette_imagelarge.jpg\",\"width\":450,\"height\":450},{\"@type\":\"BreadcrumbList\",\"@id\":\"https:\/\/wooddoor.lv\/product\/mehanicheskij-porog-con-alette-asal\/#breadcrumb\",\"itemListElement\":[{\"@type\":\"ListItem\",\"position\":1,\"name\":\"Galven\u0101\",\"item\":\"https:\/\/wooddoor.lv\/\"},{\"@type\":\"ListItem\",\"position\":2,\"name\":\"Pre\u010du katalogs\",\"item\":\"https:\/\/wooddoor.lv\/shop\/\"},{\"@type\":\"ListItem\",\"position\":3,\"name\":\"Furnit\u016bra\",\"item\":\"https:\/\/wooddoor.lv\/product-category\/furnitura\/\"},{\"@type\":\"ListItem\",\"position\":4,\"name\":\"Meh\u0101niskie sliek\u0161\u0146i\",\"item\":\"https:\/\/wooddoor.lv\/product-category\/furnitura\/mehanicheskie-porogi\/\"},{\"@type\":\"ListItem\",\"position\":5,\"name\":\"Meh\u0101niskais slieksnis CON ALETTE ASAL\"}]},{\"@type\":\"WebSite\",\"@id\":\"https:\/\/wooddoor.lv\/#website\",\"url\":\"https:\/\/wooddoor.lv\/\",\"name\":\"Wooddoor - Ieejas un iek\u0161durvju veikals R\u012bg\u0101\",\"description\":\"Jebkura izm\u0113ra durvis, daudz kr\u0101su un mode\u013cu. Bezmaksas pieg\u0101de R\u012bgas robe\u017e\u0101s.\",\"publisher\":{\"@id\":\"https:\/\/wooddoor.lv\/#organization\"},\"potentialAction\":[{\"@type\":\"SearchAction\",\"target\":{\"@type\":\"EntryPoint\",\"urlTemplate\":\"https:\/\/wooddoor.lv\/?s={search_term_string}\"},\"query-input\":{\"@type\":\"PropertyValueSpecification\",\"valueRequired\":true,\"valueName\":\"search_term_string\"}}],\"inLanguage\":\"ru-RU\"},{\"@type\":\"Organization\",\"@id\":\"https:\/\/wooddoor.lv\/#organization\",\"name\":\"Wooddoor\",\"url\":\"https:\/\/wooddoor.lv\/\",\"logo\":{\"@type\":\"ImageObject\",\"inLanguage\":\"ru-RU\",\"@id\":\"https:\/\/wooddoor.lv\/#\/schema\/logo\/image\/\",\"url\":\"https:\/\/wooddoor.lv\/wp-content\/uploads\/2023\/08\/favicon.svg\",\"contentUrl\":\"https:\/\/wooddoor.lv\/wp-content\/uploads\/2023\/08\/favicon.svg\",\"width\":46,\"height\":46,\"caption\":\"Wooddoor\"},\"image\":{\"@id\":\"https:\/\/wooddoor.lv\/#\/schema\/logo\/image\/\"},\"sameAs\":[\"https:\/\/www.facebook.com\/wooddoors.lv\/\"]}]}<\/script>\n<!-- \/ Yoast SEO plugin. -->","yoast_head_json":{"title":"Meh\u0101niskais slieksnis CON ALETTE ASAL - \u041c\u0430\u0433\u0430\u0437\u0438\u043d \u0434\u0432\u0435\u0440\u0435\u0439 Wooddors.lv","description":"\u041c\u0435\u0445\u0430\u043d\u0438\u0447\u0435\u0441\u043a\u0438\u0439 \u043f\u043e\u0440\u043e\u0433 CON ALETTE \u043e\u0431\u0435\u0441\u043f\u0435\u0447\u0438\u0432\u0430\u0435\u0442 \u0437\u0430\u0449\u0438\u0442\u0443 \u043e\u0442 \u0434\u044b\u043c\u0430 \u0438 \u0448\u0443\u043c\u0430 \u0437\u0430 \u0441\u0447\u0435\u0442 \u0437\u0430\u0437\u043e\u0440\u0430 \u043c\u0435\u0436\u0434\u0443 \u043d\u0438\u0436\u043d\u0435\u0439 \u0447\u0430\u0441\u0442\u044c\u044e \u0434\u0432\u0435\u0440\u0438 \u0438 \u043f\u043e\u043b\u043e\u043c. \u041f\u0440\u043e\u0434\u0443\u043a\u0442 \u0431\u044b\u043b \u043f\u0440\u043e\u0442\u0435\u0441\u0442\u0438\u0440\u043e\u0432\u0430\u043d 200 000 \u0440\u0430\u0437.","robots":{"index":"index","follow":"follow","max-snippet":"max-snippet:-1","max-image-preview":"max-image-preview:large","max-video-preview":"max-video-preview:-1"},"canonical":"https:\/\/wooddoor.lv\/ru\/product\/mehanicheskij-porog-con-alette-asal\/","og_locale":"ru_RU","og_type":"article","og_title":"Meh\u0101niskais slieksnis CON ALETTE ASAL - \u041c\u0430\u0433\u0430\u0437\u0438\u043d \u0434\u0432\u0435\u0440\u0435\u0439 Wooddors.lv","og_description":"\u041c\u0435\u0445\u0430\u043d\u0438\u0447\u0435\u0441\u043a\u0438\u0439 \u043f\u043e\u0440\u043e\u0433 CON ALETTE \u043e\u0431\u0435\u0441\u043f\u0435\u0447\u0438\u0432\u0430\u0435\u0442 \u0437\u0430\u0449\u0438\u0442\u0443 \u043e\u0442 \u0434\u044b\u043c\u0430 \u0438 \u0448\u0443\u043c\u0430 \u0437\u0430 \u0441\u0447\u0435\u0442 \u0437\u0430\u0437\u043e\u0440\u0430 \u043c\u0435\u0436\u0434\u0443 \u043d\u0438\u0436\u043d\u0435\u0439 \u0447\u0430\u0441\u0442\u044c\u044e \u0434\u0432\u0435\u0440\u0438 \u0438 \u043f\u043e\u043b\u043e\u043c. \u041f\u0440\u043e\u0434\u0443\u043a\u0442 \u0431\u044b\u043b \u043f\u0440\u043e\u0442\u0435\u0441\u0442\u0438\u0440\u043e\u0432\u0430\u043d 200 000 \u0440\u0430\u0437.","og_url":"https:\/\/wooddoor.lv\/ru\/product\/mehanicheskij-porog-con-alette-asal\/","og_site_name":"Wooddoor - Ieejas un iek\u0161durvju veikals R\u012bg\u0101","article_publisher":"https:\/\/www.facebook.com\/wooddoors.lv\/","article_modified_time":"2024-10-03T01:25:16+00:00","og_image":[{"width":450,"height":450,"url":"https:\/\/wooddoor.lv\/wp-content\/uploads\/2023\/08\/automatinis-duru-slenkstis-con-alette_imagelarge.jpg","type":"image\/jpeg"}],"twitter_card":"summary_large_image","twitter_misc":{"\u041f\u0440\u0438\u043c\u0435\u0440\u043d\u043e\u0435 \u0432\u0440\u0435\u043c\u044f \u0434\u043b\u044f \u0447\u0442\u0435\u043d\u0438\u044f":"1 \u043c\u0438\u043d\u0443\u0442\u0430"},"schema":{"@context":"https:\/\/schema.org","@graph":[{"@type":"WebPage","@id":"https:\/\/wooddoor.lv\/product\/mehanicheskij-porog-con-alette-asal\/","url":"https:\/\/wooddoor.lv\/product\/mehanicheskij-porog-con-alette-asal\/","name":"Meh\u0101niskais slieksnis CON ALETTE ASAL - \u041c\u0430\u0433\u0430\u0437\u0438\u043d \u0434\u0432\u0435\u0440\u0435\u0439 Wooddors.lv","isPartOf":{"@id":"https:\/\/wooddoor.lv\/#website"},"primaryImageOfPage":{"@id":"https:\/\/wooddoor.lv\/product\/mehanicheskij-porog-con-alette-asal\/#primaryimage"},"image":{"@id":"https:\/\/wooddoor.lv\/product\/mehanicheskij-porog-con-alette-asal\/#primaryimage"},"thumbnailUrl":"https:\/\/wooddoor.lv\/wp-content\/uploads\/2023\/08\/automatinis-duru-slenkstis-con-alette_imagelarge.jpg","datePublished":"2023-08-30T08:16:07+00:00","dateModified":"2024-10-03T01:25:16+00:00","description":"\u041c\u0435\u0445\u0430\u043d\u0438\u0447\u0435\u0441\u043a\u0438\u0439 \u043f\u043e\u0440\u043e\u0433 CON ALETTE \u043e\u0431\u0435\u0441\u043f\u0435\u0447\u0438\u0432\u0430\u0435\u0442 \u0437\u0430\u0449\u0438\u0442\u0443 \u043e\u0442 \u0434\u044b\u043c\u0430 \u0438 \u0448\u0443\u043c\u0430 \u0437\u0430 \u0441\u0447\u0435\u0442 \u0437\u0430\u0437\u043e\u0440\u0430 \u043c\u0435\u0436\u0434\u0443 \u043d\u0438\u0436\u043d\u0435\u0439 \u0447\u0430\u0441\u0442\u044c\u044e \u0434\u0432\u0435\u0440\u0438 \u0438 \u043f\u043e\u043b\u043e\u043c. \u041f\u0440\u043e\u0434\u0443\u043a\u0442 \u0431\u044b\u043b \u043f\u0440\u043e\u0442\u0435\u0441\u0442\u0438\u0440\u043e\u0432\u0430\u043d 200 000 \u0440\u0430\u0437.","breadcrumb":{"@id":"https:\/\/wooddoor.lv\/product\/mehanicheskij-porog-con-alette-asal\/#breadcrumb"},"inLanguage":"ru-RU","potentialAction":[{"@type":"ReadAction","target":["https:\/\/wooddoor.lv\/product\/mehanicheskij-porog-con-alette-asal\/"]}]},{"@type":"ImageObject","inLanguage":"ru-RU","@id":"https:\/\/wooddoor.lv\/product\/mehanicheskij-porog-con-alette-asal\/#primaryimage","url":"https:\/\/wooddoor.lv\/wp-content\/uploads\/2023\/08\/automatinis-duru-slenkstis-con-alette_imagelarge.jpg","contentUrl":"https:\/\/wooddoor.lv\/wp-content\/uploads\/2023\/08\/automatinis-duru-slenkstis-con-alette_imagelarge.jpg","width":450,"height":450},{"@type":"BreadcrumbList","@id":"https:\/\/wooddoor.lv\/product\/mehanicheskij-porog-con-alette-asal\/#breadcrumb","itemListElement":[{"@type":"ListItem","position":1,"name":"Galven\u0101","item":"https:\/\/wooddoor.lv\/"},{"@type":"ListItem","position":2,"name":"Pre\u010du katalogs","item":"https:\/\/wooddoor.lv\/shop\/"},{"@type":"ListItem","position":3,"name":"Furnit\u016bra","item":"https:\/\/wooddoor.lv\/product-category\/furnitura\/"},{"@type":"ListItem","position":4,"name":"Meh\u0101niskie sliek\u0161\u0146i","item":"https:\/\/wooddoor.lv\/product-category\/furnitura\/mehanicheskie-porogi\/"},{"@type":"ListItem","position":5,"name":"Meh\u0101niskais slieksnis CON ALETTE ASAL"}]},{"@type":"WebSite","@id":"https:\/\/wooddoor.lv\/#website","url":"https:\/\/wooddoor.lv\/","name":"Wooddoor - Ieejas un iek\u0161durvju veikals R\u012bg\u0101","description":"Jebkura izm\u0113ra durvis, daudz kr\u0101su un mode\u013cu. Bezmaksas pieg\u0101de R\u012bgas robe\u017e\u0101s.","publisher":{"@id":"https:\/\/wooddoor.lv\/#organization"},"potentialAction":[{"@type":"SearchAction","target":{"@type":"EntryPoint","urlTemplate":"https:\/\/wooddoor.lv\/?s={search_term_string}"},"query-input":{"@type":"PropertyValueSpecification","valueRequired":true,"valueName":"search_term_string"}}],"inLanguage":"ru-RU"},{"@type":"Organization","@id":"https:\/\/wooddoor.lv\/#organization","name":"Wooddoor","url":"https:\/\/wooddoor.lv\/","logo":{"@type":"ImageObject","inLanguage":"ru-RU","@id":"https:\/\/wooddoor.lv\/#\/schema\/logo\/image\/","url":"https:\/\/wooddoor.lv\/wp-content\/uploads\/2023\/08\/favicon.svg","contentUrl":"https:\/\/wooddoor.lv\/wp-content\/uploads\/2023\/08\/favicon.svg","width":46,"height":46,"caption":"Wooddoor"},"image":{"@id":"https:\/\/wooddoor.lv\/#\/schema\/logo\/image\/"},"sameAs":["https:\/\/www.facebook.com\/wooddoors.lv\/"]}]}},"_links":{"self":[{"href":"https:\/\/wooddoor.lv\/ru\/wp-json\/wp\/v2\/product\/2964","targetHints":{"allow":["GET"]}}],"collection":[{"href":"https:\/\/wooddoor.lv\/ru\/wp-json\/wp\/v2\/product"}],"about":[{"href":"https:\/\/wooddoor.lv\/ru\/wp-json\/wp\/v2\/types\/product"}],"version-history":[{"count":1,"href":"https:\/\/wooddoor.lv\/ru\/wp-json\/wp\/v2\/product\/2964\/revisions"}],"predecessor-version":[{"id":4874,"href":"https:\/\/wooddoor.lv\/ru\/wp-json\/wp\/v2\/product\/2964\/revisions\/4874"}],"wp:featuredmedia":[{"embeddable":true,"href":"https:\/\/wooddoor.lv\/ru\/wp-json\/wp\/v2\/media\/2992"}],"wp:attachment":[{"href":"https:\/\/wooddoor.lv\/ru\/wp-json\/wp\/v2\/media?parent=2964"}],"wp:term":[{"taxonomy":"product_brand","embeddable":true,"href":"https:\/\/wooddoor.lv\/ru\/wp-json\/wp\/v2\/product_brand?post=2964"},{"taxonomy":"product_cat","embeddable":true,"href":"https:\/\/wooddoor.lv\/ru\/wp-json\/wp\/v2\/product_cat?post=2964"},{"taxonomy":"product_tag","embeddable":true,"href":"https:\/\/wooddoor.lv\/ru\/wp-json\/wp\/v2\/product_tag?post=2964"}],"curies":[{"name":"wp","href":"https:\/\/api.w.org\/{rel}","templated":true}]}}