{"id":4003,"date":"2023-10-07T15:17:13","date_gmt":"2023-10-07T12:17:13","guid":{"rendered":"https:\/\/www.wooddoor.lv\/?post_type=product&#038;p=4003"},"modified":"2025-05-10T16:00:21","modified_gmt":"2025-05-10T13:00:21","slug":"manchester-2-polotno-gluhoe","status":"publish","type":"product","link":"https:\/\/wooddoor.lv\/ru\/product\/manchester-2-polotno-gluhoe\/","title":{"rendered":"MANCHESTER 2 Pilna"},"content":{"rendered":"<p>MANCHESTER 2 piln\u0101s durvis klasiskaj\u0101 stil\u0101 ir papildin\u0101tas ar viegl\u0101k\u0101m form\u0101m un jauniem to\u0146iem. Simetriskas un l\u012bdzsvarotas, graciozas un vienm\u0113r aktu\u0101las, MANCHESTER 3 piln\u0101s durvis lieliski ieder\u0113sies pat m\u016bsdien\u012bgos interjeros.<\/p>\n<p>Poliuret\u0101na emaljas izmanto\u0161ana k\u0101 gala apdare nodro\u0161ina maksim\u0101li augstu iztur\u012bbu un ilgm\u016b\u017e\u012bbu.<\/p>\n<p>Elit\u0101ri profil\u0113ti aplodas un karn\u012bzes pie\u0161\u0137ir v\u0113l liel\u0101ku izsmalcin\u0101t\u012bbu un eleganci.<\/p>\n<p>Kvalit\u0101te necie\u0161 kompromisus, ta\u010du t\u0101 k\u013c\u016bst pieejama un univers\u0101la.<\/p>\n<p>Pas\u016bt\u012bjuma kr\u0101sas, iz\u0146emot &#8220;baltu&#8221;, &#8220;graf\u012btu&#8221; un &#8220;zilo\u0146kaulu&#8221;, tiek izpild\u012btas r\u016bpn\u012bc\u0101, ja pas\u016bt\u012bjums p\u0101rsniedz 5 v\u0113rtnes.<\/p>","protected":false},"excerpt":{"rendered":"<p>MANCHESTER 2 piln\u0101s durvis klasiskaj\u0101 stil\u0101 ir papildin\u0101tas ar viegl\u0101k\u0101m form\u0101m un jauniem to\u0146iem. Simetriskas un l\u012bdzsvarotas, graciozas un vienm\u0113r<\/p>","protected":false},"featured_media":4005,"template":"","meta":[],"product_brand":[],"product_cat":[15],"product_tag":[],"class_list":{"0":"post-4003","1":"product","2":"type-product","3":"status-publish","4":"has-post-thumbnail","6":"product_cat-interior-doors","7":"tm-has-options","9":"first","10":"instock","11":"shipping-taxable","12":"purchasable","13":"product-type-variable","14":"has-default-attributes"},"yoast_head":"<!-- This site is optimized with the Yoast SEO plugin v25.5 - https:\/\/yoast.com\/wordpress\/plugins\/seo\/ -->\n<title>MANCHESTER 2 Pilna - \u041c\u0430\u0433\u0430\u0437\u0438\u043d \u0434\u0432\u0435\u0440\u0435\u0439<\/title>\n<meta name=\"description\" content=\"MANCHESTER 2 \u041f\u043e\u043b\u043e\u0442\u043d\u043e \u0413\u043b\u0443\u0445\u043e\u0435 \u043a\u043b\u0430\u0441\u0441\u0438\u0447\u0435\u0441\u043a\u0438\u0439 \u0441\u0442\u0438\u043b\u044c \u043a\u043e\u0442\u043e\u0440\u043e\u0439 \u043e\u0431\u043e\u0433\u0430\u0442\u0438\u043b\u0441\u044f \u0431\u043e\u043b\u0435\u0435 \u043b\u0435\u0433\u043a\u0438\u043c\u0438 \u0444\u043e\u0440\u043c\u0430\u043c\u0438, \u043d\u043e\u0432\u044b\u043c\u0438 \u0446\u0432\u0435\u0442\u0430\u043c\u0438.\u00a0\u0421\u0431\u0430\u043b\u0430\u043d\u0441\u0438\u0440\u043e\u0432\u0430\u043d\u043d\u0430\u044f, \u0433\u0440\u0430\u0446\u0438\u043e\u0437\u043d\u0430\u044f \u0438 \u0432\u0435\u0447\u043d\u043e \u0430\u043a\u0442\u0443\u0430\u043b\u044c\u043d\u0430\u044f.\" \/>\n<meta name=\"robots\" content=\"index, follow, max-snippet:-1, max-image-preview:large, max-video-preview:-1\" \/>\n<link rel=\"canonical\" href=\"https:\/\/wooddoor.lv\/ru\/product\/manchester-2-polotno-gluhoe\/\" \/>\n<meta property=\"og:locale\" content=\"ru_RU\" \/>\n<meta property=\"og:type\" content=\"article\" \/>\n<meta property=\"og:title\" content=\"MANCHESTER 2 Pilna - \u041c\u0430\u0433\u0430\u0437\u0438\u043d \u0434\u0432\u0435\u0440\u0435\u0439\" \/>\n<meta property=\"og:description\" content=\"MANCHESTER 2 \u041f\u043e\u043b\u043e\u0442\u043d\u043e \u0413\u043b\u0443\u0445\u043e\u0435 \u043a\u043b\u0430\u0441\u0441\u0438\u0447\u0435\u0441\u043a\u0438\u0439 \u0441\u0442\u0438\u043b\u044c \u043a\u043e\u0442\u043e\u0440\u043e\u0439 \u043e\u0431\u043e\u0433\u0430\u0442\u0438\u043b\u0441\u044f \u0431\u043e\u043b\u0435\u0435 \u043b\u0435\u0433\u043a\u0438\u043c\u0438 \u0444\u043e\u0440\u043c\u0430\u043c\u0438, \u043d\u043e\u0432\u044b\u043c\u0438 \u0446\u0432\u0435\u0442\u0430\u043c\u0438.\u00a0\u0421\u0431\u0430\u043b\u0430\u043d\u0441\u0438\u0440\u043e\u0432\u0430\u043d\u043d\u0430\u044f, \u0433\u0440\u0430\u0446\u0438\u043e\u0437\u043d\u0430\u044f \u0438 \u0432\u0435\u0447\u043d\u043e \u0430\u043a\u0442\u0443\u0430\u043b\u044c\u043d\u0430\u044f.\" \/>\n<meta property=\"og:url\" content=\"https:\/\/wooddoor.lv\/ru\/product\/manchester-2-polotno-gluhoe\/\" \/>\n<meta property=\"og:site_name\" content=\"Wooddoor - Ieejas un iek\u0161durvju veikals R\u012bg\u0101\" \/>\n<meta property=\"article:publisher\" content=\"https:\/\/www.facebook.com\/wooddoors.lv\/\" \/>\n<meta property=\"article:modified_time\" content=\"2025-05-10T13:00:21+00:00\" \/>\n<meta property=\"og:image\" content=\"https:\/\/wooddoor.lv\/wp-content\/uploads\/2023\/10\/frame-49.png\" \/>\n\t<meta property=\"og:image:width\" content=\"378\" \/>\n\t<meta property=\"og:image:height\" content=\"808\" \/>\n\t<meta property=\"og:image:type\" content=\"image\/png\" \/>\n<meta name=\"twitter:card\" content=\"summary_large_image\" \/>\n<meta name=\"twitter:label1\" content=\"\u041f\u0440\u0438\u043c\u0435\u0440\u043d\u043e\u0435 \u0432\u0440\u0435\u043c\u044f \u0434\u043b\u044f \u0447\u0442\u0435\u043d\u0438\u044f\" \/>\n\t<meta name=\"twitter:data1\" content=\"1 \u043c\u0438\u043d\u0443\u0442\u0430\" \/>\n<script type=\"application\/ld+json\" class=\"yoast-schema-graph\">{\"@context\":\"https:\/\/schema.org\",\"@graph\":[{\"@type\":\"WebPage\",\"@id\":\"https:\/\/wooddoor.lv\/product\/manchester-2-polotno-gluhoe\/\",\"url\":\"https:\/\/wooddoor.lv\/product\/manchester-2-polotno-gluhoe\/\",\"name\":\"MANCHESTER 2 Pilna - \u041c\u0430\u0433\u0430\u0437\u0438\u043d \u0434\u0432\u0435\u0440\u0435\u0439\",\"isPartOf\":{\"@id\":\"https:\/\/wooddoor.lv\/#website\"},\"primaryImageOfPage\":{\"@id\":\"https:\/\/wooddoor.lv\/product\/manchester-2-polotno-gluhoe\/#primaryimage\"},\"image\":{\"@id\":\"https:\/\/wooddoor.lv\/product\/manchester-2-polotno-gluhoe\/#primaryimage\"},\"thumbnailUrl\":\"https:\/\/wooddoor.lv\/wp-content\/uploads\/2023\/10\/frame-49.png\",\"datePublished\":\"2023-10-07T12:17:13+00:00\",\"dateModified\":\"2025-05-10T13:00:21+00:00\",\"description\":\"MANCHESTER 2 \u041f\u043e\u043b\u043e\u0442\u043d\u043e \u0413\u043b\u0443\u0445\u043e\u0435 \u043a\u043b\u0430\u0441\u0441\u0438\u0447\u0435\u0441\u043a\u0438\u0439 \u0441\u0442\u0438\u043b\u044c \u043a\u043e\u0442\u043e\u0440\u043e\u0439 \u043e\u0431\u043e\u0433\u0430\u0442\u0438\u043b\u0441\u044f \u0431\u043e\u043b\u0435\u0435 \u043b\u0435\u0433\u043a\u0438\u043c\u0438 \u0444\u043e\u0440\u043c\u0430\u043c\u0438, \u043d\u043e\u0432\u044b\u043c\u0438 \u0446\u0432\u0435\u0442\u0430\u043c\u0438.\u00a0\u0421\u0431\u0430\u043b\u0430\u043d\u0441\u0438\u0440\u043e\u0432\u0430\u043d\u043d\u0430\u044f, \u0433\u0440\u0430\u0446\u0438\u043e\u0437\u043d\u0430\u044f \u0438 \u0432\u0435\u0447\u043d\u043e \u0430\u043a\u0442\u0443\u0430\u043b\u044c\u043d\u0430\u044f.\",\"breadcrumb\":{\"@id\":\"https:\/\/wooddoor.lv\/product\/manchester-2-polotno-gluhoe\/#breadcrumb\"},\"inLanguage\":\"ru-RU\",\"potentialAction\":[{\"@type\":\"ReadAction\",\"target\":[\"https:\/\/wooddoor.lv\/product\/manchester-2-polotno-gluhoe\/\"]}]},{\"@type\":\"ImageObject\",\"inLanguage\":\"ru-RU\",\"@id\":\"https:\/\/wooddoor.lv\/product\/manchester-2-polotno-gluhoe\/#primaryimage\",\"url\":\"https:\/\/wooddoor.lv\/wp-content\/uploads\/2023\/10\/frame-49.png\",\"contentUrl\":\"https:\/\/wooddoor.lv\/wp-content\/uploads\/2023\/10\/frame-49.png\",\"width\":378,\"height\":808},{\"@type\":\"BreadcrumbList\",\"@id\":\"https:\/\/wooddoor.lv\/product\/manchester-2-polotno-gluhoe\/#breadcrumb\",\"itemListElement\":[{\"@type\":\"ListItem\",\"position\":1,\"name\":\"Galven\u0101\",\"item\":\"https:\/\/wooddoor.lv\/\"},{\"@type\":\"ListItem\",\"position\":2,\"name\":\"Pre\u010du katalogs\",\"item\":\"https:\/\/wooddoor.lv\/shop\/\"},{\"@type\":\"ListItem\",\"position\":3,\"name\":\"Iek\u0161durvis\",\"item\":\"https:\/\/wooddoor.lv\/product-category\/interior-doors\/\"},{\"@type\":\"ListItem\",\"position\":4,\"name\":\"MANCHESTER 2 Pilna\"}]},{\"@type\":\"WebSite\",\"@id\":\"https:\/\/wooddoor.lv\/#website\",\"url\":\"https:\/\/wooddoor.lv\/\",\"name\":\"Wooddoor - Ieejas un iek\u0161durvju veikals R\u012bg\u0101\",\"description\":\"Jebkura izm\u0113ra durvis, daudz kr\u0101su un mode\u013cu. Bezmaksas pieg\u0101de R\u012bgas robe\u017e\u0101s.\",\"publisher\":{\"@id\":\"https:\/\/wooddoor.lv\/#organization\"},\"potentialAction\":[{\"@type\":\"SearchAction\",\"target\":{\"@type\":\"EntryPoint\",\"urlTemplate\":\"https:\/\/wooddoor.lv\/?s={search_term_string}\"},\"query-input\":{\"@type\":\"PropertyValueSpecification\",\"valueRequired\":true,\"valueName\":\"search_term_string\"}}],\"inLanguage\":\"ru-RU\"},{\"@type\":\"Organization\",\"@id\":\"https:\/\/wooddoor.lv\/#organization\",\"name\":\"Wooddoor\",\"url\":\"https:\/\/wooddoor.lv\/\",\"logo\":{\"@type\":\"ImageObject\",\"inLanguage\":\"ru-RU\",\"@id\":\"https:\/\/wooddoor.lv\/#\/schema\/logo\/image\/\",\"url\":\"https:\/\/wooddoor.lv\/wp-content\/uploads\/2023\/08\/favicon.svg\",\"contentUrl\":\"https:\/\/wooddoor.lv\/wp-content\/uploads\/2023\/08\/favicon.svg\",\"width\":46,\"height\":46,\"caption\":\"Wooddoor\"},\"image\":{\"@id\":\"https:\/\/wooddoor.lv\/#\/schema\/logo\/image\/\"},\"sameAs\":[\"https:\/\/www.facebook.com\/wooddoors.lv\/\"]}]}<\/script>\n<!-- \/ Yoast SEO plugin. -->","yoast_head_json":{"title":"MANCHESTER 2 Pilna - \u041c\u0430\u0433\u0430\u0437\u0438\u043d \u0434\u0432\u0435\u0440\u0435\u0439","description":"MANCHESTER 2 \u041f\u043e\u043b\u043e\u0442\u043d\u043e \u0413\u043b\u0443\u0445\u043e\u0435 \u043a\u043b\u0430\u0441\u0441\u0438\u0447\u0435\u0441\u043a\u0438\u0439 \u0441\u0442\u0438\u043b\u044c \u043a\u043e\u0442\u043e\u0440\u043e\u0439 \u043e\u0431\u043e\u0433\u0430\u0442\u0438\u043b\u0441\u044f \u0431\u043e\u043b\u0435\u0435 \u043b\u0435\u0433\u043a\u0438\u043c\u0438 \u0444\u043e\u0440\u043c\u0430\u043c\u0438, \u043d\u043e\u0432\u044b\u043c\u0438 \u0446\u0432\u0435\u0442\u0430\u043c\u0438.\u00a0\u0421\u0431\u0430\u043b\u0430\u043d\u0441\u0438\u0440\u043e\u0432\u0430\u043d\u043d\u0430\u044f, \u0433\u0440\u0430\u0446\u0438\u043e\u0437\u043d\u0430\u044f \u0438 \u0432\u0435\u0447\u043d\u043e \u0430\u043a\u0442\u0443\u0430\u043b\u044c\u043d\u0430\u044f.","robots":{"index":"index","follow":"follow","max-snippet":"max-snippet:-1","max-image-preview":"max-image-preview:large","max-video-preview":"max-video-preview:-1"},"canonical":"https:\/\/wooddoor.lv\/ru\/product\/manchester-2-polotno-gluhoe\/","og_locale":"ru_RU","og_type":"article","og_title":"MANCHESTER 2 Pilna - \u041c\u0430\u0433\u0430\u0437\u0438\u043d \u0434\u0432\u0435\u0440\u0435\u0439","og_description":"MANCHESTER 2 \u041f\u043e\u043b\u043e\u0442\u043d\u043e \u0413\u043b\u0443\u0445\u043e\u0435 \u043a\u043b\u0430\u0441\u0441\u0438\u0447\u0435\u0441\u043a\u0438\u0439 \u0441\u0442\u0438\u043b\u044c \u043a\u043e\u0442\u043e\u0440\u043e\u0439 \u043e\u0431\u043e\u0433\u0430\u0442\u0438\u043b\u0441\u044f \u0431\u043e\u043b\u0435\u0435 \u043b\u0435\u0433\u043a\u0438\u043c\u0438 \u0444\u043e\u0440\u043c\u0430\u043c\u0438, \u043d\u043e\u0432\u044b\u043c\u0438 \u0446\u0432\u0435\u0442\u0430\u043c\u0438.\u00a0\u0421\u0431\u0430\u043b\u0430\u043d\u0441\u0438\u0440\u043e\u0432\u0430\u043d\u043d\u0430\u044f, \u0433\u0440\u0430\u0446\u0438\u043e\u0437\u043d\u0430\u044f \u0438 \u0432\u0435\u0447\u043d\u043e \u0430\u043a\u0442\u0443\u0430\u043b\u044c\u043d\u0430\u044f.","og_url":"https:\/\/wooddoor.lv\/ru\/product\/manchester-2-polotno-gluhoe\/","og_site_name":"Wooddoor - Ieejas un iek\u0161durvju veikals R\u012bg\u0101","article_publisher":"https:\/\/www.facebook.com\/wooddoors.lv\/","article_modified_time":"2025-05-10T13:00:21+00:00","og_image":[{"width":378,"height":808,"url":"https:\/\/wooddoor.lv\/wp-content\/uploads\/2023\/10\/frame-49.png","type":"image\/png"}],"twitter_card":"summary_large_image","twitter_misc":{"\u041f\u0440\u0438\u043c\u0435\u0440\u043d\u043e\u0435 \u0432\u0440\u0435\u043c\u044f \u0434\u043b\u044f \u0447\u0442\u0435\u043d\u0438\u044f":"1 \u043c\u0438\u043d\u0443\u0442\u0430"},"schema":{"@context":"https:\/\/schema.org","@graph":[{"@type":"WebPage","@id":"https:\/\/wooddoor.lv\/product\/manchester-2-polotno-gluhoe\/","url":"https:\/\/wooddoor.lv\/product\/manchester-2-polotno-gluhoe\/","name":"MANCHESTER 2 Pilna - \u041c\u0430\u0433\u0430\u0437\u0438\u043d \u0434\u0432\u0435\u0440\u0435\u0439","isPartOf":{"@id":"https:\/\/wooddoor.lv\/#website"},"primaryImageOfPage":{"@id":"https:\/\/wooddoor.lv\/product\/manchester-2-polotno-gluhoe\/#primaryimage"},"image":{"@id":"https:\/\/wooddoor.lv\/product\/manchester-2-polotno-gluhoe\/#primaryimage"},"thumbnailUrl":"https:\/\/wooddoor.lv\/wp-content\/uploads\/2023\/10\/frame-49.png","datePublished":"2023-10-07T12:17:13+00:00","dateModified":"2025-05-10T13:00:21+00:00","description":"MANCHESTER 2 \u041f\u043e\u043b\u043e\u0442\u043d\u043e \u0413\u043b\u0443\u0445\u043e\u0435 \u043a\u043b\u0430\u0441\u0441\u0438\u0447\u0435\u0441\u043a\u0438\u0439 \u0441\u0442\u0438\u043b\u044c \u043a\u043e\u0442\u043e\u0440\u043e\u0439 \u043e\u0431\u043e\u0433\u0430\u0442\u0438\u043b\u0441\u044f \u0431\u043e\u043b\u0435\u0435 \u043b\u0435\u0433\u043a\u0438\u043c\u0438 \u0444\u043e\u0440\u043c\u0430\u043c\u0438, \u043d\u043e\u0432\u044b\u043c\u0438 \u0446\u0432\u0435\u0442\u0430\u043c\u0438.\u00a0\u0421\u0431\u0430\u043b\u0430\u043d\u0441\u0438\u0440\u043e\u0432\u0430\u043d\u043d\u0430\u044f, \u0433\u0440\u0430\u0446\u0438\u043e\u0437\u043d\u0430\u044f \u0438 \u0432\u0435\u0447\u043d\u043e \u0430\u043a\u0442\u0443\u0430\u043b\u044c\u043d\u0430\u044f.","breadcrumb":{"@id":"https:\/\/wooddoor.lv\/product\/manchester-2-polotno-gluhoe\/#breadcrumb"},"inLanguage":"ru-RU","potentialAction":[{"@type":"ReadAction","target":["https:\/\/wooddoor.lv\/product\/manchester-2-polotno-gluhoe\/"]}]},{"@type":"ImageObject","inLanguage":"ru-RU","@id":"https:\/\/wooddoor.lv\/product\/manchester-2-polotno-gluhoe\/#primaryimage","url":"https:\/\/wooddoor.lv\/wp-content\/uploads\/2023\/10\/frame-49.png","contentUrl":"https:\/\/wooddoor.lv\/wp-content\/uploads\/2023\/10\/frame-49.png","width":378,"height":808},{"@type":"BreadcrumbList","@id":"https:\/\/wooddoor.lv\/product\/manchester-2-polotno-gluhoe\/#breadcrumb","itemListElement":[{"@type":"ListItem","position":1,"name":"Galven\u0101","item":"https:\/\/wooddoor.lv\/"},{"@type":"ListItem","position":2,"name":"Pre\u010du katalogs","item":"https:\/\/wooddoor.lv\/shop\/"},{"@type":"ListItem","position":3,"name":"Iek\u0161durvis","item":"https:\/\/wooddoor.lv\/product-category\/interior-doors\/"},{"@type":"ListItem","position":4,"name":"MANCHESTER 2 Pilna"}]},{"@type":"WebSite","@id":"https:\/\/wooddoor.lv\/#website","url":"https:\/\/wooddoor.lv\/","name":"Wooddoor - Ieejas un iek\u0161durvju veikals R\u012bg\u0101","description":"Jebkura izm\u0113ra durvis, daudz kr\u0101su un mode\u013cu. Bezmaksas pieg\u0101de R\u012bgas robe\u017e\u0101s.","publisher":{"@id":"https:\/\/wooddoor.lv\/#organization"},"potentialAction":[{"@type":"SearchAction","target":{"@type":"EntryPoint","urlTemplate":"https:\/\/wooddoor.lv\/?s={search_term_string}"},"query-input":{"@type":"PropertyValueSpecification","valueRequired":true,"valueName":"search_term_string"}}],"inLanguage":"ru-RU"},{"@type":"Organization","@id":"https:\/\/wooddoor.lv\/#organization","name":"Wooddoor","url":"https:\/\/wooddoor.lv\/","logo":{"@type":"ImageObject","inLanguage":"ru-RU","@id":"https:\/\/wooddoor.lv\/#\/schema\/logo\/image\/","url":"https:\/\/wooddoor.lv\/wp-content\/uploads\/2023\/08\/favicon.svg","contentUrl":"https:\/\/wooddoor.lv\/wp-content\/uploads\/2023\/08\/favicon.svg","width":46,"height":46,"caption":"Wooddoor"},"image":{"@id":"https:\/\/wooddoor.lv\/#\/schema\/logo\/image\/"},"sameAs":["https:\/\/www.facebook.com\/wooddoors.lv\/"]}]}},"_links":{"self":[{"href":"https:\/\/wooddoor.lv\/ru\/wp-json\/wp\/v2\/product\/4003","targetHints":{"allow":["GET"]}}],"collection":[{"href":"https:\/\/wooddoor.lv\/ru\/wp-json\/wp\/v2\/product"}],"about":[{"href":"https:\/\/wooddoor.lv\/ru\/wp-json\/wp\/v2\/types\/product"}],"version-history":[{"count":0,"href":"https:\/\/wooddoor.lv\/ru\/wp-json\/wp\/v2\/product\/4003\/revisions"}],"wp:featuredmedia":[{"embeddable":true,"href":"https:\/\/wooddoor.lv\/ru\/wp-json\/wp\/v2\/media\/4005"}],"wp:attachment":[{"href":"https:\/\/wooddoor.lv\/ru\/wp-json\/wp\/v2\/media?parent=4003"}],"wp:term":[{"taxonomy":"product_brand","embeddable":true,"href":"https:\/\/wooddoor.lv\/ru\/wp-json\/wp\/v2\/product_brand?post=4003"},{"taxonomy":"product_cat","embeddable":true,"href":"https:\/\/wooddoor.lv\/ru\/wp-json\/wp\/v2\/product_cat?post=4003"},{"taxonomy":"product_tag","embeddable":true,"href":"https:\/\/wooddoor.lv\/ru\/wp-json\/wp\/v2\/product_tag?post=4003"}],"curies":[{"name":"wp","href":"https:\/\/api.w.org\/{rel}","templated":true}]}}