{"id":4057,"date":"2023-10-10T09:08:55","date_gmt":"2023-10-10T06:08:55","guid":{"rendered":"https:\/\/www.wooddoor.lv\/?post_type=product&#038;p=4057"},"modified":"2024-10-14T18:35:49","modified_gmt":"2024-10-14T15:35:49","slug":"kremona-1-polotno-gluhoe","status":"publish","type":"product","link":"https:\/\/wooddoor.lv\/ru\/product\/kremona-1-polotno-gluhoe\/","title":{"rendered":"KREMONA 1 Pilna"},"content":{"rendered":"<p>KREMONA durvis ir izgatavotas, izmantojot karkasa-vairoga tehnolo\u0123iju. Pateicoties prasm\u012bgai stabiliz\u0113jo\u0161o pamat\u0146u un priedes karkasa kombin\u0101cijai, KREMONA 2 iek\u0161durv\u012bm ir nodro\u0161in\u0101ta nepiecie\u0161am\u0101 iztur\u012bba. Apdarei tiek izmantoti 6 mm biezi MDF pane\u013ci un Mate LUX stikls.<\/p>\n<p>\u0160im modelim unik\u0101lu izsmalcin\u0101t\u012bbu pie\u0161\u0137ir ori\u0123in\u0101ls taisnu un liektu l\u012bniju savienojums. Durvju dizaina izcilais elements ir centr\u0101l\u0101 horizont\u0101l\u0101 l\u012bnija, kas veidota neparasti izliekta. Ori\u0123in\u0101lo konfigur\u0101ciju veido MDF finier\u0113tas un vitr\u0101\u017eas stikla ielaidumi, kuru horizont\u0101l\u0101 \u0161\u0137\u0113rssija centr\u0101 ir pak\u0101peniski sabiezin\u0101ta.<\/p>\n<p>Apk\u0101rt\u0113j\u0101 klasisk\u0101 r\u0101mja apak\u0161\u0113j\u0101 \u0161\u0137\u0113rssija ir padar\u012bta biez\u0101ka, pie\u0161\u0137irot KREMONA 2 stiklotaj\u0101m iek\u0161durv\u012bm \u012bpa\u0161u konstrukcijas iztur\u012bbas saj\u016btu.<\/p>","protected":false},"excerpt":{"rendered":"<p>KREMONA durvis ir izgatavotas, izmantojot karkasa-vairoga tehnolo\u0123iju. Pateicoties prasm\u012bgai stabiliz\u0113jo\u0161o pamat\u0146u un priedes karkasa kombin\u0101cijai, KREMONA 2 iek\u0161durv\u012bm ir nodro\u0161in\u0101ta<\/p>","protected":false},"featured_media":4059,"template":"","meta":[],"product_brand":[],"product_cat":[15],"product_tag":[],"class_list":{"0":"post-4057","1":"product","2":"type-product","3":"status-publish","4":"has-post-thumbnail","6":"product_cat-interior-doors","7":"tm-has-options","9":"first","10":"instock","11":"shipping-taxable","12":"purchasable","13":"product-type-variable","14":"has-default-attributes"},"yoast_head":"<!-- This site is optimized with the Yoast SEO plugin v25.5 - https:\/\/yoast.com\/wordpress\/plugins\/seo\/ -->\n<title>KREMONA 1 Pilna - \u041c\u0430\u0433\u0430\u0437\u0438\u043d \u0434\u0432\u0435\u0440\u0435\u0439<\/title>\n<meta name=\"description\" content=\"KREMONA 1 \u041f\u043e\u043b\u043e\u0442\u043d\u043e \u0413\u043b\u0443\u0445\u043e\u0435 \u043a\u043b\u0430\u0441\u0441\u0438\u0447\u0435\u0441\u043a\u0438\u0439 \u0441\u0442\u0438\u043b\u044c \u043a\u043e\u0442\u043e\u0440\u043e\u0439 \u043e\u0431\u043e\u0433\u0430\u0442\u0438\u043b\u0441\u044f \u0431\u043e\u043b\u0435\u0435 \u043b\u0435\u0433\u043a\u0438\u043c\u0438 \u0444\u043e\u0440\u043c\u0430\u043c\u0438, \u043d\u043e\u0432\u044b\u043c\u0438 \u0446\u0432\u0435\u0442\u0430\u043c\u0438.\u00a0\u0421\u0431\u0430\u043b\u0430\u043d\u0441\u0438\u0440\u043e\u0432\u0430\u043d\u043d\u0430\u044f, \u0433\u0440\u0430\u0446\u0438\u043e\u0437\u043d\u0430\u044f \u0438 \u0432\u0435\u0447\u043d\u043e \u0430\u043a\u0442\u0443\u0430\u043b\u044c\u043d\u0430\u044f.\" \/>\n<meta name=\"robots\" content=\"index, follow, max-snippet:-1, max-image-preview:large, max-video-preview:-1\" \/>\n<link rel=\"canonical\" href=\"https:\/\/wooddoor.lv\/ru\/product\/kremona-1-polotno-gluhoe\/\" \/>\n<meta property=\"og:locale\" content=\"ru_RU\" \/>\n<meta property=\"og:type\" content=\"article\" \/>\n<meta property=\"og:title\" content=\"KREMONA 1 Pilna - \u041c\u0430\u0433\u0430\u0437\u0438\u043d \u0434\u0432\u0435\u0440\u0435\u0439\" \/>\n<meta property=\"og:description\" content=\"KREMONA 1 \u041f\u043e\u043b\u043e\u0442\u043d\u043e \u0413\u043b\u0443\u0445\u043e\u0435 \u043a\u043b\u0430\u0441\u0441\u0438\u0447\u0435\u0441\u043a\u0438\u0439 \u0441\u0442\u0438\u043b\u044c \u043a\u043e\u0442\u043e\u0440\u043e\u0439 \u043e\u0431\u043e\u0433\u0430\u0442\u0438\u043b\u0441\u044f \u0431\u043e\u043b\u0435\u0435 \u043b\u0435\u0433\u043a\u0438\u043c\u0438 \u0444\u043e\u0440\u043c\u0430\u043c\u0438, \u043d\u043e\u0432\u044b\u043c\u0438 \u0446\u0432\u0435\u0442\u0430\u043c\u0438.\u00a0\u0421\u0431\u0430\u043b\u0430\u043d\u0441\u0438\u0440\u043e\u0432\u0430\u043d\u043d\u0430\u044f, \u0433\u0440\u0430\u0446\u0438\u043e\u0437\u043d\u0430\u044f \u0438 \u0432\u0435\u0447\u043d\u043e \u0430\u043a\u0442\u0443\u0430\u043b\u044c\u043d\u0430\u044f.\" \/>\n<meta property=\"og:url\" content=\"https:\/\/wooddoor.lv\/ru\/product\/kremona-1-polotno-gluhoe\/\" \/>\n<meta property=\"og:site_name\" content=\"Wooddoor - Ieejas un iek\u0161durvju veikals R\u012bg\u0101\" \/>\n<meta property=\"article:publisher\" content=\"https:\/\/www.facebook.com\/wooddoors.lv\/\" \/>\n<meta property=\"article:modified_time\" content=\"2024-10-14T15:35:49+00:00\" \/>\n<meta property=\"og:image\" content=\"https:\/\/wooddoor.lv\/wp-content\/uploads\/2023\/10\/87402159-scaled.webp\" \/>\n\t<meta property=\"og:image:width\" content=\"1188\" \/>\n\t<meta property=\"og:image:height\" content=\"2560\" \/>\n\t<meta property=\"og:image:type\" content=\"image\/webp\" \/>\n<meta name=\"twitter:card\" content=\"summary_large_image\" \/>\n<meta name=\"twitter:label1\" content=\"\u041f\u0440\u0438\u043c\u0435\u0440\u043d\u043e\u0435 \u0432\u0440\u0435\u043c\u044f \u0434\u043b\u044f \u0447\u0442\u0435\u043d\u0438\u044f\" \/>\n\t<meta name=\"twitter:data1\" content=\"1 \u043c\u0438\u043d\u0443\u0442\u0430\" \/>\n<script type=\"application\/ld+json\" class=\"yoast-schema-graph\">{\"@context\":\"https:\/\/schema.org\",\"@graph\":[{\"@type\":\"WebPage\",\"@id\":\"https:\/\/wooddoor.lv\/product\/kremona-1-polotno-gluhoe\/\",\"url\":\"https:\/\/wooddoor.lv\/product\/kremona-1-polotno-gluhoe\/\",\"name\":\"KREMONA 1 Pilna - \u041c\u0430\u0433\u0430\u0437\u0438\u043d \u0434\u0432\u0435\u0440\u0435\u0439\",\"isPartOf\":{\"@id\":\"https:\/\/wooddoor.lv\/#website\"},\"primaryImageOfPage\":{\"@id\":\"https:\/\/wooddoor.lv\/product\/kremona-1-polotno-gluhoe\/#primaryimage\"},\"image\":{\"@id\":\"https:\/\/wooddoor.lv\/product\/kremona-1-polotno-gluhoe\/#primaryimage\"},\"thumbnailUrl\":\"https:\/\/wooddoor.lv\/wp-content\/uploads\/2023\/10\/87402159-scaled.webp\",\"datePublished\":\"2023-10-10T06:08:55+00:00\",\"dateModified\":\"2024-10-14T15:35:49+00:00\",\"description\":\"KREMONA 1 \u041f\u043e\u043b\u043e\u0442\u043d\u043e \u0413\u043b\u0443\u0445\u043e\u0435 \u043a\u043b\u0430\u0441\u0441\u0438\u0447\u0435\u0441\u043a\u0438\u0439 \u0441\u0442\u0438\u043b\u044c \u043a\u043e\u0442\u043e\u0440\u043e\u0439 \u043e\u0431\u043e\u0433\u0430\u0442\u0438\u043b\u0441\u044f \u0431\u043e\u043b\u0435\u0435 \u043b\u0435\u0433\u043a\u0438\u043c\u0438 \u0444\u043e\u0440\u043c\u0430\u043c\u0438, \u043d\u043e\u0432\u044b\u043c\u0438 \u0446\u0432\u0435\u0442\u0430\u043c\u0438.\u00a0\u0421\u0431\u0430\u043b\u0430\u043d\u0441\u0438\u0440\u043e\u0432\u0430\u043d\u043d\u0430\u044f, \u0433\u0440\u0430\u0446\u0438\u043e\u0437\u043d\u0430\u044f \u0438 \u0432\u0435\u0447\u043d\u043e \u0430\u043a\u0442\u0443\u0430\u043b\u044c\u043d\u0430\u044f.\",\"breadcrumb\":{\"@id\":\"https:\/\/wooddoor.lv\/product\/kremona-1-polotno-gluhoe\/#breadcrumb\"},\"inLanguage\":\"ru-RU\",\"potentialAction\":[{\"@type\":\"ReadAction\",\"target\":[\"https:\/\/wooddoor.lv\/product\/kremona-1-polotno-gluhoe\/\"]}]},{\"@type\":\"ImageObject\",\"inLanguage\":\"ru-RU\",\"@id\":\"https:\/\/wooddoor.lv\/product\/kremona-1-polotno-gluhoe\/#primaryimage\",\"url\":\"https:\/\/wooddoor.lv\/wp-content\/uploads\/2023\/10\/87402159-scaled.webp\",\"contentUrl\":\"https:\/\/wooddoor.lv\/wp-content\/uploads\/2023\/10\/87402159-scaled.webp\",\"width\":1188,\"height\":2560},{\"@type\":\"BreadcrumbList\",\"@id\":\"https:\/\/wooddoor.lv\/product\/kremona-1-polotno-gluhoe\/#breadcrumb\",\"itemListElement\":[{\"@type\":\"ListItem\",\"position\":1,\"name\":\"Galven\u0101\",\"item\":\"https:\/\/wooddoor.lv\/\"},{\"@type\":\"ListItem\",\"position\":2,\"name\":\"Pre\u010du katalogs\",\"item\":\"https:\/\/wooddoor.lv\/shop\/\"},{\"@type\":\"ListItem\",\"position\":3,\"name\":\"Iek\u0161durvis\",\"item\":\"https:\/\/wooddoor.lv\/product-category\/interior-doors\/\"},{\"@type\":\"ListItem\",\"position\":4,\"name\":\"KREMONA 1 Pilna\"}]},{\"@type\":\"WebSite\",\"@id\":\"https:\/\/wooddoor.lv\/#website\",\"url\":\"https:\/\/wooddoor.lv\/\",\"name\":\"Wooddoor - Ieejas un iek\u0161durvju veikals R\u012bg\u0101\",\"description\":\"Jebkura izm\u0113ra durvis, daudz kr\u0101su un mode\u013cu. Bezmaksas pieg\u0101de R\u012bgas robe\u017e\u0101s.\",\"publisher\":{\"@id\":\"https:\/\/wooddoor.lv\/#organization\"},\"potentialAction\":[{\"@type\":\"SearchAction\",\"target\":{\"@type\":\"EntryPoint\",\"urlTemplate\":\"https:\/\/wooddoor.lv\/?s={search_term_string}\"},\"query-input\":{\"@type\":\"PropertyValueSpecification\",\"valueRequired\":true,\"valueName\":\"search_term_string\"}}],\"inLanguage\":\"ru-RU\"},{\"@type\":\"Organization\",\"@id\":\"https:\/\/wooddoor.lv\/#organization\",\"name\":\"Wooddoor\",\"url\":\"https:\/\/wooddoor.lv\/\",\"logo\":{\"@type\":\"ImageObject\",\"inLanguage\":\"ru-RU\",\"@id\":\"https:\/\/wooddoor.lv\/#\/schema\/logo\/image\/\",\"url\":\"https:\/\/wooddoor.lv\/wp-content\/uploads\/2023\/08\/favicon.svg\",\"contentUrl\":\"https:\/\/wooddoor.lv\/wp-content\/uploads\/2023\/08\/favicon.svg\",\"width\":46,\"height\":46,\"caption\":\"Wooddoor\"},\"image\":{\"@id\":\"https:\/\/wooddoor.lv\/#\/schema\/logo\/image\/\"},\"sameAs\":[\"https:\/\/www.facebook.com\/wooddoors.lv\/\"]}]}<\/script>\n<!-- \/ Yoast SEO plugin. -->","yoast_head_json":{"title":"KREMONA 1 Pilna - \u041c\u0430\u0433\u0430\u0437\u0438\u043d \u0434\u0432\u0435\u0440\u0435\u0439","description":"KREMONA 1 \u041f\u043e\u043b\u043e\u0442\u043d\u043e \u0413\u043b\u0443\u0445\u043e\u0435 \u043a\u043b\u0430\u0441\u0441\u0438\u0447\u0435\u0441\u043a\u0438\u0439 \u0441\u0442\u0438\u043b\u044c \u043a\u043e\u0442\u043e\u0440\u043e\u0439 \u043e\u0431\u043e\u0433\u0430\u0442\u0438\u043b\u0441\u044f \u0431\u043e\u043b\u0435\u0435 \u043b\u0435\u0433\u043a\u0438\u043c\u0438 \u0444\u043e\u0440\u043c\u0430\u043c\u0438, \u043d\u043e\u0432\u044b\u043c\u0438 \u0446\u0432\u0435\u0442\u0430\u043c\u0438.\u00a0\u0421\u0431\u0430\u043b\u0430\u043d\u0441\u0438\u0440\u043e\u0432\u0430\u043d\u043d\u0430\u044f, \u0433\u0440\u0430\u0446\u0438\u043e\u0437\u043d\u0430\u044f \u0438 \u0432\u0435\u0447\u043d\u043e \u0430\u043a\u0442\u0443\u0430\u043b\u044c\u043d\u0430\u044f.","robots":{"index":"index","follow":"follow","max-snippet":"max-snippet:-1","max-image-preview":"max-image-preview:large","max-video-preview":"max-video-preview:-1"},"canonical":"https:\/\/wooddoor.lv\/ru\/product\/kremona-1-polotno-gluhoe\/","og_locale":"ru_RU","og_type":"article","og_title":"KREMONA 1 Pilna - \u041c\u0430\u0433\u0430\u0437\u0438\u043d \u0434\u0432\u0435\u0440\u0435\u0439","og_description":"KREMONA 1 \u041f\u043e\u043b\u043e\u0442\u043d\u043e \u0413\u043b\u0443\u0445\u043e\u0435 \u043a\u043b\u0430\u0441\u0441\u0438\u0447\u0435\u0441\u043a\u0438\u0439 \u0441\u0442\u0438\u043b\u044c \u043a\u043e\u0442\u043e\u0440\u043e\u0439 \u043e\u0431\u043e\u0433\u0430\u0442\u0438\u043b\u0441\u044f \u0431\u043e\u043b\u0435\u0435 \u043b\u0435\u0433\u043a\u0438\u043c\u0438 \u0444\u043e\u0440\u043c\u0430\u043c\u0438, \u043d\u043e\u0432\u044b\u043c\u0438 \u0446\u0432\u0435\u0442\u0430\u043c\u0438.\u00a0\u0421\u0431\u0430\u043b\u0430\u043d\u0441\u0438\u0440\u043e\u0432\u0430\u043d\u043d\u0430\u044f, \u0433\u0440\u0430\u0446\u0438\u043e\u0437\u043d\u0430\u044f \u0438 \u0432\u0435\u0447\u043d\u043e \u0430\u043a\u0442\u0443\u0430\u043b\u044c\u043d\u0430\u044f.","og_url":"https:\/\/wooddoor.lv\/ru\/product\/kremona-1-polotno-gluhoe\/","og_site_name":"Wooddoor - Ieejas un iek\u0161durvju veikals R\u012bg\u0101","article_publisher":"https:\/\/www.facebook.com\/wooddoors.lv\/","article_modified_time":"2024-10-14T15:35:49+00:00","og_image":[{"width":1188,"height":2560,"url":"https:\/\/wooddoor.lv\/wp-content\/uploads\/2023\/10\/87402159-scaled.webp","type":"image\/webp"}],"twitter_card":"summary_large_image","twitter_misc":{"\u041f\u0440\u0438\u043c\u0435\u0440\u043d\u043e\u0435 \u0432\u0440\u0435\u043c\u044f \u0434\u043b\u044f \u0447\u0442\u0435\u043d\u0438\u044f":"1 \u043c\u0438\u043d\u0443\u0442\u0430"},"schema":{"@context":"https:\/\/schema.org","@graph":[{"@type":"WebPage","@id":"https:\/\/wooddoor.lv\/product\/kremona-1-polotno-gluhoe\/","url":"https:\/\/wooddoor.lv\/product\/kremona-1-polotno-gluhoe\/","name":"KREMONA 1 Pilna - \u041c\u0430\u0433\u0430\u0437\u0438\u043d \u0434\u0432\u0435\u0440\u0435\u0439","isPartOf":{"@id":"https:\/\/wooddoor.lv\/#website"},"primaryImageOfPage":{"@id":"https:\/\/wooddoor.lv\/product\/kremona-1-polotno-gluhoe\/#primaryimage"},"image":{"@id":"https:\/\/wooddoor.lv\/product\/kremona-1-polotno-gluhoe\/#primaryimage"},"thumbnailUrl":"https:\/\/wooddoor.lv\/wp-content\/uploads\/2023\/10\/87402159-scaled.webp","datePublished":"2023-10-10T06:08:55+00:00","dateModified":"2024-10-14T15:35:49+00:00","description":"KREMONA 1 \u041f\u043e\u043b\u043e\u0442\u043d\u043e \u0413\u043b\u0443\u0445\u043e\u0435 \u043a\u043b\u0430\u0441\u0441\u0438\u0447\u0435\u0441\u043a\u0438\u0439 \u0441\u0442\u0438\u043b\u044c \u043a\u043e\u0442\u043e\u0440\u043e\u0439 \u043e\u0431\u043e\u0433\u0430\u0442\u0438\u043b\u0441\u044f \u0431\u043e\u043b\u0435\u0435 \u043b\u0435\u0433\u043a\u0438\u043c\u0438 \u0444\u043e\u0440\u043c\u0430\u043c\u0438, \u043d\u043e\u0432\u044b\u043c\u0438 \u0446\u0432\u0435\u0442\u0430\u043c\u0438.\u00a0\u0421\u0431\u0430\u043b\u0430\u043d\u0441\u0438\u0440\u043e\u0432\u0430\u043d\u043d\u0430\u044f, \u0433\u0440\u0430\u0446\u0438\u043e\u0437\u043d\u0430\u044f \u0438 \u0432\u0435\u0447\u043d\u043e \u0430\u043a\u0442\u0443\u0430\u043b\u044c\u043d\u0430\u044f.","breadcrumb":{"@id":"https:\/\/wooddoor.lv\/product\/kremona-1-polotno-gluhoe\/#breadcrumb"},"inLanguage":"ru-RU","potentialAction":[{"@type":"ReadAction","target":["https:\/\/wooddoor.lv\/product\/kremona-1-polotno-gluhoe\/"]}]},{"@type":"ImageObject","inLanguage":"ru-RU","@id":"https:\/\/wooddoor.lv\/product\/kremona-1-polotno-gluhoe\/#primaryimage","url":"https:\/\/wooddoor.lv\/wp-content\/uploads\/2023\/10\/87402159-scaled.webp","contentUrl":"https:\/\/wooddoor.lv\/wp-content\/uploads\/2023\/10\/87402159-scaled.webp","width":1188,"height":2560},{"@type":"BreadcrumbList","@id":"https:\/\/wooddoor.lv\/product\/kremona-1-polotno-gluhoe\/#breadcrumb","itemListElement":[{"@type":"ListItem","position":1,"name":"Galven\u0101","item":"https:\/\/wooddoor.lv\/"},{"@type":"ListItem","position":2,"name":"Pre\u010du katalogs","item":"https:\/\/wooddoor.lv\/shop\/"},{"@type":"ListItem","position":3,"name":"Iek\u0161durvis","item":"https:\/\/wooddoor.lv\/product-category\/interior-doors\/"},{"@type":"ListItem","position":4,"name":"KREMONA 1 Pilna"}]},{"@type":"WebSite","@id":"https:\/\/wooddoor.lv\/#website","url":"https:\/\/wooddoor.lv\/","name":"Wooddoor - Ieejas un iek\u0161durvju veikals R\u012bg\u0101","description":"Jebkura izm\u0113ra durvis, daudz kr\u0101su un mode\u013cu. Bezmaksas pieg\u0101de R\u012bgas robe\u017e\u0101s.","publisher":{"@id":"https:\/\/wooddoor.lv\/#organization"},"potentialAction":[{"@type":"SearchAction","target":{"@type":"EntryPoint","urlTemplate":"https:\/\/wooddoor.lv\/?s={search_term_string}"},"query-input":{"@type":"PropertyValueSpecification","valueRequired":true,"valueName":"search_term_string"}}],"inLanguage":"ru-RU"},{"@type":"Organization","@id":"https:\/\/wooddoor.lv\/#organization","name":"Wooddoor","url":"https:\/\/wooddoor.lv\/","logo":{"@type":"ImageObject","inLanguage":"ru-RU","@id":"https:\/\/wooddoor.lv\/#\/schema\/logo\/image\/","url":"https:\/\/wooddoor.lv\/wp-content\/uploads\/2023\/08\/favicon.svg","contentUrl":"https:\/\/wooddoor.lv\/wp-content\/uploads\/2023\/08\/favicon.svg","width":46,"height":46,"caption":"Wooddoor"},"image":{"@id":"https:\/\/wooddoor.lv\/#\/schema\/logo\/image\/"},"sameAs":["https:\/\/www.facebook.com\/wooddoors.lv\/"]}]}},"_links":{"self":[{"href":"https:\/\/wooddoor.lv\/ru\/wp-json\/wp\/v2\/product\/4057","targetHints":{"allow":["GET"]}}],"collection":[{"href":"https:\/\/wooddoor.lv\/ru\/wp-json\/wp\/v2\/product"}],"about":[{"href":"https:\/\/wooddoor.lv\/ru\/wp-json\/wp\/v2\/types\/product"}],"version-history":[{"count":0,"href":"https:\/\/wooddoor.lv\/ru\/wp-json\/wp\/v2\/product\/4057\/revisions"}],"wp:featuredmedia":[{"embeddable":true,"href":"https:\/\/wooddoor.lv\/ru\/wp-json\/wp\/v2\/media\/4059"}],"wp:attachment":[{"href":"https:\/\/wooddoor.lv\/ru\/wp-json\/wp\/v2\/media?parent=4057"}],"wp:term":[{"taxonomy":"product_brand","embeddable":true,"href":"https:\/\/wooddoor.lv\/ru\/wp-json\/wp\/v2\/product_brand?post=4057"},{"taxonomy":"product_cat","embeddable":true,"href":"https:\/\/wooddoor.lv\/ru\/wp-json\/wp\/v2\/product_cat?post=4057"},{"taxonomy":"product_tag","embeddable":true,"href":"https:\/\/wooddoor.lv\/ru\/wp-json\/wp\/v2\/product_tag?post=4057"}],"curies":[{"name":"wp","href":"https:\/\/api.w.org\/{rel}","templated":true}]}}