{"id":4469,"date":"2023-10-14T14:44:28","date_gmt":"2023-10-14T11:44:28","guid":{"rendered":"https:\/\/www.wooddoor.lv\/?post_type=product&#038;p=4469"},"modified":"2024-10-03T23:05:49","modified_gmt":"2024-10-03T20:05:49","slug":"liah-osteklennoe","status":"publish","type":"product","link":"https:\/\/wooddoor.lv\/ru\/product\/liah-osteklennoe\/","title":{"rendered":"LIAH Ar Stiklu"},"content":{"rendered":"<p>\u0122eometrisk\u0101s formas ir Modular kolekcijas mot\u012bvs: skaidras l\u012bnijas uz durvju v\u0113rtn\u0113m vizu\u0101li atsvaidzina interjeru, nep\u0101rslogojot to ar liek\u0101m deta\u013c\u0101m.<\/p>\n<p>Mat\u0113ta stikla ielaidumi, kuru biezums ir 6 mm (1\/4 collas), pie\u0161\u0137ir durvju v\u0113rtn\u0113m neatk\u0101rtojamu izskatu, saglab\u0101jot minim\u0101lisma mot\u012bvu. Durvju centr\u0101 ir ar\u012b dro\u0161\u012bbas stikla ielaidums. Durvis LIAH k\u013c\u016bst par akcentu modern\u0101 interjera telp\u0101s.<\/p>\n<p>Durvju stat\u0146i un vadotnes ir izgatavoti no priedes mas\u012bvkoka, bet vid\u0113jie pane\u013ci \u2013 no augstas kvalit\u0101tes MDF pl\u0101ksn\u0113m. T\u0101s ir funkcion\u0101las, pievilc\u012bgas un iztur\u012bgas, jo m\u0113s izmantojam tikai visaugst\u0101k\u0101s kvalit\u0101tes materi\u0101lus.<\/p>\n<p>3D koka tekst\u016brai ir vair\u0101kas priek\u0161roc\u012bbas: t\u0101 neizbal\u0113 saules gaism\u0101, nezaud\u0113 kr\u0101su laika gait\u0101, un \u0161is materi\u0101ls ir iztur\u012bgs pret mitrumu un skr\u0101p\u0113jumiem.<\/p>","protected":false},"excerpt":{"rendered":"<p>\u0122eometrisk\u0101s formas ir Modular kolekcijas mot\u012bvs: skaidras l\u012bnijas uz durvju v\u0113rtn\u0113m vizu\u0101li atsvaidzina interjeru, nep\u0101rslogojot to ar liek\u0101m deta\u013c\u0101m. Mat\u0113ta<\/p>","protected":false},"featured_media":4477,"template":"","meta":[],"product_brand":[],"product_cat":[15],"product_tag":[],"class_list":{"0":"post-4469","1":"product","2":"type-product","3":"status-publish","4":"has-post-thumbnail","6":"product_cat-interior-doors","7":"tm-has-options","9":"first","10":"instock","11":"shipping-taxable","12":"purchasable","13":"product-type-variable"},"yoast_head":"<!-- This site is optimized with the Yoast SEO plugin v25.5 - https:\/\/yoast.com\/wordpress\/plugins\/seo\/ -->\n<title>LIAH Ar Stiklu - \u041c\u0430\u0433\u0430\u0437\u0438\u043d \u0434\u0432\u0435\u0440\u0435\u0439<\/title>\n<meta name=\"description\" content=\"LIAH \u041e\u0441\u0442\u0435\u043a\u043b\u0435\u043d\u043d\u043e\u0435 \u043a\u043b\u0430\u0441\u0441\u0438\u0447\u0435\u0441\u043a\u0438\u0439 \u0441\u0442\u0438\u043b\u044c \u043a\u043e\u0442\u043e\u0440\u043e\u0439 \u043e\u0431\u043e\u0433\u0430\u0442\u0438\u043b\u0441\u044f \u0431\u043e\u043b\u0435\u0435 \u043b\u0435\u0433\u043a\u0438\u043c\u0438 \u0444\u043e\u0440\u043c\u0430\u043c\u0438, \u043d\u043e\u0432\u044b\u043c\u0438 \u0446\u0432\u0435\u0442\u0430\u043c\u0438.\u00a0\u0421\u0431\u0430\u043b\u0430\u043d\u0441\u0438\u0440\u043e\u0432\u0430\u043d\u043d\u0430\u044f, \u0433\u0440\u0430\u0446\u0438\u043e\u0437\u043d\u0430\u044f \u0438 \u0432\u0435\u0447\u043d\u043e \u0430\u043a\u0442\u0443\u0430\u043b\u044c\u043d\u0430\u044f\" \/>\n<meta name=\"robots\" content=\"index, follow, max-snippet:-1, max-image-preview:large, max-video-preview:-1\" \/>\n<link rel=\"canonical\" href=\"https:\/\/wooddoor.lv\/ru\/product\/liah-osteklennoe\/\" \/>\n<meta property=\"og:locale\" content=\"ru_RU\" \/>\n<meta property=\"og:type\" content=\"article\" \/>\n<meta property=\"og:title\" content=\"LIAH Ar Stiklu - \u041c\u0430\u0433\u0430\u0437\u0438\u043d \u0434\u0432\u0435\u0440\u0435\u0439\" \/>\n<meta property=\"og:description\" content=\"LIAH \u041e\u0441\u0442\u0435\u043a\u043b\u0435\u043d\u043d\u043e\u0435 \u043a\u043b\u0430\u0441\u0441\u0438\u0447\u0435\u0441\u043a\u0438\u0439 \u0441\u0442\u0438\u043b\u044c \u043a\u043e\u0442\u043e\u0440\u043e\u0439 \u043e\u0431\u043e\u0433\u0430\u0442\u0438\u043b\u0441\u044f \u0431\u043e\u043b\u0435\u0435 \u043b\u0435\u0433\u043a\u0438\u043c\u0438 \u0444\u043e\u0440\u043c\u0430\u043c\u0438, \u043d\u043e\u0432\u044b\u043c\u0438 \u0446\u0432\u0435\u0442\u0430\u043c\u0438.\u00a0\u0421\u0431\u0430\u043b\u0430\u043d\u0441\u0438\u0440\u043e\u0432\u0430\u043d\u043d\u0430\u044f, \u0433\u0440\u0430\u0446\u0438\u043e\u0437\u043d\u0430\u044f \u0438 \u0432\u0435\u0447\u043d\u043e \u0430\u043a\u0442\u0443\u0430\u043b\u044c\u043d\u0430\u044f\" \/>\n<meta property=\"og:url\" content=\"https:\/\/wooddoor.lv\/ru\/product\/liah-osteklennoe\/\" \/>\n<meta property=\"og:site_name\" content=\"Wooddoor - Ieejas un iek\u0161durvju veikals R\u012bg\u0101\" \/>\n<meta property=\"article:publisher\" content=\"https:\/\/www.facebook.com\/wooddoors.lv\/\" \/>\n<meta property=\"article:modified_time\" content=\"2024-10-03T20:05:49+00:00\" \/>\n<meta property=\"og:image\" content=\"https:\/\/wooddoor.lv\/wp-content\/uploads\/2023\/10\/frame-61-26.png\" \/>\n\t<meta property=\"og:image:width\" content=\"378\" \/>\n\t<meta property=\"og:image:height\" content=\"808\" \/>\n\t<meta property=\"og:image:type\" content=\"image\/png\" \/>\n<meta name=\"twitter:card\" content=\"summary_large_image\" \/>\n<meta name=\"twitter:label1\" content=\"\u041f\u0440\u0438\u043c\u0435\u0440\u043d\u043e\u0435 \u0432\u0440\u0435\u043c\u044f \u0434\u043b\u044f \u0447\u0442\u0435\u043d\u0438\u044f\" \/>\n\t<meta name=\"twitter:data1\" content=\"1 \u043c\u0438\u043d\u0443\u0442\u0430\" \/>\n<script type=\"application\/ld+json\" class=\"yoast-schema-graph\">{\"@context\":\"https:\/\/schema.org\",\"@graph\":[{\"@type\":\"WebPage\",\"@id\":\"https:\/\/wooddoor.lv\/product\/liah-osteklennoe\/\",\"url\":\"https:\/\/wooddoor.lv\/product\/liah-osteklennoe\/\",\"name\":\"LIAH Ar Stiklu - \u041c\u0430\u0433\u0430\u0437\u0438\u043d \u0434\u0432\u0435\u0440\u0435\u0439\",\"isPartOf\":{\"@id\":\"https:\/\/wooddoor.lv\/#website\"},\"primaryImageOfPage\":{\"@id\":\"https:\/\/wooddoor.lv\/product\/liah-osteklennoe\/#primaryimage\"},\"image\":{\"@id\":\"https:\/\/wooddoor.lv\/product\/liah-osteklennoe\/#primaryimage\"},\"thumbnailUrl\":\"https:\/\/wooddoor.lv\/wp-content\/uploads\/2023\/10\/frame-61-26.png\",\"datePublished\":\"2023-10-14T11:44:28+00:00\",\"dateModified\":\"2024-10-03T20:05:49+00:00\",\"description\":\"LIAH \u041e\u0441\u0442\u0435\u043a\u043b\u0435\u043d\u043d\u043e\u0435 \u043a\u043b\u0430\u0441\u0441\u0438\u0447\u0435\u0441\u043a\u0438\u0439 \u0441\u0442\u0438\u043b\u044c \u043a\u043e\u0442\u043e\u0440\u043e\u0439 \u043e\u0431\u043e\u0433\u0430\u0442\u0438\u043b\u0441\u044f \u0431\u043e\u043b\u0435\u0435 \u043b\u0435\u0433\u043a\u0438\u043c\u0438 \u0444\u043e\u0440\u043c\u0430\u043c\u0438, \u043d\u043e\u0432\u044b\u043c\u0438 \u0446\u0432\u0435\u0442\u0430\u043c\u0438.\u00a0\u0421\u0431\u0430\u043b\u0430\u043d\u0441\u0438\u0440\u043e\u0432\u0430\u043d\u043d\u0430\u044f, \u0433\u0440\u0430\u0446\u0438\u043e\u0437\u043d\u0430\u044f \u0438 \u0432\u0435\u0447\u043d\u043e \u0430\u043a\u0442\u0443\u0430\u043b\u044c\u043d\u0430\u044f\",\"breadcrumb\":{\"@id\":\"https:\/\/wooddoor.lv\/product\/liah-osteklennoe\/#breadcrumb\"},\"inLanguage\":\"ru-RU\",\"potentialAction\":[{\"@type\":\"ReadAction\",\"target\":[\"https:\/\/wooddoor.lv\/product\/liah-osteklennoe\/\"]}]},{\"@type\":\"ImageObject\",\"inLanguage\":\"ru-RU\",\"@id\":\"https:\/\/wooddoor.lv\/product\/liah-osteklennoe\/#primaryimage\",\"url\":\"https:\/\/wooddoor.lv\/wp-content\/uploads\/2023\/10\/frame-61-26.png\",\"contentUrl\":\"https:\/\/wooddoor.lv\/wp-content\/uploads\/2023\/10\/frame-61-26.png\",\"width\":378,\"height\":808,\"caption\":\"Durvis ar stiklu Liah\"},{\"@type\":\"BreadcrumbList\",\"@id\":\"https:\/\/wooddoor.lv\/product\/liah-osteklennoe\/#breadcrumb\",\"itemListElement\":[{\"@type\":\"ListItem\",\"position\":1,\"name\":\"Galven\u0101\",\"item\":\"https:\/\/wooddoor.lv\/\"},{\"@type\":\"ListItem\",\"position\":2,\"name\":\"Pre\u010du katalogs\",\"item\":\"https:\/\/wooddoor.lv\/shop\/\"},{\"@type\":\"ListItem\",\"position\":3,\"name\":\"Iek\u0161durvis\",\"item\":\"https:\/\/wooddoor.lv\/product-category\/interior-doors\/\"},{\"@type\":\"ListItem\",\"position\":4,\"name\":\"LIAH Ar Stiklu\"}]},{\"@type\":\"WebSite\",\"@id\":\"https:\/\/wooddoor.lv\/#website\",\"url\":\"https:\/\/wooddoor.lv\/\",\"name\":\"Wooddoor - Ieejas un iek\u0161durvju veikals R\u012bg\u0101\",\"description\":\"Jebkura izm\u0113ra durvis, daudz kr\u0101su un mode\u013cu. Bezmaksas pieg\u0101de R\u012bgas robe\u017e\u0101s.\",\"publisher\":{\"@id\":\"https:\/\/wooddoor.lv\/#organization\"},\"potentialAction\":[{\"@type\":\"SearchAction\",\"target\":{\"@type\":\"EntryPoint\",\"urlTemplate\":\"https:\/\/wooddoor.lv\/?s={search_term_string}\"},\"query-input\":{\"@type\":\"PropertyValueSpecification\",\"valueRequired\":true,\"valueName\":\"search_term_string\"}}],\"inLanguage\":\"ru-RU\"},{\"@type\":\"Organization\",\"@id\":\"https:\/\/wooddoor.lv\/#organization\",\"name\":\"Wooddoor\",\"url\":\"https:\/\/wooddoor.lv\/\",\"logo\":{\"@type\":\"ImageObject\",\"inLanguage\":\"ru-RU\",\"@id\":\"https:\/\/wooddoor.lv\/#\/schema\/logo\/image\/\",\"url\":\"https:\/\/wooddoor.lv\/wp-content\/uploads\/2023\/08\/favicon.svg\",\"contentUrl\":\"https:\/\/wooddoor.lv\/wp-content\/uploads\/2023\/08\/favicon.svg\",\"width\":46,\"height\":46,\"caption\":\"Wooddoor\"},\"image\":{\"@id\":\"https:\/\/wooddoor.lv\/#\/schema\/logo\/image\/\"},\"sameAs\":[\"https:\/\/www.facebook.com\/wooddoors.lv\/\"]}]}<\/script>\n<!-- \/ Yoast SEO plugin. -->","yoast_head_json":{"title":"LIAH Ar Stiklu - \u041c\u0430\u0433\u0430\u0437\u0438\u043d \u0434\u0432\u0435\u0440\u0435\u0439","description":"LIAH \u041e\u0441\u0442\u0435\u043a\u043b\u0435\u043d\u043d\u043e\u0435 \u043a\u043b\u0430\u0441\u0441\u0438\u0447\u0435\u0441\u043a\u0438\u0439 \u0441\u0442\u0438\u043b\u044c \u043a\u043e\u0442\u043e\u0440\u043e\u0439 \u043e\u0431\u043e\u0433\u0430\u0442\u0438\u043b\u0441\u044f \u0431\u043e\u043b\u0435\u0435 \u043b\u0435\u0433\u043a\u0438\u043c\u0438 \u0444\u043e\u0440\u043c\u0430\u043c\u0438, \u043d\u043e\u0432\u044b\u043c\u0438 \u0446\u0432\u0435\u0442\u0430\u043c\u0438.\u00a0\u0421\u0431\u0430\u043b\u0430\u043d\u0441\u0438\u0440\u043e\u0432\u0430\u043d\u043d\u0430\u044f, \u0433\u0440\u0430\u0446\u0438\u043e\u0437\u043d\u0430\u044f \u0438 \u0432\u0435\u0447\u043d\u043e \u0430\u043a\u0442\u0443\u0430\u043b\u044c\u043d\u0430\u044f","robots":{"index":"index","follow":"follow","max-snippet":"max-snippet:-1","max-image-preview":"max-image-preview:large","max-video-preview":"max-video-preview:-1"},"canonical":"https:\/\/wooddoor.lv\/ru\/product\/liah-osteklennoe\/","og_locale":"ru_RU","og_type":"article","og_title":"LIAH Ar Stiklu - \u041c\u0430\u0433\u0430\u0437\u0438\u043d \u0434\u0432\u0435\u0440\u0435\u0439","og_description":"LIAH \u041e\u0441\u0442\u0435\u043a\u043b\u0435\u043d\u043d\u043e\u0435 \u043a\u043b\u0430\u0441\u0441\u0438\u0447\u0435\u0441\u043a\u0438\u0439 \u0441\u0442\u0438\u043b\u044c \u043a\u043e\u0442\u043e\u0440\u043e\u0439 \u043e\u0431\u043e\u0433\u0430\u0442\u0438\u043b\u0441\u044f \u0431\u043e\u043b\u0435\u0435 \u043b\u0435\u0433\u043a\u0438\u043c\u0438 \u0444\u043e\u0440\u043c\u0430\u043c\u0438, \u043d\u043e\u0432\u044b\u043c\u0438 \u0446\u0432\u0435\u0442\u0430\u043c\u0438.\u00a0\u0421\u0431\u0430\u043b\u0430\u043d\u0441\u0438\u0440\u043e\u0432\u0430\u043d\u043d\u0430\u044f, \u0433\u0440\u0430\u0446\u0438\u043e\u0437\u043d\u0430\u044f \u0438 \u0432\u0435\u0447\u043d\u043e \u0430\u043a\u0442\u0443\u0430\u043b\u044c\u043d\u0430\u044f","og_url":"https:\/\/wooddoor.lv\/ru\/product\/liah-osteklennoe\/","og_site_name":"Wooddoor - Ieejas un iek\u0161durvju veikals R\u012bg\u0101","article_publisher":"https:\/\/www.facebook.com\/wooddoors.lv\/","article_modified_time":"2024-10-03T20:05:49+00:00","og_image":[{"width":378,"height":808,"url":"https:\/\/wooddoor.lv\/wp-content\/uploads\/2023\/10\/frame-61-26.png","type":"image\/png"}],"twitter_card":"summary_large_image","twitter_misc":{"\u041f\u0440\u0438\u043c\u0435\u0440\u043d\u043e\u0435 \u0432\u0440\u0435\u043c\u044f \u0434\u043b\u044f \u0447\u0442\u0435\u043d\u0438\u044f":"1 \u043c\u0438\u043d\u0443\u0442\u0430"},"schema":{"@context":"https:\/\/schema.org","@graph":[{"@type":"WebPage","@id":"https:\/\/wooddoor.lv\/product\/liah-osteklennoe\/","url":"https:\/\/wooddoor.lv\/product\/liah-osteklennoe\/","name":"LIAH Ar Stiklu - \u041c\u0430\u0433\u0430\u0437\u0438\u043d \u0434\u0432\u0435\u0440\u0435\u0439","isPartOf":{"@id":"https:\/\/wooddoor.lv\/#website"},"primaryImageOfPage":{"@id":"https:\/\/wooddoor.lv\/product\/liah-osteklennoe\/#primaryimage"},"image":{"@id":"https:\/\/wooddoor.lv\/product\/liah-osteklennoe\/#primaryimage"},"thumbnailUrl":"https:\/\/wooddoor.lv\/wp-content\/uploads\/2023\/10\/frame-61-26.png","datePublished":"2023-10-14T11:44:28+00:00","dateModified":"2024-10-03T20:05:49+00:00","description":"LIAH \u041e\u0441\u0442\u0435\u043a\u043b\u0435\u043d\u043d\u043e\u0435 \u043a\u043b\u0430\u0441\u0441\u0438\u0447\u0435\u0441\u043a\u0438\u0439 \u0441\u0442\u0438\u043b\u044c \u043a\u043e\u0442\u043e\u0440\u043e\u0439 \u043e\u0431\u043e\u0433\u0430\u0442\u0438\u043b\u0441\u044f \u0431\u043e\u043b\u0435\u0435 \u043b\u0435\u0433\u043a\u0438\u043c\u0438 \u0444\u043e\u0440\u043c\u0430\u043c\u0438, \u043d\u043e\u0432\u044b\u043c\u0438 \u0446\u0432\u0435\u0442\u0430\u043c\u0438.\u00a0\u0421\u0431\u0430\u043b\u0430\u043d\u0441\u0438\u0440\u043e\u0432\u0430\u043d\u043d\u0430\u044f, \u0433\u0440\u0430\u0446\u0438\u043e\u0437\u043d\u0430\u044f \u0438 \u0432\u0435\u0447\u043d\u043e \u0430\u043a\u0442\u0443\u0430\u043b\u044c\u043d\u0430\u044f","breadcrumb":{"@id":"https:\/\/wooddoor.lv\/product\/liah-osteklennoe\/#breadcrumb"},"inLanguage":"ru-RU","potentialAction":[{"@type":"ReadAction","target":["https:\/\/wooddoor.lv\/product\/liah-osteklennoe\/"]}]},{"@type":"ImageObject","inLanguage":"ru-RU","@id":"https:\/\/wooddoor.lv\/product\/liah-osteklennoe\/#primaryimage","url":"https:\/\/wooddoor.lv\/wp-content\/uploads\/2023\/10\/frame-61-26.png","contentUrl":"https:\/\/wooddoor.lv\/wp-content\/uploads\/2023\/10\/frame-61-26.png","width":378,"height":808,"caption":"Durvis ar stiklu Liah"},{"@type":"BreadcrumbList","@id":"https:\/\/wooddoor.lv\/product\/liah-osteklennoe\/#breadcrumb","itemListElement":[{"@type":"ListItem","position":1,"name":"Galven\u0101","item":"https:\/\/wooddoor.lv\/"},{"@type":"ListItem","position":2,"name":"Pre\u010du katalogs","item":"https:\/\/wooddoor.lv\/shop\/"},{"@type":"ListItem","position":3,"name":"Iek\u0161durvis","item":"https:\/\/wooddoor.lv\/product-category\/interior-doors\/"},{"@type":"ListItem","position":4,"name":"LIAH Ar Stiklu"}]},{"@type":"WebSite","@id":"https:\/\/wooddoor.lv\/#website","url":"https:\/\/wooddoor.lv\/","name":"Wooddoor - Ieejas un iek\u0161durvju veikals R\u012bg\u0101","description":"Jebkura izm\u0113ra durvis, daudz kr\u0101su un mode\u013cu. Bezmaksas pieg\u0101de R\u012bgas robe\u017e\u0101s.","publisher":{"@id":"https:\/\/wooddoor.lv\/#organization"},"potentialAction":[{"@type":"SearchAction","target":{"@type":"EntryPoint","urlTemplate":"https:\/\/wooddoor.lv\/?s={search_term_string}"},"query-input":{"@type":"PropertyValueSpecification","valueRequired":true,"valueName":"search_term_string"}}],"inLanguage":"ru-RU"},{"@type":"Organization","@id":"https:\/\/wooddoor.lv\/#organization","name":"Wooddoor","url":"https:\/\/wooddoor.lv\/","logo":{"@type":"ImageObject","inLanguage":"ru-RU","@id":"https:\/\/wooddoor.lv\/#\/schema\/logo\/image\/","url":"https:\/\/wooddoor.lv\/wp-content\/uploads\/2023\/08\/favicon.svg","contentUrl":"https:\/\/wooddoor.lv\/wp-content\/uploads\/2023\/08\/favicon.svg","width":46,"height":46,"caption":"Wooddoor"},"image":{"@id":"https:\/\/wooddoor.lv\/#\/schema\/logo\/image\/"},"sameAs":["https:\/\/www.facebook.com\/wooddoors.lv\/"]}]}},"_links":{"self":[{"href":"https:\/\/wooddoor.lv\/ru\/wp-json\/wp\/v2\/product\/4469","targetHints":{"allow":["GET"]}}],"collection":[{"href":"https:\/\/wooddoor.lv\/ru\/wp-json\/wp\/v2\/product"}],"about":[{"href":"https:\/\/wooddoor.lv\/ru\/wp-json\/wp\/v2\/types\/product"}],"version-history":[{"count":0,"href":"https:\/\/wooddoor.lv\/ru\/wp-json\/wp\/v2\/product\/4469\/revisions"}],"wp:featuredmedia":[{"embeddable":true,"href":"https:\/\/wooddoor.lv\/ru\/wp-json\/wp\/v2\/media\/4477"}],"wp:attachment":[{"href":"https:\/\/wooddoor.lv\/ru\/wp-json\/wp\/v2\/media?parent=4469"}],"wp:term":[{"taxonomy":"product_brand","embeddable":true,"href":"https:\/\/wooddoor.lv\/ru\/wp-json\/wp\/v2\/product_brand?post=4469"},{"taxonomy":"product_cat","embeddable":true,"href":"https:\/\/wooddoor.lv\/ru\/wp-json\/wp\/v2\/product_cat?post=4469"},{"taxonomy":"product_tag","embeddable":true,"href":"https:\/\/wooddoor.lv\/ru\/wp-json\/wp\/v2\/product_tag?post=4469"}],"curies":[{"name":"wp","href":"https:\/\/api.w.org\/{rel}","templated":true}]}}