{"id":4567,"date":"2023-10-16T15:07:21","date_gmt":"2023-10-16T12:07:21","guid":{"rendered":"https:\/\/www.wooddoor.lv\/?post_type=product&#038;p=4567"},"modified":"2024-10-14T17:36:06","modified_gmt":"2024-10-14T14:36:06","slug":"leora-vetro-osteklennoe-jekoshpon","status":"publish","type":"product","link":"https:\/\/wooddoor.lv\/ru\/product\/leora-vetro-osteklennoe-jekoshpon\/","title":{"rendered":"LEORA VETRO Ar Stiklu Ekofinieris"},"content":{"rendered":"<p>\u0122eometrisk\u0101s formas ir Modular kolekcijas mot\u012bvs: skaidras l\u012bnijas uz durvju v\u0113rtn\u0113m vizu\u0101li atsvaidzina interjeru, nep\u0101rslogojot to ar liek\u0101m deta\u013c\u0101m.<\/p>\n<p>Leora Vetro iek\u0161durvis pied\u0101v\u0101 iztur\u012bgu konstrukciju ar elegantiem stikla ielaidumiem, kas pie\u0161\u0137irs j\u016bsu m\u0101joklim neatk\u0101rtojamu izskatu. Stiklot\u0101s durvis \u013cauj telp\u0101 iepl\u016bst daudz dabisk\u0101s gaismas, t\u0101d\u0113j\u0101di j\u016bs vienm\u0113r jut\u012bsieties ener\u0123iski un mundri.<\/p>\n<p>Met\u0101la un r\u0101mju durvis ir k\u013cuvu\u0161as par lab\u0101ko Eiropas amatniec\u012bbas trad\u012bciju simbolu. T\u0101s ir funkcion\u0101las, skaistas un iztur\u012bgas, jo m\u0113s izmantojam tikai visaugst\u0101k\u0101s kvalit\u0101tes materi\u0101lus.<\/p>\n<p>Leora Vetro pied\u0101v\u0101 7 kvadr\u0101tveida pane\u013cus, kas mijas ar 6 pane\u013ciem, kuru platums ir 70 mm (2-3\/4 collas), lai rad\u012btu m\u016bsdien\u012bga dizaina izskatu. Lai j\u016bs var\u0113tu baud\u012bt klusumu, MDF un Solid Core pane\u013ci nodro\u0161ina ska\u0146as izol\u0101ciju, k\u0101 ar\u012b uztur siltumu telp\u0101s.<\/p>\n<p>Leora Vetro durvis ir ide\u0101li piem\u0113rotas virtuv\u0113m, b\u0113rnu istab\u0101m, vannas istab\u0101m vai sabiedrisk\u0101m \u0113k\u0101m.<\/p>","protected":false},"excerpt":{"rendered":"<p>\u0122eometrisk\u0101s formas ir Modular kolekcijas mot\u012bvs: skaidras l\u012bnijas uz durvju v\u0113rtn\u0113m vizu\u0101li atsvaidzina interjeru, nep\u0101rslogojot to ar liek\u0101m deta\u013c\u0101m. Leora<\/p>","protected":false},"featured_media":4571,"template":"","meta":[],"product_brand":[],"product_cat":[15],"product_tag":[],"class_list":{"0":"post-4567","1":"product","2":"type-product","3":"status-publish","4":"has-post-thumbnail","6":"product_cat-interior-doors","7":"tm-has-options","9":"first","10":"instock","11":"shipping-taxable","12":"purchasable","13":"product-type-variable"},"yoast_head":"<!-- This site is optimized with the Yoast SEO plugin v25.5 - https:\/\/yoast.com\/wordpress\/plugins\/seo\/ -->\n<title>LEORA VETRO Ar Stiklu Ekofinieris - \u041c\u0430\u0433\u0430\u0437\u0438\u043d \u0434\u0432\u0435\u0440\u0435\u0439<\/title>\n<meta name=\"description\" content=\"LEORA VETRO \u041e\u0441\u0442\u0435\u043a\u043b\u0435\u043d\u043d\u043e\u0435 \u042d\u043a\u043e\u0448\u043f\u043e\u043d \u043a\u043b\u0430\u0441\u0441\u0438\u0447\u0435\u0441\u043a\u0438\u0439 \u0441\u0442\u0438\u043b\u044c \u043a\u043e\u0442\u043e\u0440\u043e\u0439 \u043e\u0431\u043e\u0433\u0430\u0442\u0438\u043b\u0441\u044f \u0431\u043e\u043b\u0435\u0435 \u043b\u0435\u0433\u043a\u0438\u043c\u0438 \u0444\u043e\u0440\u043c\u0430\u043c\u0438, \u043d\u043e\u0432\u044b\u043c\u0438 \u0446\u0432\u0435\u0442\u0430\u043c\u0438.\u00a0\u0421\u0431\u0430\u043b\u0430\u043d\u0441\u0438\u0440\u043e\u0432\u0430\u043d\u043d\u0430\u044f, \u0433\u0440\u0430\u0446\u0438\u043e\u0437\u043d\u0430\u044f \u0438 \u0430\u043a\u0442\u0443\u0430\u043b\u044c\u043d\u0430\u044f\" \/>\n<meta name=\"robots\" content=\"index, follow, max-snippet:-1, max-image-preview:large, max-video-preview:-1\" \/>\n<link rel=\"canonical\" href=\"https:\/\/wooddoor.lv\/ru\/product\/leora-vetro-osteklennoe-jekoshpon\/\" \/>\n<meta property=\"og:locale\" content=\"ru_RU\" \/>\n<meta property=\"og:type\" content=\"article\" \/>\n<meta property=\"og:title\" content=\"LEORA VETRO Ar Stiklu Ekofinieris - \u041c\u0430\u0433\u0430\u0437\u0438\u043d \u0434\u0432\u0435\u0440\u0435\u0439\" \/>\n<meta property=\"og:description\" content=\"LEORA VETRO \u041e\u0441\u0442\u0435\u043a\u043b\u0435\u043d\u043d\u043e\u0435 \u042d\u043a\u043e\u0448\u043f\u043e\u043d \u043a\u043b\u0430\u0441\u0441\u0438\u0447\u0435\u0441\u043a\u0438\u0439 \u0441\u0442\u0438\u043b\u044c \u043a\u043e\u0442\u043e\u0440\u043e\u0439 \u043e\u0431\u043e\u0433\u0430\u0442\u0438\u043b\u0441\u044f \u0431\u043e\u043b\u0435\u0435 \u043b\u0435\u0433\u043a\u0438\u043c\u0438 \u0444\u043e\u0440\u043c\u0430\u043c\u0438, \u043d\u043e\u0432\u044b\u043c\u0438 \u0446\u0432\u0435\u0442\u0430\u043c\u0438.\u00a0\u0421\u0431\u0430\u043b\u0430\u043d\u0441\u0438\u0440\u043e\u0432\u0430\u043d\u043d\u0430\u044f, \u0433\u0440\u0430\u0446\u0438\u043e\u0437\u043d\u0430\u044f \u0438 \u0430\u043a\u0442\u0443\u0430\u043b\u044c\u043d\u0430\u044f\" \/>\n<meta property=\"og:url\" content=\"https:\/\/wooddoor.lv\/ru\/product\/leora-vetro-osteklennoe-jekoshpon\/\" \/>\n<meta property=\"og:site_name\" content=\"Wooddoor - Ieejas un iek\u0161durvju veikals R\u012bg\u0101\" \/>\n<meta property=\"article:publisher\" content=\"https:\/\/www.facebook.com\/wooddoors.lv\/\" \/>\n<meta property=\"article:modified_time\" content=\"2024-10-14T14:36:06+00:00\" \/>\n<meta property=\"og:image\" content=\"https:\/\/wooddoor.lv\/wp-content\/uploads\/2023\/10\/frame-61-34.png\" \/>\n\t<meta property=\"og:image:width\" content=\"378\" \/>\n\t<meta property=\"og:image:height\" content=\"808\" \/>\n\t<meta property=\"og:image:type\" content=\"image\/png\" \/>\n<meta name=\"twitter:card\" content=\"summary_large_image\" \/>\n<meta name=\"twitter:label1\" content=\"\u041f\u0440\u0438\u043c\u0435\u0440\u043d\u043e\u0435 \u0432\u0440\u0435\u043c\u044f \u0434\u043b\u044f \u0447\u0442\u0435\u043d\u0438\u044f\" \/>\n\t<meta name=\"twitter:data1\" content=\"1 \u043c\u0438\u043d\u0443\u0442\u0430\" \/>\n<script type=\"application\/ld+json\" class=\"yoast-schema-graph\">{\"@context\":\"https:\/\/schema.org\",\"@graph\":[{\"@type\":\"WebPage\",\"@id\":\"https:\/\/wooddoor.lv\/product\/leora-vetro-osteklennoe-jekoshpon\/\",\"url\":\"https:\/\/wooddoor.lv\/product\/leora-vetro-osteklennoe-jekoshpon\/\",\"name\":\"LEORA VETRO Ar Stiklu Ekofinieris - \u041c\u0430\u0433\u0430\u0437\u0438\u043d \u0434\u0432\u0435\u0440\u0435\u0439\",\"isPartOf\":{\"@id\":\"https:\/\/wooddoor.lv\/#website\"},\"primaryImageOfPage\":{\"@id\":\"https:\/\/wooddoor.lv\/product\/leora-vetro-osteklennoe-jekoshpon\/#primaryimage\"},\"image\":{\"@id\":\"https:\/\/wooddoor.lv\/product\/leora-vetro-osteklennoe-jekoshpon\/#primaryimage\"},\"thumbnailUrl\":\"https:\/\/wooddoor.lv\/wp-content\/uploads\/2023\/10\/frame-61-34.png\",\"datePublished\":\"2023-10-16T12:07:21+00:00\",\"dateModified\":\"2024-10-14T14:36:06+00:00\",\"description\":\"LEORA VETRO \u041e\u0441\u0442\u0435\u043a\u043b\u0435\u043d\u043d\u043e\u0435 \u042d\u043a\u043e\u0448\u043f\u043e\u043d \u043a\u043b\u0430\u0441\u0441\u0438\u0447\u0435\u0441\u043a\u0438\u0439 \u0441\u0442\u0438\u043b\u044c \u043a\u043e\u0442\u043e\u0440\u043e\u0439 \u043e\u0431\u043e\u0433\u0430\u0442\u0438\u043b\u0441\u044f \u0431\u043e\u043b\u0435\u0435 \u043b\u0435\u0433\u043a\u0438\u043c\u0438 \u0444\u043e\u0440\u043c\u0430\u043c\u0438, \u043d\u043e\u0432\u044b\u043c\u0438 \u0446\u0432\u0435\u0442\u0430\u043c\u0438.\u00a0\u0421\u0431\u0430\u043b\u0430\u043d\u0441\u0438\u0440\u043e\u0432\u0430\u043d\u043d\u0430\u044f, \u0433\u0440\u0430\u0446\u0438\u043e\u0437\u043d\u0430\u044f \u0438 \u0430\u043a\u0442\u0443\u0430\u043b\u044c\u043d\u0430\u044f\",\"breadcrumb\":{\"@id\":\"https:\/\/wooddoor.lv\/product\/leora-vetro-osteklennoe-jekoshpon\/#breadcrumb\"},\"inLanguage\":\"ru-RU\",\"potentialAction\":[{\"@type\":\"ReadAction\",\"target\":[\"https:\/\/wooddoor.lv\/product\/leora-vetro-osteklennoe-jekoshpon\/\"]}]},{\"@type\":\"ImageObject\",\"inLanguage\":\"ru-RU\",\"@id\":\"https:\/\/wooddoor.lv\/product\/leora-vetro-osteklennoe-jekoshpon\/#primaryimage\",\"url\":\"https:\/\/wooddoor.lv\/wp-content\/uploads\/2023\/10\/frame-61-34.png\",\"contentUrl\":\"https:\/\/wooddoor.lv\/wp-content\/uploads\/2023\/10\/frame-61-34.png\",\"width\":378,\"height\":808,\"caption\":\"Iek\u0161durvis no ekofiniera Leora Vetro\"},{\"@type\":\"BreadcrumbList\",\"@id\":\"https:\/\/wooddoor.lv\/product\/leora-vetro-osteklennoe-jekoshpon\/#breadcrumb\",\"itemListElement\":[{\"@type\":\"ListItem\",\"position\":1,\"name\":\"Galven\u0101\",\"item\":\"https:\/\/wooddoor.lv\/\"},{\"@type\":\"ListItem\",\"position\":2,\"name\":\"Pre\u010du katalogs\",\"item\":\"https:\/\/wooddoor.lv\/shop\/\"},{\"@type\":\"ListItem\",\"position\":3,\"name\":\"Iek\u0161durvis\",\"item\":\"https:\/\/wooddoor.lv\/product-category\/interior-doors\/\"},{\"@type\":\"ListItem\",\"position\":4,\"name\":\"LEORA VETRO Ar Stiklu Ekofinieris\"}]},{\"@type\":\"WebSite\",\"@id\":\"https:\/\/wooddoor.lv\/#website\",\"url\":\"https:\/\/wooddoor.lv\/\",\"name\":\"Wooddoor - Ieejas un iek\u0161durvju veikals R\u012bg\u0101\",\"description\":\"Jebkura izm\u0113ra durvis, daudz kr\u0101su un mode\u013cu. Bezmaksas pieg\u0101de R\u012bgas robe\u017e\u0101s.\",\"publisher\":{\"@id\":\"https:\/\/wooddoor.lv\/#organization\"},\"potentialAction\":[{\"@type\":\"SearchAction\",\"target\":{\"@type\":\"EntryPoint\",\"urlTemplate\":\"https:\/\/wooddoor.lv\/?s={search_term_string}\"},\"query-input\":{\"@type\":\"PropertyValueSpecification\",\"valueRequired\":true,\"valueName\":\"search_term_string\"}}],\"inLanguage\":\"ru-RU\"},{\"@type\":\"Organization\",\"@id\":\"https:\/\/wooddoor.lv\/#organization\",\"name\":\"Wooddoor\",\"url\":\"https:\/\/wooddoor.lv\/\",\"logo\":{\"@type\":\"ImageObject\",\"inLanguage\":\"ru-RU\",\"@id\":\"https:\/\/wooddoor.lv\/#\/schema\/logo\/image\/\",\"url\":\"https:\/\/wooddoor.lv\/wp-content\/uploads\/2023\/08\/favicon.svg\",\"contentUrl\":\"https:\/\/wooddoor.lv\/wp-content\/uploads\/2023\/08\/favicon.svg\",\"width\":46,\"height\":46,\"caption\":\"Wooddoor\"},\"image\":{\"@id\":\"https:\/\/wooddoor.lv\/#\/schema\/logo\/image\/\"},\"sameAs\":[\"https:\/\/www.facebook.com\/wooddoors.lv\/\"]}]}<\/script>\n<!-- \/ Yoast SEO plugin. -->","yoast_head_json":{"title":"LEORA VETRO Ar Stiklu Ekofinieris - \u041c\u0430\u0433\u0430\u0437\u0438\u043d \u0434\u0432\u0435\u0440\u0435\u0439","description":"LEORA VETRO \u041e\u0441\u0442\u0435\u043a\u043b\u0435\u043d\u043d\u043e\u0435 \u042d\u043a\u043e\u0448\u043f\u043e\u043d \u043a\u043b\u0430\u0441\u0441\u0438\u0447\u0435\u0441\u043a\u0438\u0439 \u0441\u0442\u0438\u043b\u044c \u043a\u043e\u0442\u043e\u0440\u043e\u0439 \u043e\u0431\u043e\u0433\u0430\u0442\u0438\u043b\u0441\u044f \u0431\u043e\u043b\u0435\u0435 \u043b\u0435\u0433\u043a\u0438\u043c\u0438 \u0444\u043e\u0440\u043c\u0430\u043c\u0438, \u043d\u043e\u0432\u044b\u043c\u0438 \u0446\u0432\u0435\u0442\u0430\u043c\u0438.\u00a0\u0421\u0431\u0430\u043b\u0430\u043d\u0441\u0438\u0440\u043e\u0432\u0430\u043d\u043d\u0430\u044f, \u0433\u0440\u0430\u0446\u0438\u043e\u0437\u043d\u0430\u044f \u0438 \u0430\u043a\u0442\u0443\u0430\u043b\u044c\u043d\u0430\u044f","robots":{"index":"index","follow":"follow","max-snippet":"max-snippet:-1","max-image-preview":"max-image-preview:large","max-video-preview":"max-video-preview:-1"},"canonical":"https:\/\/wooddoor.lv\/ru\/product\/leora-vetro-osteklennoe-jekoshpon\/","og_locale":"ru_RU","og_type":"article","og_title":"LEORA VETRO Ar Stiklu Ekofinieris - \u041c\u0430\u0433\u0430\u0437\u0438\u043d \u0434\u0432\u0435\u0440\u0435\u0439","og_description":"LEORA VETRO \u041e\u0441\u0442\u0435\u043a\u043b\u0435\u043d\u043d\u043e\u0435 \u042d\u043a\u043e\u0448\u043f\u043e\u043d \u043a\u043b\u0430\u0441\u0441\u0438\u0447\u0435\u0441\u043a\u0438\u0439 \u0441\u0442\u0438\u043b\u044c \u043a\u043e\u0442\u043e\u0440\u043e\u0439 \u043e\u0431\u043e\u0433\u0430\u0442\u0438\u043b\u0441\u044f \u0431\u043e\u043b\u0435\u0435 \u043b\u0435\u0433\u043a\u0438\u043c\u0438 \u0444\u043e\u0440\u043c\u0430\u043c\u0438, \u043d\u043e\u0432\u044b\u043c\u0438 \u0446\u0432\u0435\u0442\u0430\u043c\u0438.\u00a0\u0421\u0431\u0430\u043b\u0430\u043d\u0441\u0438\u0440\u043e\u0432\u0430\u043d\u043d\u0430\u044f, \u0433\u0440\u0430\u0446\u0438\u043e\u0437\u043d\u0430\u044f \u0438 \u0430\u043a\u0442\u0443\u0430\u043b\u044c\u043d\u0430\u044f","og_url":"https:\/\/wooddoor.lv\/ru\/product\/leora-vetro-osteklennoe-jekoshpon\/","og_site_name":"Wooddoor - Ieejas un iek\u0161durvju veikals R\u012bg\u0101","article_publisher":"https:\/\/www.facebook.com\/wooddoors.lv\/","article_modified_time":"2024-10-14T14:36:06+00:00","og_image":[{"width":378,"height":808,"url":"https:\/\/wooddoor.lv\/wp-content\/uploads\/2023\/10\/frame-61-34.png","type":"image\/png"}],"twitter_card":"summary_large_image","twitter_misc":{"\u041f\u0440\u0438\u043c\u0435\u0440\u043d\u043e\u0435 \u0432\u0440\u0435\u043c\u044f \u0434\u043b\u044f \u0447\u0442\u0435\u043d\u0438\u044f":"1 \u043c\u0438\u043d\u0443\u0442\u0430"},"schema":{"@context":"https:\/\/schema.org","@graph":[{"@type":"WebPage","@id":"https:\/\/wooddoor.lv\/product\/leora-vetro-osteklennoe-jekoshpon\/","url":"https:\/\/wooddoor.lv\/product\/leora-vetro-osteklennoe-jekoshpon\/","name":"LEORA VETRO Ar Stiklu Ekofinieris - \u041c\u0430\u0433\u0430\u0437\u0438\u043d \u0434\u0432\u0435\u0440\u0435\u0439","isPartOf":{"@id":"https:\/\/wooddoor.lv\/#website"},"primaryImageOfPage":{"@id":"https:\/\/wooddoor.lv\/product\/leora-vetro-osteklennoe-jekoshpon\/#primaryimage"},"image":{"@id":"https:\/\/wooddoor.lv\/product\/leora-vetro-osteklennoe-jekoshpon\/#primaryimage"},"thumbnailUrl":"https:\/\/wooddoor.lv\/wp-content\/uploads\/2023\/10\/frame-61-34.png","datePublished":"2023-10-16T12:07:21+00:00","dateModified":"2024-10-14T14:36:06+00:00","description":"LEORA VETRO \u041e\u0441\u0442\u0435\u043a\u043b\u0435\u043d\u043d\u043e\u0435 \u042d\u043a\u043e\u0448\u043f\u043e\u043d \u043a\u043b\u0430\u0441\u0441\u0438\u0447\u0435\u0441\u043a\u0438\u0439 \u0441\u0442\u0438\u043b\u044c \u043a\u043e\u0442\u043e\u0440\u043e\u0439 \u043e\u0431\u043e\u0433\u0430\u0442\u0438\u043b\u0441\u044f \u0431\u043e\u043b\u0435\u0435 \u043b\u0435\u0433\u043a\u0438\u043c\u0438 \u0444\u043e\u0440\u043c\u0430\u043c\u0438, \u043d\u043e\u0432\u044b\u043c\u0438 \u0446\u0432\u0435\u0442\u0430\u043c\u0438.\u00a0\u0421\u0431\u0430\u043b\u0430\u043d\u0441\u0438\u0440\u043e\u0432\u0430\u043d\u043d\u0430\u044f, \u0433\u0440\u0430\u0446\u0438\u043e\u0437\u043d\u0430\u044f \u0438 \u0430\u043a\u0442\u0443\u0430\u043b\u044c\u043d\u0430\u044f","breadcrumb":{"@id":"https:\/\/wooddoor.lv\/product\/leora-vetro-osteklennoe-jekoshpon\/#breadcrumb"},"inLanguage":"ru-RU","potentialAction":[{"@type":"ReadAction","target":["https:\/\/wooddoor.lv\/product\/leora-vetro-osteklennoe-jekoshpon\/"]}]},{"@type":"ImageObject","inLanguage":"ru-RU","@id":"https:\/\/wooddoor.lv\/product\/leora-vetro-osteklennoe-jekoshpon\/#primaryimage","url":"https:\/\/wooddoor.lv\/wp-content\/uploads\/2023\/10\/frame-61-34.png","contentUrl":"https:\/\/wooddoor.lv\/wp-content\/uploads\/2023\/10\/frame-61-34.png","width":378,"height":808,"caption":"Iek\u0161durvis no ekofiniera Leora Vetro"},{"@type":"BreadcrumbList","@id":"https:\/\/wooddoor.lv\/product\/leora-vetro-osteklennoe-jekoshpon\/#breadcrumb","itemListElement":[{"@type":"ListItem","position":1,"name":"Galven\u0101","item":"https:\/\/wooddoor.lv\/"},{"@type":"ListItem","position":2,"name":"Pre\u010du katalogs","item":"https:\/\/wooddoor.lv\/shop\/"},{"@type":"ListItem","position":3,"name":"Iek\u0161durvis","item":"https:\/\/wooddoor.lv\/product-category\/interior-doors\/"},{"@type":"ListItem","position":4,"name":"LEORA VETRO Ar Stiklu Ekofinieris"}]},{"@type":"WebSite","@id":"https:\/\/wooddoor.lv\/#website","url":"https:\/\/wooddoor.lv\/","name":"Wooddoor - Ieejas un iek\u0161durvju veikals R\u012bg\u0101","description":"Jebkura izm\u0113ra durvis, daudz kr\u0101su un mode\u013cu. Bezmaksas pieg\u0101de R\u012bgas robe\u017e\u0101s.","publisher":{"@id":"https:\/\/wooddoor.lv\/#organization"},"potentialAction":[{"@type":"SearchAction","target":{"@type":"EntryPoint","urlTemplate":"https:\/\/wooddoor.lv\/?s={search_term_string}"},"query-input":{"@type":"PropertyValueSpecification","valueRequired":true,"valueName":"search_term_string"}}],"inLanguage":"ru-RU"},{"@type":"Organization","@id":"https:\/\/wooddoor.lv\/#organization","name":"Wooddoor","url":"https:\/\/wooddoor.lv\/","logo":{"@type":"ImageObject","inLanguage":"ru-RU","@id":"https:\/\/wooddoor.lv\/#\/schema\/logo\/image\/","url":"https:\/\/wooddoor.lv\/wp-content\/uploads\/2023\/08\/favicon.svg","contentUrl":"https:\/\/wooddoor.lv\/wp-content\/uploads\/2023\/08\/favicon.svg","width":46,"height":46,"caption":"Wooddoor"},"image":{"@id":"https:\/\/wooddoor.lv\/#\/schema\/logo\/image\/"},"sameAs":["https:\/\/www.facebook.com\/wooddoors.lv\/"]}]}},"_links":{"self":[{"href":"https:\/\/wooddoor.lv\/ru\/wp-json\/wp\/v2\/product\/4567","targetHints":{"allow":["GET"]}}],"collection":[{"href":"https:\/\/wooddoor.lv\/ru\/wp-json\/wp\/v2\/product"}],"about":[{"href":"https:\/\/wooddoor.lv\/ru\/wp-json\/wp\/v2\/types\/product"}],"version-history":[{"count":0,"href":"https:\/\/wooddoor.lv\/ru\/wp-json\/wp\/v2\/product\/4567\/revisions"}],"wp:featuredmedia":[{"embeddable":true,"href":"https:\/\/wooddoor.lv\/ru\/wp-json\/wp\/v2\/media\/4571"}],"wp:attachment":[{"href":"https:\/\/wooddoor.lv\/ru\/wp-json\/wp\/v2\/media?parent=4567"}],"wp:term":[{"taxonomy":"product_brand","embeddable":true,"href":"https:\/\/wooddoor.lv\/ru\/wp-json\/wp\/v2\/product_brand?post=4567"},{"taxonomy":"product_cat","embeddable":true,"href":"https:\/\/wooddoor.lv\/ru\/wp-json\/wp\/v2\/product_cat?post=4567"},{"taxonomy":"product_tag","embeddable":true,"href":"https:\/\/wooddoor.lv\/ru\/wp-json\/wp\/v2\/product_tag?post=4567"}],"curies":[{"name":"wp","href":"https:\/\/api.w.org\/{rel}","templated":true}]}}